{"id":4243,"date":"2019-11-08T11:24:39","date_gmt":"2019-11-08T11:24:39","guid":{"rendered":"http:\/\/advertiser.sitecontrol.at\/albus\/rent-a-bus\/formular\/"},"modified":"2019-11-08T12:12:20","modified_gmt":"2019-11-08T12:12:20","slug":"form","status":"publish","type":"page","link":"https:\/\/albus.at\/en\/form\/","title":{"rendered":"Form"},"content":{"rendered":"<div id=\"pl-4243\"  class=\"panel-layout\" ><div id=\"pg-4243-0\"  class=\"panel-grid panel-no-style\" ><div id=\"pgc-4243-0-0\"  class=\"panel-grid-cell\" ><div id=\"panel-4243-0-0-0\" class=\"so-panel widget widget_dr-richard-page-header panel-first-child panel-last-child\" data-index=\"0\" ><div\n\t\t\t\n\t\t\tclass=\"so-widget-dr-richard-page-header so-widget-dr-richard-page-header-default-40cd750bba98-4243\"\n\t\t\t\n\t\t><div>\n    <div class=\"page-header-container\" style=\"background-image: linear-gradient(rgba(0, 0, 0, 0.3), rgba(0, 0, 0, 0.3)), url('https:\/\/albus.at\/wp-content\/uploads\/2019\/11\/Reisbus_c-Albus_G_150dpi_60-e1573031871796.jpg')\">\n        <div class=\"page-header-bottomleft\">\n            <h2><span>Rent a bus enquiry<\/span><\/h2>\n            <div class=\"page-header-description\"><p>Choose from our wide range of buses.<\/p>\n<\/div>\n        <\/div>\n    <\/div>\n<\/div><\/div><\/div><\/div><\/div><div id=\"pg-4243-1\"  class=\"panel-grid panel-has-style\" ><div class=\"panel-row-style panel-row-style-for-4243-1\" ><div id=\"pgc-4243-1-0\"  class=\"panel-grid-cell\" ><div id=\"panel-4243-1-0-0\" class=\"so-panel widget widget_sow-editor panel-first-child panel-last-child\" data-index=\"1\" ><div\n\t\t\t\n\t\t\tclass=\"so-widget-sow-editor so-widget-sow-editor-base\"\n\t\t\t\n\t\t>\n<div class=\"siteorigin-widget-tinymce textwidget\">\n\t\n<div class=\"wpcf7 no-js\" id=\"wpcf7-f3503-o1\" lang=\"de-DE\" dir=\"ltr\" data-wpcf7-id=\"3503\">\n<div class=\"screen-reader-response\"><p role=\"status\" aria-live=\"polite\" aria-atomic=\"true\"><\/p> <ul><\/ul><\/div>\n<form action=\"\/en\/wp-json\/wp\/v2\/pages\/4243#wpcf7-f3503-o1\" method=\"post\" class=\"wpcf7-form init\" aria-label=\"Kontaktformular\" novalidate=\"novalidate\" data-status=\"init\">\n<fieldset class=\"hidden-fields-container\"><input type=\"hidden\" name=\"_wpcf7\" value=\"3503\" \/><input type=\"hidden\" name=\"_wpcf7_version\" value=\"6.1.5\" \/><input type=\"hidden\" name=\"_wpcf7_locale\" value=\"de_DE\" \/><input type=\"hidden\" name=\"_wpcf7_unit_tag\" value=\"wpcf7-f3503-o1\" \/><input type=\"hidden\" name=\"_wpcf7_container_post\" value=\"0\" \/><input type=\"hidden\" name=\"_wpcf7_posted_data_hash\" value=\"\" \/>\n<\/fieldset>\n<div class=\"container-fluid bus-form\" id=\"bus-form\">\n\t<div class=\"row justify-content-start\">\n\t\t<div class=\"col-6 col-sm-6 col-md-3 form-tab left active tab-left\" onclick=\"jQuery('.tab-right').removeClass('active');jQuery(this).addClass('active');jQuery('.form-type-richard').val('easy').trigger('change');\">\n\t\t\t<p><span>One-way journey<\/span><span class=\"wpcf7-form-control-wrap\" data-name=\"form-type-richard\"><input size=\"40\" maxlength=\"400\" class=\"wpcf7-form-control wpcf7-text form-type-richard hidden\" aria-invalid=\"false\" value=\"easy\" type=\"text\" name=\"form-type-richard\" \/><\/span>\n\t\t\t<\/p>\n\t\t<\/div>\n\t\t<div class=\"col-6 col-sm-6 col-md-3 form-tab tab-right\" onclick=\"jQuery('.tab-left').removeClass('active');jQuery(this).addClass('active');jQuery('.form-type-richard').val('advanced').trigger('change');\">\n\t\t\t<p><span>Return journey<\/span>\n\t\t\t<\/p>\n\t\t<\/div>\n\t<\/div>\n<\/div>\n<div class=\"container-fluid bus-form form-body form-step-1\">\n\t<div class=\"row pt-1 pb-2\">\n\t\t<div class=\"col-md-6\">\n\t\t\t<p><label>Number of persons*<\/label><span class=\"wpcf7-form-control-wrap\" data-name=\"Personenanzahl\"><input size=\"40\" maxlength=\"400\" class=\"wpcf7-form-control wpcf7-text wpcf7-validates-as-required form-full-width form-control\" id=\"text-383\" aria-required=\"true\" aria-invalid=\"false\" placeholder=\"e.g. 45\" value=\"\" type=\"text\" name=\"Personenanzahl\" \/><\/span> [honeypot numberpersons] [honeypot date]\n\t\t\t<\/p>\n\t\t<\/div>\n\t\t<div class=\"col-md-6\">\n\t\t\t<p><label>Departure date and time*<\/label><span class=\"wpcf7-form-control-wrap\" data-name=\"AbfahrtsZeitUndDatum\"><input size=\"40\" maxlength=\"400\" class=\"wpcf7-form-control wpcf7-text wpcf7-validates-as-required datetimepicker form-full-width form-control\" id=\"date_timepicker_start\" aria-required=\"true\" aria-invalid=\"false\" placeholder=\"04.05.2020 09:00\" value=\"\" type=\"text\" name=\"AbfahrtsZeitUndDatum\" \/><\/span>\n\t\t\t<\/p>\n\t\t<\/div>\n\t<\/div>\n\t<div class=\"row pt-1 pb-2\">\n\t\t<div class=\"col-md-6\">\n\t\t\t<p><label>Departure point*<\/label>[address_geo_autocomplete* Abfahrtsort id:address_geo_autocomplete-211 class:form-full-width class:form-control]\n\t\t\t<\/p>\n\t\t<\/div>\n\t\t<div class=\"col-md-6\">\n\t\t\t<p><label>Travel destination*<\/label>[address_geo_autocomplete* Reiseziel id:address_geo_autocomplete-216 class:form-full-width class:form-control]\n\t\t\t<\/p>\n\t\t<\/div>\n\t<\/div>\n\t<p>[group advanced]\n\t<\/p>\n\t<div class=\"row pt-1 pb-2\">\n\t\t<div class=\"col-md-6\" style=\"text-align:center\">\n\t\t<\/div>\n\t\t<div class=\"col-md-6\">\n\t\t\t<div style=\"text-align: center\">\n\t\t\t\t<p><span class=\"wpcf7-form-control-wrap\" data-name=\"MehrereZiele\"><span class=\"wpcf7-form-control wpcf7-checkbox\"><span class=\"wpcf7-list-item first last\"><input type=\"checkbox\" name=\"MehrereZiele[]\" value=\"Multiple travel destinations?\" \/><span class=\"wpcf7-list-item-label\">Multiple travel destinations?<\/span><\/span><\/span><\/span>\n\t\t\t\t<\/p>\n\t\t\t<\/div>\n\t\t\t<p>[group program]<br \/>\n<label>Travel itinerary*<\/label><span class=\"wpcf7-form-control-wrap\" data-name=\"Zwischenziele\"><textarea cols=\"40\" rows=\"2\" maxlength=\"2000\" class=\"wpcf7-form-control wpcf7-textarea wpcf7-validates-as-required form-full-width form-control\" aria-required=\"true\" aria-invalid=\"false\" placeholder=\"Stops en route, dates, etc.\" name=\"Zwischenziele\"><\/textarea><\/span>[\/group]\n\t\t\t<\/p>\n\t\t<\/div>\n\t<\/div>\n\t<div class=\"row pt-1 pb-2\">\n\t\t<div class=\"col-md-6\">\n\t\t\t<p><label>Arrival date and time*<\/label><span class=\"wpcf7-form-control-wrap\" data-name=\"AnkunftsZeit\"><input size=\"40\" maxlength=\"400\" class=\"wpcf7-form-control wpcf7-text wpcf7-validates-as-required datetimepicker form-full-width form-control\" id=\"date_timepicker_end\" aria-required=\"true\" aria-invalid=\"false\" placeholder=\"04.05.2020 09:00\" value=\"\" type=\"text\" name=\"AnkunftsZeit\" \/><\/span>\n\t\t\t<\/p>\n\t\t<\/div>\n\t\t<div class=\"col-md-6\">\n\t\t\t<p><label>Arrival point*<\/label>[address_geo_autocomplete* Ankunftsort id:address_geo_autocomplete-212 class:form-full-width class:form-control]\n\t\t\t<\/p>\n\t\t<\/div>\n\t<\/div>\n\t<p>[\/group]\n\t<\/p>\n\t<div class=\"row\">\n <!--<div class=\"col-md-12 pt-1 pb-2\">\n            <label>D\u00fcrfen wir auch ein Alternativangebot f\u00fcr unsere Premium Class zusenden?<\/label>\n        <\/div>\n        <div class=\"col-md-6 pt-1 pb-2\" style=\"text-align: center\">\n            <div class=\"form-bus-selector\" style=\"margin:0; padding: 0; position: relative;\"><span class=\"wpcf7-form-control-wrap\" data-name=\"checkbox-140\"><span class=\"wpcf7-form-control wpcf7-checkbox wpcf7-exclusive-checkbox\"><span class=\"wpcf7-list-item first last\"><input type=\"checkbox\" name=\"checkbox-140\" value=\"Bitte mit Angebot f\u00fcr die Premium Class\" \/><span class=\"wpcf7-list-item-label\">Bitte mit Angebot f\u00fcr die Premium Class<\/span><\/span><\/span><\/span>\n                <label><img loading=\"lazy\" decoding=\"async\" width=\"300\" height=\"125\" src=\"https:\/\/richard.at\/wp-content\/uploads\/2018\/06\/AR3770-premium-freigestellt-300x125.png\" class=\"img-fluid wp-post-image\" alt=\"Foto von Premium Bus\" srcset=\"https:\/\/richard.at\/wp-content\/uploads\/2018\/06\/AR3770-premium-freigestellt-300x125.png 300w, https:\/\/richard.at\/wp-content\/uploads\/2018\/06\/AR3770-premium-freigestellt.png 500w\" sizes=\"auto, (max-width: 300px) 100vw, 300px\" title=\"\" style=\"\"><\/label>\n            <\/div>\n            <button type=\"button\" class=\"bus-modal-button drrichard-btn\" style=\"margin: 5px;\" data-toggle=\"modal\" data-target=\"#bus-408\" onclick=\"return false;\">Mehr Informationen<\/button>\n        <\/div>-->\n\t\t<div class=\"col-md-6 pt-1 pb-2\">\n\t\t\t<p>[group bus-type]<br \/>\n<label>Gew\u00fcnschtes Busmodell<\/label><span class=\"wpcf7-form-control-wrap\" data-name=\"bustyp\"><input size=\"40\" maxlength=\"400\" class=\"wpcf7-form-control wpcf7-text form-full-width form-control\" id=\"bus-model-contact-form\" readonly=\"readonly\" aria-invalid=\"false\" value=\"\" type=\"text\" name=\"bustyp\" \/><\/span>[\/group]\n\t\t\t<\/p>\n\t\t<\/div>\n\t<\/div>\n<\/div>\n<div class=\"modal fade\" id=\"bus-408\" role=\"dialog\" style=\"display: none;\" aria-hidden=\"true\">\n\t<div class=\"modal-dialog\">\n <!-- Modal content-->\n\t\t<div class=\"modal-content\">\n\t\t\t<div class=\"modal-header\">\n\t\t\t\t<h4 class=\"modal-title\">Number One Premium Class\n\t\t\t\t<\/h4>\n\t\t\t\t<p><button type=\"button\" class=\"close\" data-dismiss=\"modal\">\u00d7<\/button>\n\t\t\t\t<\/p>\n\t\t\t<\/div>\n\t\t\t<div class=\"modal-body pa-3\">\n\t\t\t\t<p><img loading=\"lazy\" decoding=\"async\" width=\"300\" height=\"125\" src=\"https:\/\/richard.at\/wp-content\/uploads\/2018\/06\/AR3770-premium-freigestellt-300x125.png\" class=\"img-fluid wp-post-image\" alt=\"Foto von Premium Bus\" srcset=\"https:\/\/richard.at\/wp-content\/uploads\/2018\/06\/AR3770-premium-freigestellt-300x125.png 300w, https:\/\/richard.at\/wp-content\/uploads\/2018\/06\/AR3770-premium-freigestellt.png 500w\" sizes=\"auto, (max-width: 300px) 100vw, 300px\" title=\"\" style=\"\" \/>\n\t\t\t\t<\/p>\n\t\t\t\t<h5>Beschreibung:\n\t\t\t\t<\/h5>\n\t\t\t\t<div id=\"pl-408\" class=\"panel-layout\">\n\t\t\t\t\t<div id=\"pg-408-0\" class=\"panel-grid panel-no-style\">\n\t\t\t\t\t\t<div id=\"pgc-408-0-0\" class=\"panel-grid-cell\">\n\t\t\t\t\t\t\t<div id=\"panel-408-0-0-0\" class=\"so-panel widget widget_sow-editor panel-first-child\">\n\t\t\t\t\t\t\t\t<div class=\"so-widget-sow-editor so-widget-sow-editor-base\">\n\t\t\t\t\t\t\t\t\t<div class=\"siteorigin-widget-tinymce textwidget\">\n\t\t\t\t\t\t\t\t\t\t<p>Jeder Platz ist erste Klasse!\n\t\t\t\t\t\t\t\t\t\t<\/p>\n\t\t\t\t\t\t\t\t\t\t<div class=\"row\">\n\t\t\t\t\t\t\t\t\t\t\t<div class=\"col-sm-6\">\n\t\t\t\t\t\t\t\t\t\t\t\t<ul class=\"dr-richard\">\n\t\t\t\t\t\t\t\t\t\t\t\t\t<li>\n\t\t\t\t\t\t\t\t\t\t\t\t\t\t<p>2+1 Bestuhlung\n\t\t\t\t\t\t\t\t\t\t\t\t\t\t<\/p>\n\t\t\t\t\t\t\t\t\t\t\t\t\t<\/li>\n\t\t\t\t\t\t\t\t\t\t\t\t\t<li>\n\t\t\t\t\t\t\t\t\t\t\t\t\t\t<p>gro\u00dfer Sitzabstand\n\t\t\t\t\t\t\t\t\t\t\t\t\t\t<\/p>\n\t\t\t\t\t\t\t\t\t\t\t\t\t<\/li>\n\t\t\t\t\t\t\t\t\t\t\t\t\t<li>\n\t\t\t\t\t\t\t\t\t\t\t\t\t\t<p>viel Beinfreiheit\n\t\t\t\t\t\t\t\t\t\t\t\t\t\t<\/p>\n\t\t\t\t\t\t\t\t\t\t\t\t\t<\/li>\n\t\t\t\t\t\t\t\t\t\t\t\t\t<li>\n\t\t\t\t\t\t\t\t\t\t\t\t\t\t<p>1 Sitzgruppe zu je 2 bzw. 1 Sitzgruppe zu je 4 Sitzpl\u00e4tzen mit einem Tisch dazwischen\n\t\t\t\t\t\t\t\t\t\t\t\t\t\t<\/p>\n\t\t\t\t\t\t\t\t\t\t\t\t\t<\/li>\n\t\t\t\t\t\t\t\t\t\t\t\t\t<li>\n\t\t\t\t\t\t\t\t\t\t\t\t\t\t<p>Lounge-Bereich mit 6 Sitzpl\u00e4tzen inkl. Tisch im Heckbereich\n\t\t\t\t\t\t\t\t\t\t\t\t\t\t<\/p>\n\t\t\t\t\t\t\t\t\t\t\t\t\t<\/li>\n\t\t\t\t\t\t\t\t\t\t\t\t\t<li>\n\t\t\t\t\t\t\t\t\t\t\t\t\t\t<p>Klapptische\n\t\t\t\t\t\t\t\t\t\t\t\t\t\t<\/p>\n\t\t\t\t\t\t\t\t\t\t\t\t\t<\/li>\n\t\t\t\t\t\t\t\t\t\t\t\t\t<li>\n\t\t\t\t\t\t\t\t\t\t\t\t\t\t<p>einstellbare Fu\u00dfst\u00fctzen\n\t\t\t\t\t\t\t\t\t\t\t\t\t\t<\/p>\n\t\t\t\t\t\t\t\t\t\t\t\t\t<\/li>\n\t\t\t\t\t\t\t\t\t\t\t\t\t<li>\n\t\t\t\t\t\t\t\t\t\t\t\t\t\t<p>Edler Holzfu\u00dfboden\n\t\t\t\t\t\t\t\t\t\t\t\t\t\t<\/p>\n\t\t\t\t\t\t\t\t\t\t\t\t\t<\/li>\n\t\t\t\t\t\t\t\t\t\t\t\t\t<li>\n\t\t\t\t\t\t\t\t\t\t\t\t\t\t<p>LED-Leselampen\n\t\t\t\t\t\t\t\t\t\t\t\t\t\t<\/p>\n\t\t\t\t\t\t\t\t\t\t\t\t\t<\/li>\n\t\t\t\t\t\t\t\t\t\t\t\t\t<li>\n\t\t\t\t\t\t\t\t\t\t\t\t\t\t<p>Steckdose an jedem Platz\n\t\t\t\t\t\t\t\t\t\t\t\t\t\t<\/p>\n\t\t\t\t\t\t\t\t\t\t\t\t\t<\/li>\n\t\t\t\t\t\t\t\t\t\t\t\t<\/ul>\n\t\t\t\t\t\t\t\t\t\t\t<\/div>\n\t\t\t\t\t\t\t\t\t\t\t<div class=\"col-sm-6\">\n\t\t\t\t\t\t\t\t\t\t\t\t<ul class=\"dr-richard\">\n\t\t\t\t\t\t\t\t\t\t\t\t\t<li>\n\t\t\t\t\t\t\t\t\t\t\t\t\t\t<p>DVD-Anlage (5 Monitore)\n\t\t\t\t\t\t\t\t\t\t\t\t\t\t<\/p>\n\t\t\t\t\t\t\t\t\t\t\t\t\t<\/li>\n\t\t\t\t\t\t\t\t\t\t\t\t\t<li>\n\t\t\t\t\t\t\t\t\t\t\t\t\t\t<p>Sat-TV\n\t\t\t\t\t\t\t\t\t\t\t\t\t\t<\/p>\n\t\t\t\t\t\t\t\t\t\t\t\t\t<\/li>\n\t\t\t\t\t\t\t\t\t\t\t\t\t<li>\n\t\t\t\t\t\t\t\t\t\t\t\t\t\t<p>W-LAN\n\t\t\t\t\t\t\t\t\t\t\t\t\t\t<\/p>\n\t\t\t\t\t\t\t\t\t\t\t\t\t<\/li>\n\t\t\t\t\t\t\t\t\t\t\t\t\t<li>\n\t\t\t\t\t\t\t\t\t\t\t\t\t\t<p>CD-Radio\/GPS-Navigationssystem\n\t\t\t\t\t\t\t\t\t\t\t\t\t\t<\/p>\n\t\t\t\t\t\t\t\t\t\t\t\t\t<\/li>\n\t\t\t\t\t\t\t\t\t\t\t\t\t<li>\n\t\t\t\t\t\t\t\t\t\t\t\t\t\t<p>Bordk\u00fcche\n\t\t\t\t\t\t\t\t\t\t\t\t\t\t<\/p>\n\t\t\t\t\t\t\t\t\t\t\t\t\t<\/li>\n\t\t\t\t\t\t\t\t\t\t\t\t\t<li>\n\t\t\t\t\t\t\t\t\t\t\t\t\t\t<p>Espresso-Maschine\n\t\t\t\t\t\t\t\t\t\t\t\t\t\t<\/p>\n\t\t\t\t\t\t\t\t\t\t\t\t\t<\/li>\n\t\t\t\t\t\t\t\t\t\t\t\t\t<li>\n\t\t\t\t\t\t\t\t\t\t\t\t\t\t<p>Bierzapfanlage\n\t\t\t\t\t\t\t\t\t\t\t\t\t\t<\/p>\n\t\t\t\t\t\t\t\t\t\t\t\t\t<\/li>\n\t\t\t\t\t\t\t\t\t\t\t\t\t<li>\n\t\t\t\t\t\t\t\t\t\t\t\t\t\t<p>K\u00fchlungsm\u00f6glichkeiten f\u00fcr Getr\u00e4nke, K\u00fchlschrank\n\t\t\t\t\t\t\t\t\t\t\t\t\t\t<\/p>\n\t\t\t\t\t\t\t\t\t\t\t\t\t<\/li>\n\t\t\t\t\t\t\t\t\t\t\t\t\t<li>\n\t\t\t\t\t\t\t\t\t\t\t\t\t\t<p>Klimaanlage\n\t\t\t\t\t\t\t\t\t\t\t\t\t\t<\/p>\n\t\t\t\t\t\t\t\t\t\t\t\t\t<\/li>\n\t\t\t\t\t\t\t\t\t\t\t\t\t<li>\n\t\t\t\t\t\t\t\t\t\t\t\t\t\t<p>Standheizung\n\t\t\t\t\t\t\t\t\t\t\t\t\t\t<\/p>\n\t\t\t\t\t\t\t\t\t\t\t\t\t<\/li>\n\t\t\t\t\t\t\t\t\t\t\t\t\t<li>\n\t\t\t\t\t\t\t\t\t\t\t\t\t\t<p>Bordtoilette\n\t\t\t\t\t\t\t\t\t\t\t\t\t\t<\/p>\n\t\t\t\t\t\t\t\t\t\t\t\t\t<\/li>\n\t\t\t\t\t\t\t\t\t\t\t\t\t<li>\n\t\t\t\t\t\t\t\t\t\t\t\t\t\t<p>Mikrofon\n\t\t\t\t\t\t\t\t\t\t\t\t\t\t<\/p>\n\t\t\t\t\t\t\t\t\t\t\t\t\t<\/li>\n\t\t\t\t\t\t\t\t\t\t\t\t<\/ul>\n\t\t\t\t\t\t\t\t\t\t\t<\/div>\n\t\t\t\t\t\t\t\t\t\t<\/div>\n\t\t\t\t\t\t\t\t\t<hr \/>\n\t\t\t\t\t\t\t\t\t\t<h4>Sitzspiegel:\n\t\t\t\t\t\t\t\t\t\t<\/h4>\n\t\t\t\t\t\t\t\t\t\t<p><img loading=\"lazy\" decoding=\"async\" class=\"alignnone size-full wp-image-154\" src=\"https:\/\/richard.at\/wp-content\/uploads\/2018\/06\/Capture-1.png\" alt=\"Sitzspiegel\" width=\"644\" height=\"406\" \/><br \/>\n\t\t\t\t\t\t\t\t\t\t<hr \/>\n\t\t\t\t\t\t\t\t\t\t<\/p>\n\t\t\t\t\t\t\t\t\t<\/div>\n\t\t\t\t\t\t\t\t<\/div>\n\t\t\t\t\t\t\t<\/div>\n\t\t\t\t\t\t<\/div>\n\t\t\t\t\t<\/div>\n\t\t\t\t<\/div>\n\t\t\t<\/div>\n\t\t<\/div>\n\t<\/div>\n<\/div>\n<div class=\"container-fluid bus-form form-body hidden form-step-2\">\n\t<div class=\"row pt-1 pb-2\">\n\t\t<div class=\"col-md-6\">\n\t\t\t<p><label>First and Last name*<\/label><span class=\"wpcf7-form-control-wrap\" data-name=\"personenname\"><input size=\"40\" maxlength=\"400\" class=\"wpcf7-form-control wpcf7-text wpcf7-validates-as-required form-full-width form-control\" aria-required=\"true\" aria-invalid=\"false\" placeholder=\"Max Mustermann\" value=\"\" type=\"text\" name=\"personenname\" \/><\/span>\n\t\t\t<\/p>\n\t\t<\/div>\n\t\t<div class=\"col-md-6\">\n\t\t\t<p><label>Company<\/label><span class=\"wpcf7-form-control-wrap\" data-name=\"firma\"><input size=\"40\" maxlength=\"400\" class=\"wpcf7-form-control wpcf7-text form-full-width form-control\" aria-invalid=\"false\" placeholder=\"Firma Anschrift\" value=\"\" type=\"text\" name=\"firma\" \/><\/span>\n\t\t\t<\/p>\n\t\t<\/div>\n\t<\/div>\n\t<div class=\"row pt-1 pb-2\">\n\t\t<div class=\"col-md-6\">\n\t\t\t<p><label>Email*<\/label><span class=\"wpcf7-form-control-wrap\" data-name=\"email\"><input size=\"40\" maxlength=\"400\" class=\"wpcf7-form-control wpcf7-email wpcf7-validates-as-required wpcf7-text wpcf7-validates-as-email form-full-width form-control\" id=\"email-246\" aria-required=\"true\" aria-invalid=\"false\" placeholder=\"max.mustermann@albus.at\" value=\"\" type=\"email\" name=\"email\" \/><\/span>\n\t\t\t<\/p>\n\t\t<\/div>\n\t\t<div class=\"col-md-6\">\n\t\t\t<p><label>Phone number*<\/label><span class=\"wpcf7-form-control-wrap\" data-name=\"tel\"><input size=\"40\" maxlength=\"400\" class=\"wpcf7-form-control wpcf7-tel wpcf7-validates-as-required wpcf7-text wpcf7-validates-as-tel form-full-width form-control\" id=\"tel-703\" aria-required=\"true\" aria-invalid=\"false\" placeholder=\"+4312345678\" value=\"\" type=\"tel\" name=\"tel\" \/><\/span>\n\t\t\t<\/p>\n\t\t<\/div>\n\t<\/div>\n\t<div class=\"row pt-1 pb-2\">\n\t\t<div class=\"col-md-6\">\n\t\t\t<p><label>Do you have a message for Albus?<\/label><span class=\"wpcf7-form-control-wrap\" data-name=\"nachricht\"><textarea cols=\"40\" rows=\"2\" maxlength=\"2000\" class=\"wpcf7-form-control wpcf7-textarea form-full-width form-control\" aria-invalid=\"false\" name=\"nachricht\"><\/textarea><\/span>\n\t\t\t<\/p>\n\t\t<\/div>\n\t\t<div class=\"col-md-6 pt-4\">\n\t\t\t<p><span class=\"wpcf7-form-control-wrap\" data-name=\"acceptance-646\"><span class=\"wpcf7-form-control wpcf7-acceptance\"><span class=\"wpcf7-list-item\"><label><input type=\"checkbox\" name=\"acceptance-646\" value=\"1\" aria-invalid=\"false\" \/><span class=\"wpcf7-list-item-label\">I have read the <a href=\"https:\/\/advertiser.sitecontrol.at\/en\/datenschutz\/\" target=\"_blank\">data privacy<\/a> statement and agree to the processing of the data provided.<\/span><\/label><\/span><\/span><\/span><span class=\"wpcf7-form-control-wrap\" data-name=\"acceptance-646\"><span class=\"wpcf7-form-control wpcf7-acceptance\"><span class=\"wpcf7-list-item\"><label><input type=\"checkbox\" name=\"acceptance-646\" value=\"1\" aria-invalid=\"false\" \/><span class=\"wpcf7-list-item-label\">I have read the <a href=\"https:\/\/advertiser.sitecontrol.at\/en\/fahrgastrechte\/\" target=\"_blank\">passenger rights<\/a>. gelesen.<\/span><\/label><\/span><\/span><\/span>\n\t\t\t<\/p>\n\t\t<\/div>\n\t<\/div>\n<\/div>\n<div class=\"container bus-form form-step-1-btn\">\n\t<div class=\"row pa-1\">\n\t\t<div class=\"col-md-9\">\n\t\t<\/div>\n\t\t<div class=\"col-md-3\">\n\t\t\t<p><button class=\"form-full-width drrichard-btn\" onclick=\"jQuery('.form-step-1').hide(1000);jQuery('.form-step-1-btn').hide(1000);jQuery('.form-step-2').show(1000);jQuery('.form-step-2-btn').show(1000); return false;\">Next step<\/button>\n\t\t\t<\/p>\n\t\t<\/div>\n\t<\/div>\n<\/div>\n<div class=\"container bus-form hidden form-step-2-btn\">\n\t<div class=\"row pa-1\">\n\t\t<div class=\"col-md-3\">\n\t\t\t<p><button class=\"form-full-width drrichard-btn\" onclick=\"jQuery('.form-step-2').hide(1000);jQuery('.form-step-2-btn').hide(1000);jQuery('.form-step-1').show(1000);jQuery('.form-step-1-btn').show(1000); return false;\">Back<\/button>\n\t\t\t<\/p>\n\t\t<\/div>\n\t\t<div class=\"col-md-6\">\n\t\t\t<p><input class=\"wpcf7-form-control wpcf7-submit has-spinner form-control form-full-width drrichard-btn colorblack-btn\" type=\"submit\" value=\"Request a bus\" \/>\n\t\t\t<\/p>\n\t\t<\/div>\n\t<\/div>\n<\/div><input type='hidden' class='wpcf7-pum' value='{\"closepopup\":false,\"closedelay\":0,\"openpopup\":false,\"openpopup_id\":0}' \/><div class=\"wpcf7-response-output\" aria-hidden=\"true\"><\/div>\n<\/form>\n<\/div>\n\n<\/div>\n<\/div><\/div><\/div><\/div><\/div><\/div>","protected":false},"excerpt":{"rendered":"<p>Rent a bus enquiry Choose from our wide range of buses. One-way journey Return journey Number of persons* [honeypot numberpersons] [honeypot date] Departure date and time* Departure point*[address_geo_autocomplete* Abfahrtsort id:address_geo_autocomplete-211 class:form-full-width class:form-control] Travel destination*[address_geo_autocomplete* Reiseziel id:address_geo_autocomplete-216 class:form-full-width class:form-control] [group advanced] Multiple travel destinations? [group program] Travel itinerary*[\/group] Arrival date and time* Arrival point*[address_geo_autocomplete* Ankunftsort id:address_geo_autocomplete-212 [&hellip;]<\/p>\n","protected":false},"author":31,"featured_media":0,"parent":0,"menu_order":0,"comment_status":"closed","ping_status":"closed","template":"","meta":{"footnotes":""},"class_list":["post-4243","page","type-page","status-publish","hentry"],"yoast_head":"<!-- This site is optimized with the Yoast SEO plugin v27.4 - https:\/\/yoast.com\/product\/yoast-seo-wordpress\/ -->\n<title>Form - Albus<\/title>\n<meta name=\"robots\" content=\"noindex, follow\" \/>\n<meta property=\"og:locale\" content=\"en_US\" \/>\n<meta property=\"og:type\" content=\"article\" \/>\n<meta property=\"og:title\" content=\"Form - Albus\" \/>\n<meta property=\"og:description\" content=\"Rent a bus enquiry Choose from our wide range of buses. One-way journey Return journey Number of persons* [honeypot numberpersons] [honeypot date] Departure date and time* Departure point*[address_geo_autocomplete* Abfahrtsort id:address_geo_autocomplete-211 class:form-full-width class:form-control] Travel destination*[address_geo_autocomplete* Reiseziel id:address_geo_autocomplete-216 class:form-full-width class:form-control] [group advanced] Multiple travel destinations? [group program] Travel itinerary*[\/group] Arrival date and time* Arrival point*[address_geo_autocomplete* Ankunftsort id:address_geo_autocomplete-212 [&hellip;]\" \/>\n<meta property=\"og:url\" content=\"https:\/\/albus.at\/en\/form\/\" \/>\n<meta property=\"og:site_name\" content=\"Albus\" \/>\n<meta property=\"article:modified_time\" content=\"2019-11-08T12:12:20+00:00\" \/>\n<meta name=\"twitter:card\" content=\"summary_large_image\" \/>\n<script type=\"application\/ld+json\" class=\"yoast-schema-graph\">{\"@context\":\"https:\\\/\\\/schema.org\",\"@graph\":[{\"@type\":\"WebPage\",\"@id\":\"https:\\\/\\\/albus.at\\\/en\\\/form\\\/\",\"url\":\"https:\\\/\\\/albus.at\\\/en\\\/form\\\/\",\"name\":\"Form - Albus\",\"isPartOf\":{\"@id\":\"https:\\\/\\\/albus.at\\\/en\\\/#website\"},\"datePublished\":\"2019-11-08T11:24:39+00:00\",\"dateModified\":\"2019-11-08T12:12:20+00:00\",\"breadcrumb\":{\"@id\":\"https:\\\/\\\/albus.at\\\/en\\\/form\\\/#breadcrumb\"},\"inLanguage\":\"en-US\",\"potentialAction\":[{\"@type\":\"ReadAction\",\"target\":[\"https:\\\/\\\/albus.at\\\/en\\\/form\\\/\"]}]},{\"@type\":\"BreadcrumbList\",\"@id\":\"https:\\\/\\\/albus.at\\\/en\\\/form\\\/#breadcrumb\",\"itemListElement\":[{\"@type\":\"ListItem\",\"position\":1,\"name\":\"Startseite\",\"item\":\"https:\\\/\\\/albus.at\\\/en\\\/\"},{\"@type\":\"ListItem\",\"position\":2,\"name\":\"Form\"}]},{\"@type\":\"WebSite\",\"@id\":\"https:\\\/\\\/albus.at\\\/en\\\/#website\",\"url\":\"https:\\\/\\\/albus.at\\\/en\\\/\",\"name\":\"Albus\",\"description\":\"\",\"publisher\":{\"@id\":\"https:\\\/\\\/albus.at\\\/en\\\/#organization\"},\"potentialAction\":[{\"@type\":\"SearchAction\",\"target\":{\"@type\":\"EntryPoint\",\"urlTemplate\":\"https:\\\/\\\/albus.at\\\/en\\\/?s={search_term_string}\"},\"query-input\":{\"@type\":\"PropertyValueSpecification\",\"valueRequired\":true,\"valueName\":\"search_term_string\"}}],\"inLanguage\":\"en-US\"},{\"@type\":\"Organization\",\"@id\":\"https:\\\/\\\/albus.at\\\/en\\\/#organization\",\"name\":\"Albus\",\"url\":\"https:\\\/\\\/albus.at\\\/en\\\/\",\"logo\":{\"@type\":\"ImageObject\",\"inLanguage\":\"en-US\",\"@id\":\"https:\\\/\\\/albus.at\\\/en\\\/#\\\/schema\\\/logo\\\/image\\\/\",\"url\":\"https:\\\/\\\/albus.at\\\/wp-content\\\/uploads\\\/2021\\\/08\\\/cropped-lg4-1-e1630057573669.png\",\"contentUrl\":\"https:\\\/\\\/albus.at\\\/wp-content\\\/uploads\\\/2021\\\/08\\\/cropped-lg4-1-e1630057573669.png\",\"width\":250,\"height\":58,\"caption\":\"Albus\"},\"image\":{\"@id\":\"https:\\\/\\\/albus.at\\\/en\\\/#\\\/schema\\\/logo\\\/image\\\/\"}}]}<\/script>\n<!-- \/ Yoast SEO plugin. -->","yoast_head_json":{"title":"Form - Albus","robots":{"index":"noindex","follow":"follow"},"og_locale":"en_US","og_type":"article","og_title":"Form - Albus","og_description":"Rent a bus enquiry Choose from our wide range of buses. One-way journey Return journey Number of persons* [honeypot numberpersons] [honeypot date] Departure date and time* Departure point*[address_geo_autocomplete* Abfahrtsort id:address_geo_autocomplete-211 class:form-full-width class:form-control] Travel destination*[address_geo_autocomplete* Reiseziel id:address_geo_autocomplete-216 class:form-full-width class:form-control] [group advanced] Multiple travel destinations? [group program] Travel itinerary*[\/group] Arrival date and time* Arrival point*[address_geo_autocomplete* Ankunftsort id:address_geo_autocomplete-212 [&hellip;]","og_url":"https:\/\/albus.at\/en\/form\/","og_site_name":"Albus","article_modified_time":"2019-11-08T12:12:20+00:00","twitter_card":"summary_large_image","schema":{"@context":"https:\/\/schema.org","@graph":[{"@type":"WebPage","@id":"https:\/\/albus.at\/en\/form\/","url":"https:\/\/albus.at\/en\/form\/","name":"Form - Albus","isPartOf":{"@id":"https:\/\/albus.at\/en\/#website"},"datePublished":"2019-11-08T11:24:39+00:00","dateModified":"2019-11-08T12:12:20+00:00","breadcrumb":{"@id":"https:\/\/albus.at\/en\/form\/#breadcrumb"},"inLanguage":"en-US","potentialAction":[{"@type":"ReadAction","target":["https:\/\/albus.at\/en\/form\/"]}]},{"@type":"BreadcrumbList","@id":"https:\/\/albus.at\/en\/form\/#breadcrumb","itemListElement":[{"@type":"ListItem","position":1,"name":"Startseite","item":"https:\/\/albus.at\/en\/"},{"@type":"ListItem","position":2,"name":"Form"}]},{"@type":"WebSite","@id":"https:\/\/albus.at\/en\/#website","url":"https:\/\/albus.at\/en\/","name":"Albus","description":"","publisher":{"@id":"https:\/\/albus.at\/en\/#organization"},"potentialAction":[{"@type":"SearchAction","target":{"@type":"EntryPoint","urlTemplate":"https:\/\/albus.at\/en\/?s={search_term_string}"},"query-input":{"@type":"PropertyValueSpecification","valueRequired":true,"valueName":"search_term_string"}}],"inLanguage":"en-US"},{"@type":"Organization","@id":"https:\/\/albus.at\/en\/#organization","name":"Albus","url":"https:\/\/albus.at\/en\/","logo":{"@type":"ImageObject","inLanguage":"en-US","@id":"https:\/\/albus.at\/en\/#\/schema\/logo\/image\/","url":"https:\/\/albus.at\/wp-content\/uploads\/2021\/08\/cropped-lg4-1-e1630057573669.png","contentUrl":"https:\/\/albus.at\/wp-content\/uploads\/2021\/08\/cropped-lg4-1-e1630057573669.png","width":250,"height":58,"caption":"Albus"},"image":{"@id":"https:\/\/albus.at\/en\/#\/schema\/logo\/image\/"}}]}},"_links":{"self":[{"href":"https:\/\/albus.at\/en\/wp-json\/wp\/v2\/pages\/4243","targetHints":{"allow":["GET"]}}],"collection":[{"href":"https:\/\/albus.at\/en\/wp-json\/wp\/v2\/pages"}],"about":[{"href":"https:\/\/albus.at\/en\/wp-json\/wp\/v2\/types\/page"}],"author":[{"embeddable":true,"href":"https:\/\/albus.at\/en\/wp-json\/wp\/v2\/users\/31"}],"replies":[{"embeddable":true,"href":"https:\/\/albus.at\/en\/wp-json\/wp\/v2\/comments?post=4243"}],"version-history":[{"count":11,"href":"https:\/\/albus.at\/en\/wp-json\/wp\/v2\/pages\/4243\/revisions"}],"predecessor-version":[{"id":4274,"href":"https:\/\/albus.at\/en\/wp-json\/wp\/v2\/pages\/4243\/revisions\/4274"}],"wp:attachment":[{"href":"https:\/\/albus.at\/en\/wp-json\/wp\/v2\/media?parent=4243"}],"curies":[{"name":"wp","href":"https:\/\/api.w.org\/{rel}","templated":true}]}}