{"id":946,"date":"2019-05-09T07:55:58","date_gmt":"2019-05-09T07:55:58","guid":{"rendered":"http:\/\/advertiser.sitecontrol.at\/albus\/?page_id=946"},"modified":"2022-08-05T08:57:27","modified_gmt":"2022-08-05T08:57:27","slug":"shuttlebus","status":"publish","type":"page","link":"https:\/\/albus.at\/de\/shuttlebus\/","title":{"rendered":"Shuttlebus mieten"},"content":{"rendered":"<div id=\"pl-946\"  class=\"panel-layout\" ><div id=\"pg-946-0\"  class=\"panel-grid panel-no-style\" ><div id=\"pgc-946-0-0\"  class=\"panel-grid-cell\" ><div id=\"panel-946-0-0-0\" class=\"so-panel widget widget_dr-richard-page-header panel-first-child panel-last-child\" data-index=\"0\" ><div class=\"d-none d-md-block panel-widget-style panel-widget-style-for-946-0-0-0\" ><div\n\t\t\t\n\t\t\tclass=\"so-widget-dr-richard-page-header so-widget-dr-richard-page-header-default-40cd750bba98-946\"\n\t\t\t\n\t\t><div>\n    <div class=\"page-header-container\" style=\"background-image: linear-gradient(rgba(0, 0, 0, 0.3), rgba(0, 0, 0, 0.3)), url('https:\/\/albus.at\/wp-content\/uploads\/2022\/08\/ZuschnittLinienbus-Red-Bull-Arena_c-Albus-Salzburg_M.-Scheer-1.jpg')\">\n        <div class=\"page-header-bottomleft\">\n            <h2><span>Shuttlebus mieten<\/span><\/h2>\n            <div class=\"page-header-description\"><p><span lang=\"DE-AT\">Ideal f\u00fcr dein Event.<\/span><\/p>\n<\/div>\n        <\/div>\n    <\/div>\n<\/div><\/div><\/div><\/div><\/div><\/div><div id=\"pg-946-1\"  class=\"panel-grid panel-has-style\" ><div class=\"panel-row-style panel-row-style-for-946-1\" ><div id=\"pgc-946-1-0\"  class=\"panel-grid-cell\" ><div id=\"panel-946-1-0-0\" class=\"so-panel widget widget_sow-editor panel-first-child panel-last-child\" data-index=\"1\" ><div\n\t\t\t\n\t\t\tclass=\"so-widget-sow-editor so-widget-sow-editor-base\"\n\t\t\t\n\t\t>\n<div class=\"siteorigin-widget-tinymce textwidget\">\n\t<h1 style=\"text-align: center;\"><span style=\"color: #27c228;\">Miete deinen eigenen Shuttlebus<\/span><\/h1>\n<p><span lang=\"DE-AT\">Unsere Linienbusse sind ideal geeignet, wenn du f\u00fcr ein Event einen Transfer f\u00fcr eine gr\u00f6\u00dfere Zahl an Personen ben\u00f6tigst.\u00a0Selbstverst\u00e4ndlich ist ein <strong>kompetenter Fahrer inkludiert<\/strong>. <\/span><span lang=\"DE-AT\">Unsere Busse werden oft z.B. als <strong>Shuttle Service<\/strong> <strong>f\u00fcr Events<\/strong> oder f\u00fcr Veranstaltungen unterschiedlicher Arten<strong>\u00a0<\/strong>gebucht.\u00a0<\/span><\/p>\n<p>Lasse dir gleich heute ein individuelles Angebot erstellen und <strong>miete deinen Shuttlebus bei Albus<\/strong>. Sende eine Anfrage an bus@albus.at und unsere kompetenten Mitarbeiterinnen und Mitarbeiter sind Ihnen gerne behilflich.<\/p>\n<p>&nbsp;<\/p>\n<\/div>\n<\/div><\/div><\/div><\/div><\/div><\/div>","protected":false},"excerpt":{"rendered":"<p>Miete deinen eigenen Shuttlebus Unsere Linienbusse sind ideal geeignet, wenn du f\u00fcr ein Event einen Transfer f\u00fcr eine gr\u00f6\u00dfere Zahl an Personen ben\u00f6tigst.\u00a0Selbstverst\u00e4ndlich ist ein kompetenter Fahrer inkludiert. Unsere Busse werden oft z.B. als Shuttle Service f\u00fcr Events oder f\u00fcr Veranstaltungen unterschiedlicher Arten\u00a0gebucht.\u00a0 Lasse dir gleich heute ein individuelles Angebot erstellen und miete deinen Shuttlebus [&hellip;]<\/p>\n","protected":false},"author":31,"featured_media":0,"parent":0,"menu_order":0,"comment_status":"closed","ping_status":"closed","template":"","meta":{"footnotes":""},"class_list":["post-946","page","type-page","status-publish","hentry"],"yoast_head":"<!-- This site is optimized with the Yoast SEO plugin v27.4 - https:\/\/yoast.com\/product\/yoast-seo-wordpress\/ -->\n<title>Shuttlebus mieten \u00bb Ideal f\u00fcr Events und Veranstaltungen | Albus<\/title>\n<meta name=\"description\" content=\"Du planst ein Event? Albus Shuttlebusse bieten viele Vorteile: \u2714 Geeignet f\u00fcr gro\u00dfe Personenanzahl. \u2714 Fahrer inklusive. \u27a4 Jetzt Angebot anfordern!\" \/>\n<meta name=\"robots\" content=\"index, follow, max-snippet:-1, max-image-preview:large, max-video-preview:-1\" \/>\n<link rel=\"canonical\" href=\"https:\/\/albus.at\/de\/shuttlebus\/\" \/>\n<meta property=\"og:locale\" content=\"de_DE\" \/>\n<meta property=\"og:type\" content=\"article\" \/>\n<meta property=\"og:title\" content=\"Kleinbus mieten f\u00fcr Gruppenreisen jeder Art\" \/>\n<meta property=\"og:description\" content=\"Ob Junggesellenabschied oder Firmenreise - Albus Kleinbusse sind ideal f\u00fcr Reisegruppen bis zu 20 Personen und bieten hohen Komfort auf kleinem Raum.\" \/>\n<meta property=\"og:url\" content=\"https:\/\/albus.at\/de\/shuttlebus\/\" \/>\n<meta property=\"og:site_name\" content=\"Albus\" \/>\n<meta property=\"article:modified_time\" content=\"2022-08-05T08:57:27+00:00\" \/>\n<meta name=\"twitter:card\" content=\"summary_large_image\" \/>\n<script type=\"application\/ld+json\" class=\"yoast-schema-graph\">{\"@context\":\"https:\\\/\\\/schema.org\",\"@graph\":[{\"@type\":\"WebPage\",\"@id\":\"https:\\\/\\\/albus.at\\\/de\\\/shuttlebus\\\/\",\"url\":\"https:\\\/\\\/albus.at\\\/de\\\/shuttlebus\\\/\",\"name\":\"Shuttlebus mieten \u00bb Ideal f\u00fcr Events und Veranstaltungen | Albus\",\"isPartOf\":{\"@id\":\"https:\\\/\\\/albus.at\\\/en\\\/#website\"},\"datePublished\":\"2019-05-09T07:55:58+00:00\",\"dateModified\":\"2022-08-05T08:57:27+00:00\",\"description\":\"Du planst ein Event? Albus Shuttlebusse bieten viele Vorteile: \u2714 Geeignet f\u00fcr gro\u00dfe Personenanzahl. \u2714 Fahrer inklusive. \u27a4 Jetzt Angebot anfordern!\",\"breadcrumb\":{\"@id\":\"https:\\\/\\\/albus.at\\\/de\\\/shuttlebus\\\/#breadcrumb\"},\"inLanguage\":\"de\",\"potentialAction\":[{\"@type\":\"ReadAction\",\"target\":[\"https:\\\/\\\/albus.at\\\/de\\\/shuttlebus\\\/\"]}]},{\"@type\":\"BreadcrumbList\",\"@id\":\"https:\\\/\\\/albus.at\\\/de\\\/shuttlebus\\\/#breadcrumb\",\"itemListElement\":[{\"@type\":\"ListItem\",\"position\":1,\"name\":\"Startseite\",\"item\":\"https:\\\/\\\/albus.at\\\/de\\\/\"},{\"@type\":\"ListItem\",\"position\":2,\"name\":\"Shuttlebus mieten\"}]},{\"@type\":\"WebSite\",\"@id\":\"https:\\\/\\\/albus.at\\\/en\\\/#website\",\"url\":\"https:\\\/\\\/albus.at\\\/en\\\/\",\"name\":\"Albus\",\"description\":\"\",\"publisher\":{\"@id\":\"https:\\\/\\\/albus.at\\\/en\\\/#organization\"},\"potentialAction\":[{\"@type\":\"SearchAction\",\"target\":{\"@type\":\"EntryPoint\",\"urlTemplate\":\"https:\\\/\\\/albus.at\\\/en\\\/?s={search_term_string}\"},\"query-input\":{\"@type\":\"PropertyValueSpecification\",\"valueRequired\":true,\"valueName\":\"search_term_string\"}}],\"inLanguage\":\"de\"},{\"@type\":\"Organization\",\"@id\":\"https:\\\/\\\/albus.at\\\/en\\\/#organization\",\"name\":\"Albus\",\"url\":\"https:\\\/\\\/albus.at\\\/en\\\/\",\"logo\":{\"@type\":\"ImageObject\",\"inLanguage\":\"de\",\"@id\":\"https:\\\/\\\/albus.at\\\/en\\\/#\\\/schema\\\/logo\\\/image\\\/\",\"url\":\"https:\\\/\\\/albus.at\\\/wp-content\\\/uploads\\\/2021\\\/08\\\/cropped-lg4-1-e1630057573669.png\",\"contentUrl\":\"https:\\\/\\\/albus.at\\\/wp-content\\\/uploads\\\/2021\\\/08\\\/cropped-lg4-1-e1630057573669.png\",\"width\":250,\"height\":58,\"caption\":\"Albus\"},\"image\":{\"@id\":\"https:\\\/\\\/albus.at\\\/en\\\/#\\\/schema\\\/logo\\\/image\\\/\"}}]}<\/script>\n<!-- \/ Yoast SEO plugin. -->","yoast_head_json":{"title":"Shuttlebus mieten \u00bb Ideal f\u00fcr Events und Veranstaltungen | Albus","description":"Du planst ein Event? Albus Shuttlebusse bieten viele Vorteile: \u2714 Geeignet f\u00fcr gro\u00dfe Personenanzahl. \u2714 Fahrer inklusive. \u27a4 Jetzt Angebot anfordern!","robots":{"index":"index","follow":"follow","max-snippet":"max-snippet:-1","max-image-preview":"max-image-preview:large","max-video-preview":"max-video-preview:-1"},"canonical":"https:\/\/albus.at\/de\/shuttlebus\/","og_locale":"de_DE","og_type":"article","og_title":"Kleinbus mieten f\u00fcr Gruppenreisen jeder Art","og_description":"Ob Junggesellenabschied oder Firmenreise - Albus Kleinbusse sind ideal f\u00fcr Reisegruppen bis zu 20 Personen und bieten hohen Komfort auf kleinem Raum.","og_url":"https:\/\/albus.at\/de\/shuttlebus\/","og_site_name":"Albus","article_modified_time":"2022-08-05T08:57:27+00:00","twitter_card":"summary_large_image","schema":{"@context":"https:\/\/schema.org","@graph":[{"@type":"WebPage","@id":"https:\/\/albus.at\/de\/shuttlebus\/","url":"https:\/\/albus.at\/de\/shuttlebus\/","name":"Shuttlebus mieten \u00bb Ideal f\u00fcr Events und Veranstaltungen | Albus","isPartOf":{"@id":"https:\/\/albus.at\/en\/#website"},"datePublished":"2019-05-09T07:55:58+00:00","dateModified":"2022-08-05T08:57:27+00:00","description":"Du planst ein Event? Albus Shuttlebusse bieten viele Vorteile: \u2714 Geeignet f\u00fcr gro\u00dfe Personenanzahl. \u2714 Fahrer inklusive. \u27a4 Jetzt Angebot anfordern!","breadcrumb":{"@id":"https:\/\/albus.at\/de\/shuttlebus\/#breadcrumb"},"inLanguage":"de","potentialAction":[{"@type":"ReadAction","target":["https:\/\/albus.at\/de\/shuttlebus\/"]}]},{"@type":"BreadcrumbList","@id":"https:\/\/albus.at\/de\/shuttlebus\/#breadcrumb","itemListElement":[{"@type":"ListItem","position":1,"name":"Startseite","item":"https:\/\/albus.at\/de\/"},{"@type":"ListItem","position":2,"name":"Shuttlebus mieten"}]},{"@type":"WebSite","@id":"https:\/\/albus.at\/en\/#website","url":"https:\/\/albus.at\/en\/","name":"Albus","description":"","publisher":{"@id":"https:\/\/albus.at\/en\/#organization"},"potentialAction":[{"@type":"SearchAction","target":{"@type":"EntryPoint","urlTemplate":"https:\/\/albus.at\/en\/?s={search_term_string}"},"query-input":{"@type":"PropertyValueSpecification","valueRequired":true,"valueName":"search_term_string"}}],"inLanguage":"de"},{"@type":"Organization","@id":"https:\/\/albus.at\/en\/#organization","name":"Albus","url":"https:\/\/albus.at\/en\/","logo":{"@type":"ImageObject","inLanguage":"de","@id":"https:\/\/albus.at\/en\/#\/schema\/logo\/image\/","url":"https:\/\/albus.at\/wp-content\/uploads\/2021\/08\/cropped-lg4-1-e1630057573669.png","contentUrl":"https:\/\/albus.at\/wp-content\/uploads\/2021\/08\/cropped-lg4-1-e1630057573669.png","width":250,"height":58,"caption":"Albus"},"image":{"@id":"https:\/\/albus.at\/en\/#\/schema\/logo\/image\/"}}]}},"_links":{"self":[{"href":"https:\/\/albus.at\/de\/wp-json\/wp\/v2\/pages\/946","targetHints":{"allow":["GET"]}}],"collection":[{"href":"https:\/\/albus.at\/de\/wp-json\/wp\/v2\/pages"}],"about":[{"href":"https:\/\/albus.at\/de\/wp-json\/wp\/v2\/types\/page"}],"author":[{"embeddable":true,"href":"https:\/\/albus.at\/de\/wp-json\/wp\/v2\/users\/31"}],"replies":[{"embeddable":true,"href":"https:\/\/albus.at\/de\/wp-json\/wp\/v2\/comments?post=946"}],"version-history":[{"count":111,"href":"https:\/\/albus.at\/de\/wp-json\/wp\/v2\/pages\/946\/revisions"}],"predecessor-version":[{"id":5390,"href":"https:\/\/albus.at\/de\/wp-json\/wp\/v2\/pages\/946\/revisions\/5390"}],"wp:attachment":[{"href":"https:\/\/albus.at\/de\/wp-json\/wp\/v2\/media?parent=946"}],"curies":[{"name":"wp","href":"https:\/\/api.w.org\/{rel}","templated":true}]}}