{"id":2728,"date":"2019-07-26T08:27:22","date_gmt":"2019-07-26T08:27:22","guid":{"rendered":"http:\/\/advertiser.sitecontrol.at\/albus\/?page_id=2728"},"modified":"2022-04-07T12:06:32","modified_gmt":"2022-04-07T12:06:32","slug":"buswerbung","status":"publish","type":"page","link":"https:\/\/albus.at\/de\/buswerbung\/","title":{"rendered":"Buswerbung"},"content":{"rendered":"<div id=\"pl-2728\"  class=\"panel-layout\" ><div id=\"pg-2728-0\"  class=\"panel-grid panel-no-style\" ><div id=\"pgc-2728-0-0\"  class=\"panel-grid-cell\" ><div id=\"panel-2728-0-0-0\" class=\"so-panel widget widget_dr-richard-page-header panel-first-child panel-last-child\" data-index=\"0\" ><div class=\"d-none d-md-block panel-widget-style panel-widget-style-for-2728-0-0-0\" ><div\n\t\t\t\n\t\t\tclass=\"so-widget-dr-richard-page-header so-widget-dr-richard-page-header-default-40cd750bba98-2728\"\n\t\t\t\n\t\t><div>\n    <div class=\"page-header-container\" style=\"background-image: linear-gradient(rgba(0, 0, 0, 0.3), rgba(0, 0, 0, 0.3)), url('https:\/\/albus.at\/wp-content\/uploads\/2019\/08\/Salzburg-Museum.jpg')\">\n        <div class=\"page-header-bottomleft\">\n            <h2><span>Buswerbung<\/span><\/h2>\n            <div class=\"page-header-description\">Mit den mobilen Werbefl\u00e4chen auf Albus Bussen f\u00e4llst du garantiert auf.<\/div>\n        <\/div>\n    <\/div>\n<\/div><\/div><\/div><\/div><\/div><\/div><div id=\"pg-2728-1\"  class=\"panel-grid panel-has-style\" ><div class=\"panel-row-style panel-row-style-for-2728-1\" ><div id=\"pgc-2728-1-0\"  class=\"panel-grid-cell\" ><div id=\"panel-2728-1-0-0\" class=\"so-panel widget widget_sow-editor panel-first-child panel-last-child\" data-index=\"1\" ><div\n\t\t\t\n\t\t\tclass=\"so-widget-sow-editor so-widget-sow-editor-base\"\n\t\t\t\n\t\t>\n<div class=\"siteorigin-widget-tinymce textwidget\">\n\t<h1 style=\"text-align: center;\"><span style=\"color: #27c228;\">Aufmerksamkeit leicht gemacht!<\/span><\/h1>\n<\/div>\n<\/div><\/div><\/div><\/div><\/div><div id=\"pg-2728-2\"  class=\"panel-grid panel-has-style\" ><div class=\"panel-row-style panel-row-style-for-2728-2\" ><div id=\"pgc-2728-2-0\"  class=\"panel-grid-cell\" ><div id=\"panel-2728-2-0-0\" class=\"so-panel widget widget_sow-editor panel-first-child panel-last-child\" data-index=\"2\" ><div\n\t\t\t\n\t\t\tclass=\"so-widget-sow-editor so-widget-sow-editor-base\"\n\t\t\t\n\t\t>\n<div class=\"siteorigin-widget-tinymce textwidget\">\n\t<h2 style=\"text-align: left;\"><span style=\"color: #27c228;\">Du bist auf der Suche nach einer genialen Werbem\u00f6glichkeit? <\/span><\/h2>\n<p>Diese sollte dauerhaft sein und h\u00e4ufig gesehen werden? Dann ist unsere Buswerbung genau das Richtige f\u00fcr dich. Unsere Busse werben t\u00e4glich mit unterschiedlichen Gestaltungsm\u00f6glichkeiten und hoher Auff\u00e4lligkeit in der \u00d6ffentlichkeit in Salzburg und Umgebung.<\/p>\n<p>Du profitierst von einer soliden Werbeform zu g\u00fcnstigen Konditionen. Garantiert!<\/p>\n<\/div>\n<\/div><\/div><\/div><div id=\"pgc-2728-2-1\"  class=\"panel-grid-cell\" ><div id=\"panel-2728-2-1-0\" class=\"so-panel widget widget_sow-editor panel-first-child panel-last-child\" data-index=\"3\" ><div\n\t\t\t\n\t\t\tclass=\"so-widget-sow-editor so-widget-sow-editor-base\"\n\t\t\t\n\t\t>\n<div class=\"siteorigin-widget-tinymce textwidget\">\n\t<h2 style=\"text-align: left;\"><span style=\"color: #27c228;\">Bleibe in Erinnerung - dauerhaft.<\/span><\/h2>\n<p>Vor allem f\u00fcr die regionale Werbung eignen sich unsere Busse hervorragend. Wir \u201efahren\u201c dich und dein Unternehmen von A nach B, sodass unsere Linien die besten Werbefl\u00e4chen bieten.<\/p>\n<p>\u00dcberall wirst du folglich gesehen: von Rad- und Autofahrern sowie von Busreisenden und Fu\u00dfg\u00e4ngern.<\/p>\n<\/div>\n<\/div><\/div><\/div><div id=\"pgc-2728-2-2\"  class=\"panel-grid-cell\" ><div id=\"panel-2728-2-2-0\" class=\"so-panel widget widget_sow-editor panel-first-child panel-last-child\" data-index=\"4\" ><div\n\t\t\t\n\t\t\tclass=\"so-widget-sow-editor so-widget-sow-editor-base\"\n\t\t\t\n\t\t>\n<div class=\"siteorigin-widget-tinymce textwidget\">\n\t<h2 style=\"text-align: left;\"><span style=\"color: #27c228;\">Haben wir dein Interesse geweckt?<\/span><\/h2>\n<p>Fordere dein individuelles Angebot f\u00fcr wirksame Buswerbung gleich heute unter <a href=\"mailto:buswerbung@albus.at\" target=\"_blank\" rel=\"noopener\">buswerbung@albus.at<\/a> an.<\/p>\n<p>Wir leiten deine Anfrage dann an unsere externen Werbepartner weiter.<\/p>\n<\/div>\n<\/div><\/div><\/div><\/div><\/div><div id=\"pg-2728-3\"  class=\"panel-grid panel-has-style\" ><div class=\"panel-row-style panel-row-style-for-2728-3\" ><div id=\"pgc-2728-3-0\"  class=\"panel-grid-cell panel-grid-cell-empty\" ><\/div><div id=\"pgc-2728-3-1\"  class=\"panel-grid-cell panel-grid-cell-mobile-last\" ><div id=\"panel-2728-3-1-0\" class=\"so-panel widget widget_sow-editor panel-first-child panel-last-child\" data-index=\"5\" ><div\n\t\t\t\n\t\t\tclass=\"so-widget-sow-editor so-widget-sow-editor-base\"\n\t\t\t\n\t\t>\n<div class=\"siteorigin-widget-tinymce textwidget\">\n\t\n<\/div>\n<\/div><\/div><\/div><div id=\"pgc-2728-3-2\"  class=\"panel-grid-cell panel-grid-cell-empty\" ><\/div><\/div><\/div><\/div>","protected":false},"excerpt":{"rendered":"<p>Aufmerksamkeit leicht gemacht!<\/p>\n","protected":false},"author":31,"featured_media":0,"parent":0,"menu_order":0,"comment_status":"closed","ping_status":"closed","template":"","meta":{"footnotes":""},"class_list":["post-2728","page","type-page","status-publish","hentry"],"yoast_head":"<!-- This site is optimized with the Yoast SEO plugin v27.4 - https:\/\/yoast.com\/product\/yoast-seo-wordpress\/ -->\n<title>Buswerbung \u00bb Mobile Werbefl\u00e4chen auf Bussen mieten | Albus<\/title>\n<meta name=\"description\" content=\"Du suchst nach einer innovativen Werbefl\u00e4che? Mit der Albus Buswerbung sparst du Kosten und bleibst in Erinnerung. \u27a4 Jetzt Angebot anfordern!\" \/>\n<meta name=\"robots\" content=\"index, follow, max-snippet:-1, max-image-preview:large, max-video-preview:-1\" \/>\n<link rel=\"canonical\" href=\"https:\/\/albus.at\/de\/buswerbung\/\" \/>\n<meta property=\"og:locale\" content=\"de_DE\" \/>\n<meta property=\"og:type\" content=\"article\" \/>\n<meta property=\"og:title\" content=\"Mobile Werbefl\u00e4chen auf Bussen mieten &amp; auffallen\" \/>\n<meta property=\"og:description\" content=\"Innovative und erfolgreiche Werbefl\u00e4chen mit der bewegten Buswerbung bei Albus. So sparst du nicht nur Kosten, sondern wirst zudem besser wahrgenommen.\" \/>\n<meta property=\"og:url\" content=\"https:\/\/albus.at\/de\/buswerbung\/\" \/>\n<meta property=\"og:site_name\" content=\"Albus\" \/>\n<meta property=\"article:modified_time\" content=\"2022-04-07T12:06:32+00:00\" \/>\n<meta name=\"twitter:card\" content=\"summary_large_image\" \/>\n<meta name=\"twitter:label1\" content=\"Gesch\u00e4tzte Lesezeit\" \/>\n\t<meta name=\"twitter:data1\" content=\"1\u00a0Minute\" \/>\n<script type=\"application\/ld+json\" class=\"yoast-schema-graph\">{\"@context\":\"https:\\\/\\\/schema.org\",\"@graph\":[{\"@type\":\"WebPage\",\"@id\":\"https:\\\/\\\/albus.at\\\/de\\\/buswerbung\\\/\",\"url\":\"https:\\\/\\\/albus.at\\\/de\\\/buswerbung\\\/\",\"name\":\"Buswerbung \u00bb Mobile Werbefl\u00e4chen auf Bussen mieten | Albus\",\"isPartOf\":{\"@id\":\"https:\\\/\\\/albus.at\\\/en\\\/#website\"},\"datePublished\":\"2019-07-26T08:27:22+00:00\",\"dateModified\":\"2022-04-07T12:06:32+00:00\",\"description\":\"Du suchst nach einer innovativen Werbefl\u00e4che? Mit der Albus Buswerbung sparst du Kosten und bleibst in Erinnerung. \u27a4 Jetzt Angebot anfordern!\",\"breadcrumb\":{\"@id\":\"https:\\\/\\\/albus.at\\\/de\\\/buswerbung\\\/#breadcrumb\"},\"inLanguage\":\"de\",\"potentialAction\":[{\"@type\":\"ReadAction\",\"target\":[\"https:\\\/\\\/albus.at\\\/de\\\/buswerbung\\\/\"]}]},{\"@type\":\"BreadcrumbList\",\"@id\":\"https:\\\/\\\/albus.at\\\/de\\\/buswerbung\\\/#breadcrumb\",\"itemListElement\":[{\"@type\":\"ListItem\",\"position\":1,\"name\":\"Startseite\",\"item\":\"https:\\\/\\\/albus.at\\\/de\\\/\"},{\"@type\":\"ListItem\",\"position\":2,\"name\":\"Buswerbung\"}]},{\"@type\":\"WebSite\",\"@id\":\"https:\\\/\\\/albus.at\\\/en\\\/#website\",\"url\":\"https:\\\/\\\/albus.at\\\/en\\\/\",\"name\":\"Albus\",\"description\":\"\",\"publisher\":{\"@id\":\"https:\\\/\\\/albus.at\\\/en\\\/#organization\"},\"potentialAction\":[{\"@type\":\"SearchAction\",\"target\":{\"@type\":\"EntryPoint\",\"urlTemplate\":\"https:\\\/\\\/albus.at\\\/en\\\/?s={search_term_string}\"},\"query-input\":{\"@type\":\"PropertyValueSpecification\",\"valueRequired\":true,\"valueName\":\"search_term_string\"}}],\"inLanguage\":\"de\"},{\"@type\":\"Organization\",\"@id\":\"https:\\\/\\\/albus.at\\\/en\\\/#organization\",\"name\":\"Albus\",\"url\":\"https:\\\/\\\/albus.at\\\/en\\\/\",\"logo\":{\"@type\":\"ImageObject\",\"inLanguage\":\"de\",\"@id\":\"https:\\\/\\\/albus.at\\\/en\\\/#\\\/schema\\\/logo\\\/image\\\/\",\"url\":\"https:\\\/\\\/albus.at\\\/wp-content\\\/uploads\\\/2021\\\/08\\\/cropped-lg4-1-e1630057573669.png\",\"contentUrl\":\"https:\\\/\\\/albus.at\\\/wp-content\\\/uploads\\\/2021\\\/08\\\/cropped-lg4-1-e1630057573669.png\",\"width\":250,\"height\":58,\"caption\":\"Albus\"},\"image\":{\"@id\":\"https:\\\/\\\/albus.at\\\/en\\\/#\\\/schema\\\/logo\\\/image\\\/\"}}]}<\/script>\n<!-- \/ Yoast SEO plugin. -->","yoast_head_json":{"title":"Buswerbung \u00bb Mobile Werbefl\u00e4chen auf Bussen mieten | Albus","description":"Du suchst nach einer innovativen Werbefl\u00e4che? Mit der Albus Buswerbung sparst du Kosten und bleibst in Erinnerung. \u27a4 Jetzt Angebot anfordern!","robots":{"index":"index","follow":"follow","max-snippet":"max-snippet:-1","max-image-preview":"max-image-preview:large","max-video-preview":"max-video-preview:-1"},"canonical":"https:\/\/albus.at\/de\/buswerbung\/","og_locale":"de_DE","og_type":"article","og_title":"Mobile Werbefl\u00e4chen auf Bussen mieten & auffallen","og_description":"Innovative und erfolgreiche Werbefl\u00e4chen mit der bewegten Buswerbung bei Albus. So sparst du nicht nur Kosten, sondern wirst zudem besser wahrgenommen.","og_url":"https:\/\/albus.at\/de\/buswerbung\/","og_site_name":"Albus","article_modified_time":"2022-04-07T12:06:32+00:00","twitter_card":"summary_large_image","twitter_misc":{"Gesch\u00e4tzte Lesezeit":"1\u00a0Minute"},"schema":{"@context":"https:\/\/schema.org","@graph":[{"@type":"WebPage","@id":"https:\/\/albus.at\/de\/buswerbung\/","url":"https:\/\/albus.at\/de\/buswerbung\/","name":"Buswerbung \u00bb Mobile Werbefl\u00e4chen auf Bussen mieten | Albus","isPartOf":{"@id":"https:\/\/albus.at\/en\/#website"},"datePublished":"2019-07-26T08:27:22+00:00","dateModified":"2022-04-07T12:06:32+00:00","description":"Du suchst nach einer innovativen Werbefl\u00e4che? Mit der Albus Buswerbung sparst du Kosten und bleibst in Erinnerung. \u27a4 Jetzt Angebot anfordern!","breadcrumb":{"@id":"https:\/\/albus.at\/de\/buswerbung\/#breadcrumb"},"inLanguage":"de","potentialAction":[{"@type":"ReadAction","target":["https:\/\/albus.at\/de\/buswerbung\/"]}]},{"@type":"BreadcrumbList","@id":"https:\/\/albus.at\/de\/buswerbung\/#breadcrumb","itemListElement":[{"@type":"ListItem","position":1,"name":"Startseite","item":"https:\/\/albus.at\/de\/"},{"@type":"ListItem","position":2,"name":"Buswerbung"}]},{"@type":"WebSite","@id":"https:\/\/albus.at\/en\/#website","url":"https:\/\/albus.at\/en\/","name":"Albus","description":"","publisher":{"@id":"https:\/\/albus.at\/en\/#organization"},"potentialAction":[{"@type":"SearchAction","target":{"@type":"EntryPoint","urlTemplate":"https:\/\/albus.at\/en\/?s={search_term_string}"},"query-input":{"@type":"PropertyValueSpecification","valueRequired":true,"valueName":"search_term_string"}}],"inLanguage":"de"},{"@type":"Organization","@id":"https:\/\/albus.at\/en\/#organization","name":"Albus","url":"https:\/\/albus.at\/en\/","logo":{"@type":"ImageObject","inLanguage":"de","@id":"https:\/\/albus.at\/en\/#\/schema\/logo\/image\/","url":"https:\/\/albus.at\/wp-content\/uploads\/2021\/08\/cropped-lg4-1-e1630057573669.png","contentUrl":"https:\/\/albus.at\/wp-content\/uploads\/2021\/08\/cropped-lg4-1-e1630057573669.png","width":250,"height":58,"caption":"Albus"},"image":{"@id":"https:\/\/albus.at\/en\/#\/schema\/logo\/image\/"}}]}},"_links":{"self":[{"href":"https:\/\/albus.at\/de\/wp-json\/wp\/v2\/pages\/2728","targetHints":{"allow":["GET"]}}],"collection":[{"href":"https:\/\/albus.at\/de\/wp-json\/wp\/v2\/pages"}],"about":[{"href":"https:\/\/albus.at\/de\/wp-json\/wp\/v2\/types\/page"}],"author":[{"embeddable":true,"href":"https:\/\/albus.at\/de\/wp-json\/wp\/v2\/users\/31"}],"replies":[{"embeddable":true,"href":"https:\/\/albus.at\/de\/wp-json\/wp\/v2\/comments?post=2728"}],"version-history":[{"count":14,"href":"https:\/\/albus.at\/de\/wp-json\/wp\/v2\/pages\/2728\/revisions"}],"predecessor-version":[{"id":5228,"href":"https:\/\/albus.at\/de\/wp-json\/wp\/v2\/pages\/2728\/revisions\/5228"}],"wp:attachment":[{"href":"https:\/\/albus.at\/de\/wp-json\/wp\/v2\/media?parent=2728"}],"curies":[{"name":"wp","href":"https:\/\/api.w.org\/{rel}","templated":true}]}}