{"id":237,"date":"2018-06-14T09:37:55","date_gmt":"2018-06-14T09:37:55","guid":{"rendered":"http:\/\/advertiser.sitecontrol.at\/albus\/?page_id=237"},"modified":"2023-08-07T13:00:21","modified_gmt":"2023-08-07T11:00:21","slug":"aktuell","status":"publish","type":"page","link":"https:\/\/albus.at\/de\/linienbusse\/aktuell\/","title":{"rendered":"Aktuell"},"content":{"rendered":"<div id=\"pl-237\"  class=\"panel-layout\" ><div id=\"pg-237-0\"  class=\"panel-grid panel-no-style\" ><div id=\"pgc-237-0-0\"  class=\"panel-grid-cell\" ><div id=\"panel-237-0-0-0\" class=\"so-panel widget widget_dr-richard-page-header panel-first-child panel-last-child\" data-index=\"0\" ><div\n\t\t\t\n\t\t\tclass=\"so-widget-dr-richard-page-header so-widget-dr-richard-page-header-default-40cd750bba98-237\"\n\t\t\t\n\t\t><div>\n    <div class=\"page-header-container\" style=\"background-image: linear-gradient(rgba(0, 0, 0, 0.3), rgba(0, 0, 0, 0.3)), url('https:\/\/albus.at\/wp-content\/uploads\/2022\/08\/Linienbus-Neutor_c-Albus-Salzburg_M.-Scheer-e1660740649119.jpg')\">\n        <div class=\"page-header-bottomleft\">\n            <h2><span>Aktuelles &amp; St\u00f6rungen<\/span><\/h2>\n            <div class=\"page-header-description\"><\/div>\n        <\/div>\n    <\/div>\n<\/div><\/div><\/div><\/div><\/div><div id=\"pg-237-1\"  class=\"panel-grid panel-has-style\" ><div class=\"panel-row-style panel-row-style-for-237-1\" ><div id=\"pgc-237-1-0\"  class=\"panel-grid-cell\" ><div id=\"panel-237-1-0-0\" class=\"so-panel widget widget_sow-editor panel-first-child panel-last-child\" data-index=\"1\" ><div\n\t\t\t\n\t\t\tclass=\"so-widget-sow-editor so-widget-sow-editor-base\"\n\t\t\t\n\t\t>\n<div class=\"siteorigin-widget-tinymce textwidget\">\n\t<h1 style=\"text-align: center;\"><span style=\"color: #27c228;\">Aktuelle Fahrplan Informationen<\/span><\/h1>\n<p>Eine Haltestelle wurde verlegt oder ausgelassen. Der Fahrplan deines Busses hat sich ge\u00e4ndert. Kommt dir das bekannt vor? <strong>Hier informieren wir dich \u00fcber aktuelle Streckensperren und Linien\u00e4nderungen.<\/strong> So bleibst du auf dem Laufenden und kommst p\u00fcnktlich ans Ziel.<\/p>\n<\/div>\n<\/div><\/div><\/div><\/div><\/div><div id=\"pg-237-2\"  class=\"panel-grid panel-has-style\" ><div class=\"panel-row-style panel-row-style-for-237-2\" ><div id=\"pgc-237-2-0\"  class=\"panel-grid-cell\" ><div class='pt_aktuelles_liste'><div class='pt_aktuelles'>\t<div class='pt_aktuelles_daten'>\t\t<h3>Internationaler Fahrplanwechsel - Fahrpl\u00e4ne ab 14.12.2025<\/h3><div class='pt_richard_readmore_intro'><p class='pt_aktuelles_excerpt'>Timetable change on 14 December 2025 - Timetables from 14.12.2025<\/h3><\/div><div class='pt_richard_readmore_text' id='pt_readmore_text_id_39'><div id=\"pl-6645\"  class=\"panel-layout\" ><div id=\"pg-6645-0\"  class=\"panel-grid panel-no-style\"  data-style=\"{&quot;background_image_attachment&quot;:false,&quot;background_display&quot;:&quot;tile&quot;,&quot;full_height&quot;:&quot;&quot;,&quot;cell_alignment&quot;:&quot;flex-start&quot;}\" ><div id=\"pgc-6645-0-0\"  class=\"panel-grid-cell\"  data-weight=\"1\" ><div id=\"panel-6645-0-0-0\" class=\"so-panel widget widget_sow-editor panel-first-child panel-last-child\" data-index=\"0\" data-style=\"{&quot;background_image_attachment&quot;:false,&quot;background_display&quot;:&quot;tile&quot;,&quot;background_image_size&quot;:&quot;full&quot;,&quot;background_image_opacity&quot;:&quot;100&quot;,&quot;border_thickness&quot;:&quot;1px&quot;}\" ><div\n\t\t\t\n\t\t\tclass=\"so-widget-sow-editor so-widget-sow-editor-base\"\n\t\t\t\n\t\t><h3 class=\"widget-title\">Fahrpl\u00e4ne ab 14.12.2025 - Timetables from 14.12.2025<\/h3>\n<div class=\"siteorigin-widget-tinymce textwidget\">\n\t<hr \/>\n<h2>Internationaler Fahrplanwechsel am 14. Dezember 2025<\/h2>\n<h3><strong>Fahrpl\u00e4ne ab 14.12.2025 - Timetables from 14.12.2025<\/strong><\/h3>\n<ul>\n<li><a href=\"https:\/\/richard.at\/wp-content\/uploads\/2025\/12\/FP-SVV-Linie11_Bus11_Josefiau\u2013Leopoldskron\u2013Aiglhof\u2013Messe_Salzburgarena_FAHRPLAN_TIMETABLE_14.12.2025-12.12.2026.pdf\" target=\"_blank\" rel=\"noopener\">Linie 11 Josefiau \u2013 Leopoldskron \u2013 Aiglhof \u2013 Messe\/Salzburgarena, Fahrplan 14.12.2025-12.12.2026<\/a><\/li>\n<li><a href=\"https:\/\/richard.at\/wp-content\/uploads\/2026\/02\/FP-SVV-Linie17_Bus17_Salzburgarena-Zentrum-Rennbahnsiedlung-Ursulinen_FAHRPLAN_TIMETABLE_16.02.-12.12.2026.pdf\" target=\"_blank\" rel=\"noopener\">Linie 17 Salzburgarena - Zentrum - Rennbahnsiedlung - Ursulinen, Fahrplan 16.02.-12.12.2026<\/a><\/li>\n<li><a href=\"https:\/\/richard.at\/wp-content\/uploads\/2025\/12\/FP-SVV-Linie21_Bus21_Fuerstenbrunn\u2013Glanegg\u2013Moosstrasse\u2013LKH\u2013Zentrum\u2013Lengfelden\u2013Bergheim_FAHRPLAN_TIMETABLE_14.12.2025-12.12.2026.pdf\" target=\"_blank\" rel=\"noopener\">Linie 21 F\u00fcrstenbrunn\u2013Moosstr.\u2013LKH\u2013Zentrum\u2013Bergheim, Fahrplan 14.12.2025-12.12.2026<\/a><\/li>\n<li><a href=\"https:\/\/richard.at\/wp-content\/uploads\/2025\/12\/FP-SVV-Linie22_Bus22_Josefiau\u2013Kommunalfriedhof\u2013Leopoldskron\u2013Zentrum\u2013Schallmoos_FAHRPLAN_TIMETABLE_14.12.2025-12.12.2026.pdf\" target=\"_blank\" rel=\"noopener\">Linie 22 Josefiau \u2013 Leopoldskron \u2013 Zentrum \u2013 Schallmoos, Fahrplan 14.12.2025-12.12.2026<\/a><\/li>\n<li><a href=\"https:\/\/richard.at\/wp-content\/uploads\/2025\/12\/FP-SVV-Linie23_Bus23_Hanuschplatz\u2013Hauptbahnhof\u2013Itzling\u2013Sam\u2013Obergnigl\u2013Fadingerstrasse_FAHRPLAN_TIMETABLE_14.12.2025-30.04.2026.pdf\" target=\"_blank\" rel=\"noopener\">Linie 23 Hanuschplatz - Hauptbahnhof - Obergnigl (-Fadingerstr.), Fahrplan 14.12.2025-30.04.2026<\/a><\/li>\n<li><a href=\"https:\/\/richard.at\/wp-content\/uploads\/2025\/12\/FP-SVV-Linie24_Bus24_Salzburg_F.-Hanusch-Platz-LKH-Liefering-Freilassing_Sonnenfeld_FAHRPLAN_TIMETABLE_14.12.2025-12.12.2026.pdf\" target=\"_blank\" rel=\"noopener\">Linie 24 Salzburg Hanuschplatz - Freilassing Sonnenfeld, Fahrplan 14.12.2025-12.12.2026<\/a><\/li>\n<li><a href=\"https:\/\/richard.at\/wp-content\/uploads\/2025\/12\/FP-SVV-Linie25_Bus25_Hauptbahnhof\u2013Zentrum\u2013Nonntal\u2013Hellbrunn\u2013Anif\u2013Groedig-Untersbergbahn_FAHRPLAN_TIMETABLE_14.12.2025-12.12.2026.pdf\" target=\"_blank\" rel=\"noopener\">Linie 25 Hauptbahnhof\u2013Zentr.\u2013Hellbrunn\u2013Untersbergbahn, Fahrplan 14.12.2025-12.12.2026<\/a><\/li>\n<li><a href=\"https:\/\/richard.at\/wp-content\/uploads\/2025\/12\/FP-SVV-Linie27_Bus27_Unipark_Nonntal\u2013Zentrum\u2013Landeskrankenhaus\u2013Kendlersiedlung\u2013Viehhausen\u2013Walserfeld_FAHRPLAN_TIMETABLE_14.12.2025-12.12.2026.pdf\" target=\"_blank\" rel=\"noopener\">Linie 27 Unipark Nonntal-Zentrum-Viehhausen-Walserfeld, Fahrplan 14.12.2025-12.12.2026<\/a><\/li>\n<li><a href=\"https:\/\/richard.at\/wp-content\/uploads\/2025\/12\/FP-SVV-Linie28_Bus28_Europark\u2013Siezenheim\u2013Taxham\u2013Landeskrankenhaus\u2013Zentrum\u2013Alpenstrasse\u2013Anif\u2013Groedig\u2013Untersbergbahn\u2013Hangendenstein_FAHRPLAN_TIMETABLE_14.12.2025-12.12.2026.pdf\" target=\"_blank\" rel=\"noopener\">Linie 28 Europark-Siezenheim-Zentrum(-Untersbergbahn), Fahrplan 14.12.2025-12.12.2026<\/a><\/li>\n<li><a href=\"https:\/\/richard.at\/wp-content\/uploads\/2025\/12\/FP-SVV-Linie31_Bus31_Schuelerverkehr-Viehhausen-Walserfeld-Siezenheim_FAHRPLAN_TIMETABLE_14.12.205-12.12.2026.pdf\" target=\"_blank\" rel=\"noopener\">Linie 31 Sch\u00fclerverkehr Viehhausen \u2013 Walserfeld \u2013 Siezenheim, Fahrplan 14.12.2025-12.12.2026<\/a><\/li>\n<li><a href=\"https:\/\/richard.at\/wp-content\/uploads\/2025\/12\/FP-SVV-Linie34_Bus34_Europark\u2013Forellenwegsiedlung\u2013Liefering\u2013Christian\u2013Doppler\u2013Klinik_FAHRPLAN_TIMETABLE_14.12.2025-12.12.2026.pdf\" target=\"_blank\" rel=\"noopener\">Linie 34 Europark \u2013 Liefering \u2013 Christian-Doppler-Klinik, Fahrplan 14.12.2025-12.12.2026<\/a><\/li>\n<li><a href=\"https:\/\/richard.at\/wp-content\/uploads\/2025\/12\/FP-SVV-Linie35_Bus35_Fuerstenbrunn\u2013Groedig\u2013Taxach\u2013Hallein_FAHRPLAN_TIMETABLE_14.12.2025-12.12.2026.pdf\" target=\"_blank\" rel=\"noopener\">Linie 35 F\u00fcrstenbrunn \u2013 Gr\u00f6dig \u2013 Taxach \u2013 Hallein, Fahrplan 14.12.2025-12.12.2026<\/a><\/li>\n<li><a href=\"https:\/\/richard.at\/wp-content\/uploads\/2025\/12\/FP-SVV-Linie36_Bus36_Salzburg_Europark-Walserfeld-Wals-Kaeferheim-Walserberg_Mundiglerweg_FAHRPLAN_TIMETABLE_14.12.2025-12.12.2026_2.pdf\" target=\"_blank\" rel=\"noopener\">Linie 36 Salzburg Europark \u2013 Wals \u2013 K\u00e4ferheim \u2013 Walserberg, Fahrplan 14.12.2025-12.12.2026<\/a><\/li>\n<li><a href=\"https:\/\/richard.at\/wp-content\/uploads\/2025\/12\/FP-SVV-Linie126_Bus126_Seekirchen_Schuelerverkehr_FAHRPLAN_TIMETABLE_14.12.2025-12.12.2026.pdf\" target=\"_blank\" rel=\"noopener\">Linie 126 Seekirchen Sch\u00fclerverkehr, Fahrplan 14.12.2025-12.12.2026<\/a><\/li>\n<li><a href=\"https:\/\/richard.at\/wp-content\/uploads\/2025\/12\/FP-SVV-Linie151_Bus151_GAISBERGBUS_Salzburg_Mirabellplatz\u2013Gaisberg_FAHRPLAN_TIMETABLE_14.12.2025-12.12.2026.pdf\" target=\"_blank\" rel=\"noopener\">Linie 151 GAISBERGBUS Salzburg Mirabellplatz \u2013 Gaisberg, Fahrplan 14.12.2025-12.12.2026<\/a><\/li>\n<li><a href=\"https:\/\/richard.at\/wp-content\/uploads\/2025\/12\/FP-SVV-Linie181_Bus181_Salzburg Hauptbahnhof-Wals-Gruenau-Walserberg Staatsgrenze_14.12.2025-12.12.2026.pdf\" target=\"_blank\" rel=\"noopener\">Linie 181 Salzburg Hbf \u2013 Wals \u2013 Gr\u00fcnau \u2013 K\u00e4ferheim \u2013 Walserberg, Fahrplan 14.12.2025-12.12.2026<\/a><\/li>\n<li><a href=\"https:\/\/richard.at\/wp-content\/uploads\/2025\/12\/FP-SVV-Linie840_Bus840_Salzburg_Hauptbahnhof%E2%80%93Anif%E2%80%93Marktschellenberg%E2%80%93Berchtesgaden%E2%80%93Unterstein%E2%80%93K%C3%B6nigssee%E2%80%93Jennerbahn_WINTERFAHRPLAN_WINTERTIMETABLE_14.12.2025-23.05.2026.pdf\" target=\"_blank\" rel=\"noopener\">Linie 840 Salzburg Hauptbahnhof - Berchtesgaden - K\u00f6nigssee, Winterfahrplan 14.12.2025-23.05.2026<\/a>\n<ul>\n<li><a href=\"https:\/\/albus.at\/de\/linie-840-watzmannexpress-2020\/\" target=\"_blank\" rel=\"noopener\">Linie 840 Tarifinformation 2025 - Bus 840 Fare information 2025<\/a><\/li>\n<\/ul>\n<\/li>\n<li><a href=\"https:\/\/richard.at\/wp-content\/uploads\/2024\/05\/LINIENNETZPLAN_STADT_SALZBURG_2024-CITY_OF_SALZBURG_PUBLIC_TRANSIT_MAP_2024.pdf\" target=\"_blank\" rel=\"noopener\">LINIENNETZPLAN SALZBURG 2025 - CITY OF SALZBURG PUBLIC TRANSIT MAP 2025<\/a><\/li>\n<\/ul>\n<p>&nbsp;<\/p>\n<\/div>\n<\/div><\/div><\/div><\/div><\/div><\/div><a href='#' class='pt_pt_richard_readmore_trigger' data-target='39'>mehr lesen<\/a>\t<\/div><div style='clear:both'><\/div><\/div><div class='pt_aktuelles'>\t<div class='pt_aktuelles_daten'>\t\t<h3>Linie 840 Salzburg - Berchtesgaden - K\u00f6nigssee<\/h3><div class='pt_richard_readmore_intro'><p class='pt_aktuelles_excerpt'>Linie 840 Fahrplan, Tarifinformation - Bus 840 Timetable, Fare information, Map Salzburg Hauptbahnhof<\/h3><\/div><div class='pt_richard_readmore_text' id='pt_readmore_text_id_98'><div id=\"pl-4414\"  class=\"panel-layout\" ><div id=\"pg-4414-0\"  class=\"panel-grid panel-no-style\"  data-style=\"{&quot;background_image_attachment&quot;:false,&quot;background_display&quot;:&quot;tile&quot;,&quot;full_height&quot;:&quot;&quot;,&quot;cell_alignment&quot;:&quot;flex-start&quot;}\" ><div id=\"pgc-4414-0-0\"  class=\"panel-grid-cell\"  data-weight=\"1\" ><div id=\"panel-4414-0-0-0\" class=\"so-panel widget widget_sow-editor panel-first-child panel-last-child\" data-index=\"0\" data-style=\"{&quot;background_image_attachment&quot;:false,&quot;background_display&quot;:&quot;tile&quot;,&quot;background_image_size&quot;:&quot;full&quot;,&quot;background_image_opacity&quot;:&quot;100&quot;,&quot;border_thickness&quot;:&quot;1px&quot;}\" ><div\n\t\t\t\n\t\t\tclass=\"so-widget-sow-editor so-widget-sow-editor-base\"\n\t\t\t\n\t\t><h3 class=\"widget-title\">Linie 840 Salzburg - Berchtesgaden - K\u00f6nigssee | Fahrplan\/Timtable Infomationen<\/h3>\n<div class=\"siteorigin-widget-tinymce textwidget\">\n\t<p><strong>Linie 840 Salzburg Hauptbahnhof - Anif - Gr\u00f6dig - Marktschellenberg - Watzmann Therme - Berchtesgaden - K\u00f6nigsee Jennerbahn<\/strong><\/p>\n<hr \/>\n<h2><\/h2>\n<p><a href=\"https:\/\/richard.at\/wp-content\/uploads\/2025\/12\/FP-SVV-Linie840_Bus840_Salzburg_Hauptbahnhof%E2%80%93Anif%E2%80%93Marktschellenberg%E2%80%93Berchtesgaden%E2%80%93Unterstein%E2%80%93K%C3%B6nigssee%E2%80%93Jennerbahn_WINTERFAHRPLAN_WINTERTIMETABLE_14.12.2025-23.05.2026.pdf\" target=\"_blank\" rel=\"noopener\">Linie 840 Salzburg Hauptbahnhof - Berchtesgaden - K\u00f6nigssee, Winterfahrplan 14.12.2025-23.05.2026<\/a><\/p>\n<h3>NUR Barzahlung im Bus 840 m\u00f6glich! \/ CASH ONLY on bus 840!<\/h3>\n<p>Die Linie 840 f\u00e4hrt am Salzburg Hauptbahnhof vom <strong>Bussteig J<\/strong> ab (zwischen den beiden Geb\u00e4uden des Einkaufzentrums \u201eForum 1\u201c \u2013 gegen\u00fcber Mc Donald\u2018s).<\/p>\n<p><a href=\"https:\/\/albus.at\/wp-content\/uploads\/2020\/03\/Salzburg-Hauptbahnhof_Umgebungsplan_MAP_2020_m840.jpg\" target=\"_blank\" rel=\"noopener\"><img loading=\"lazy\" decoding=\"async\" class=\"alignnone wp-image-4391 size-full\" title=\"Umgebungsplan Salzburg Hauptbahnhof, MAP Salzburg Hauptbahnhof\" src=\"https:\/\/albus.at\/wp-content\/uploads\/2020\/03\/Salzburg-Hauptbahnhof_Umgebungsplan_MAP_2020_m840.jpg\" alt=\"Salzburg Hauptbahnhof_Umgebungsplan_MAP_2020\" width=\"1282\" height=\"904\" srcset=\"https:\/\/albus.at\/wp-content\/uploads\/2020\/03\/Salzburg-Hauptbahnhof_Umgebungsplan_MAP_2020_m840.jpg 1282w, https:\/\/albus.at\/wp-content\/uploads\/2020\/03\/Salzburg-Hauptbahnhof_Umgebungsplan_MAP_2020_m840-300x212.jpg 300w, https:\/\/albus.at\/wp-content\/uploads\/2020\/03\/Salzburg-Hauptbahnhof_Umgebungsplan_MAP_2020_m840-768x542.jpg 768w, https:\/\/albus.at\/wp-content\/uploads\/2020\/03\/Salzburg-Hauptbahnhof_Umgebungsplan_MAP_2020_m840-1024x722.jpg 1024w, https:\/\/albus.at\/wp-content\/uploads\/2020\/03\/Salzburg-Hauptbahnhof_Umgebungsplan_MAP_2020_m840-355x250.jpg 355w\" sizes=\"auto, (max-width: 1282px) 100vw, 1282px\" \/><\/a><\/p>\n<p><u>Tarifinformation<\/u>: <strong>Bayern-Tickets<\/strong> werden auf der <strong>Linie 840<\/strong> entsprechend Ihrer jeweiligen G\u00fcltigkeit* <strong>anerkannt<\/strong>. Bayern-Tickets k\u00f6nnen auch direkt beim Busfahrer gel\u00f6st werden.<\/p>\n<p><strong>*<\/strong> <strong>G\u00fcltigkeit Bayern-Ticket<\/strong><em> (Auszug DB-Homepage\/Quelle: <\/em><a href=\"http:\/\/www.bahn.de\" target=\"_blank\" rel=\"noopener noreferrer\"><em>Deutsche Bahn<\/em><\/a><em>):<\/em><\/p>\n<ul>\n<li>an einem Tag Ihrer Wahl von 9 Uhr bis 3 Uhr des n\u00e4chsten Tages<\/li>\n<li>an Wochenenden, Feiertagen (inklusive Maria Himmelfahrt) sowie am 24. und 31. Dezember von 0 bis 3 Uhr des n\u00e4chsten Tages<\/li>\n<\/ul>\n<p><u>Tarifinformation Deutschland-Ticket<\/u>: <strong>Auf der Linie 840 ist das Deutschland-Ticket nur auf dem<\/strong> <u><b>deutschen Streckenabschnitt<\/b><\/u> (bis\/ab der Haltestelle Zollh\u00e4user) <b>g\u00fcltig!\u00a0<\/b><\/p>\n<p><u>Fare information Deutschland-Ticket<\/u>: <strong>On bus 840, the <\/strong><b>Deutschland-Ticket is only <u>valid on the German section <\/u><\/b><u>(to\/from stop Zollh\u00e4user)<\/u><b>!<\/b><\/p>\n<p><span style=\"text-decoration: underline;\">Tarifinformation\/Fare information Guest Mobility Ticket (Salzburg)<\/span>:<\/p>\n<ul style=\"list-style-type: circle;\">\n<li><strong>Auf der Linie 840 ist das Guest Mobility Ticket nur auf dem<\/strong> <span style=\"text-decoration: underline;\"><strong>\u00f6sterreichischen <\/strong><\/span><u><b>Streckenabschnitt<\/b><\/u> (bis\/ab der Haltestelle Hangendenstein) <b>g\u00fcltig! <\/b><\/li>\n<li><b><strong>On bus 840, the Guest Mobility Ticket<\/strong>\u00a0is only <u>valid on the Austrian section<\/u><\/b> (to\/from stop Hangendenstein)<b>!<\/b><\/li>\n<\/ul>\n<p>Linie 840: Ein Service von <a href=\"http:\/\/www.albus.at\" target=\"_blank\" rel=\"noopener\">Albus Salzburg<\/a> und <a href=\"https:\/\/www.dbregiobus-bayern.de\/regiobusbayern\/view\/index.shtml\" target=\"_blank\" rel=\"noopener\">RVO<\/a>. Bus 840 is operated by <a href=\"http:\/\/www.albus.at\" target=\"_blank\" rel=\"noopener\">Albus Salzburg<\/a> and <a href=\"https:\/\/www.dbregiobus-bayern.de\/regiobusbayern\/view\/index.shtml\" target=\"_blank\" rel=\"noopener\">RVO<\/a>.<\/p>\n<hr \/>\n<p>&nbsp;<\/p>\n<\/div>\n<\/div><\/div><\/div><\/div><\/div><\/div><a href='#' class='pt_pt_richard_readmore_trigger' data-target='98'>mehr lesen<\/a>\t<\/div><div style='clear:both'><\/div><\/div><div id=\"panel-237-2-0-0\" class=\"so-panel widget widget_sow-editor panel-first-child panel-last-child\" data-index=\"2\" ><div\n\t\t\t\n\t\t\tclass=\"so-widget-sow-editor so-widget-sow-editor-base\"\n\t\t\t\n\t\t>\n<div class=\"siteorigin-widget-tinymce textwidget\">\n\t\n<\/div>\n<\/div><\/div><\/div><\/div><\/div><\/div>","protected":false},"excerpt":{"rendered":"<p>Aktuelle Fahrplan Informationen Eine Haltestelle wurde verlegt oder ausgelassen. Der Fahrplan deines Busses hat sich ge\u00e4ndert. Kommt dir das bekannt vor? Hier informieren wir dich \u00fcber aktuelle Streckensperren und Linien\u00e4nderungen. So bleibst du auf dem Laufenden und kommst p\u00fcnktlich ans Ziel.<\/p>\n","protected":false},"author":31,"featured_media":0,"parent":1135,"menu_order":0,"comment_status":"closed","ping_status":"closed","template":"","meta":{"footnotes":""},"class_list":["post-237","page","type-page","status-publish","hentry"],"yoast_head":"<!-- This site is optimized with the Yoast SEO plugin v27.4 - https:\/\/yoast.com\/product\/yoast-seo-wordpress\/ -->\n<title>Aktuelle Fahrplaninfos und St\u00f6rungen \u00bb Busse Salzburg | Albus<\/title>\n<meta name=\"description\" content=\"Eine Haltestelle wurde verlegt? Der Fahrplan deines Busses hat sich ge\u00e4ndert? \u27a4 Erfahre mehr \u00fcber aktuelle Streckensperren und Linien\u00e4nderungen.\" \/>\n<meta name=\"robots\" content=\"index, follow, max-snippet:-1, max-image-preview:large, max-video-preview:-1\" \/>\n<link rel=\"canonical\" href=\"https:\/\/albus.at\/de\/linienbusse\/aktuell\/\" \/>\n<meta property=\"og:locale\" content=\"de_DE\" \/>\n<meta property=\"og:type\" content=\"article\" \/>\n<meta property=\"og:title\" content=\"Aktuelle Fahrplaninfos und St\u00f6rungen \u00bb Busse Salzburg | Albus\" \/>\n<meta property=\"og:description\" content=\"Eine Haltestelle wurde verlegt? Der Fahrplan deines Busses hat sich ge\u00e4ndert? \u27a4 Erfahre mehr \u00fcber aktuelle Streckensperren und Linien\u00e4nderungen.\" \/>\n<meta property=\"og:url\" content=\"https:\/\/albus.at\/de\/linienbusse\/aktuell\/\" \/>\n<meta property=\"og:site_name\" content=\"Albus\" \/>\n<meta property=\"article:modified_time\" content=\"2023-08-07T11:00:21+00:00\" \/>\n<meta name=\"twitter:card\" content=\"summary_large_image\" \/>\n<meta name=\"twitter:label1\" content=\"Gesch\u00e4tzte Lesezeit\" \/>\n\t<meta name=\"twitter:data1\" content=\"1\u00a0Minute\" \/>\n<script type=\"application\/ld+json\" class=\"yoast-schema-graph\">{\"@context\":\"https:\\\/\\\/schema.org\",\"@graph\":[{\"@type\":\"WebPage\",\"@id\":\"https:\\\/\\\/albus.at\\\/de\\\/linienbusse\\\/aktuell\\\/\",\"url\":\"https:\\\/\\\/albus.at\\\/de\\\/linienbusse\\\/aktuell\\\/\",\"name\":\"Aktuelle Fahrplaninfos und St\u00f6rungen \u00bb Busse Salzburg | Albus\",\"isPartOf\":{\"@id\":\"https:\\\/\\\/albus.at\\\/en\\\/#website\"},\"datePublished\":\"2018-06-14T09:37:55+00:00\",\"dateModified\":\"2023-08-07T11:00:21+00:00\",\"description\":\"Eine Haltestelle wurde verlegt? Der Fahrplan deines Busses hat sich ge\u00e4ndert? \u27a4 Erfahre mehr \u00fcber aktuelle Streckensperren und Linien\u00e4nderungen.\",\"breadcrumb\":{\"@id\":\"https:\\\/\\\/albus.at\\\/de\\\/linienbusse\\\/aktuell\\\/#breadcrumb\"},\"inLanguage\":\"de\",\"potentialAction\":[{\"@type\":\"ReadAction\",\"target\":[\"https:\\\/\\\/albus.at\\\/de\\\/linienbusse\\\/aktuell\\\/\"]}]},{\"@type\":\"BreadcrumbList\",\"@id\":\"https:\\\/\\\/albus.at\\\/de\\\/linienbusse\\\/aktuell\\\/#breadcrumb\",\"itemListElement\":[{\"@type\":\"ListItem\",\"position\":1,\"name\":\"Startseite\",\"item\":\"https:\\\/\\\/albus.at\\\/de\\\/\"},{\"@type\":\"ListItem\",\"position\":2,\"name\":\"Linienbusse\",\"item\":\"https:\\\/\\\/albus.at\\\/de\\\/linienbusse\\\/\"},{\"@type\":\"ListItem\",\"position\":3,\"name\":\"Aktuell\"}]},{\"@type\":\"WebSite\",\"@id\":\"https:\\\/\\\/albus.at\\\/en\\\/#website\",\"url\":\"https:\\\/\\\/albus.at\\\/en\\\/\",\"name\":\"Albus\",\"description\":\"\",\"publisher\":{\"@id\":\"https:\\\/\\\/albus.at\\\/en\\\/#organization\"},\"potentialAction\":[{\"@type\":\"SearchAction\",\"target\":{\"@type\":\"EntryPoint\",\"urlTemplate\":\"https:\\\/\\\/albus.at\\\/en\\\/?s={search_term_string}\"},\"query-input\":{\"@type\":\"PropertyValueSpecification\",\"valueRequired\":true,\"valueName\":\"search_term_string\"}}],\"inLanguage\":\"de\"},{\"@type\":\"Organization\",\"@id\":\"https:\\\/\\\/albus.at\\\/en\\\/#organization\",\"name\":\"Albus\",\"url\":\"https:\\\/\\\/albus.at\\\/en\\\/\",\"logo\":{\"@type\":\"ImageObject\",\"inLanguage\":\"de\",\"@id\":\"https:\\\/\\\/albus.at\\\/en\\\/#\\\/schema\\\/logo\\\/image\\\/\",\"url\":\"https:\\\/\\\/albus.at\\\/wp-content\\\/uploads\\\/2021\\\/08\\\/cropped-lg4-1-e1630057573669.png\",\"contentUrl\":\"https:\\\/\\\/albus.at\\\/wp-content\\\/uploads\\\/2021\\\/08\\\/cropped-lg4-1-e1630057573669.png\",\"width\":250,\"height\":58,\"caption\":\"Albus\"},\"image\":{\"@id\":\"https:\\\/\\\/albus.at\\\/en\\\/#\\\/schema\\\/logo\\\/image\\\/\"}}]}<\/script>\n<!-- \/ Yoast SEO plugin. -->","yoast_head_json":{"title":"Aktuelle Fahrplaninfos und St\u00f6rungen \u00bb Busse Salzburg | Albus","description":"Eine Haltestelle wurde verlegt? Der Fahrplan deines Busses hat sich ge\u00e4ndert? \u27a4 Erfahre mehr \u00fcber aktuelle Streckensperren und Linien\u00e4nderungen.","robots":{"index":"index","follow":"follow","max-snippet":"max-snippet:-1","max-image-preview":"max-image-preview:large","max-video-preview":"max-video-preview:-1"},"canonical":"https:\/\/albus.at\/de\/linienbusse\/aktuell\/","og_locale":"de_DE","og_type":"article","og_title":"Aktuelle Fahrplaninfos und St\u00f6rungen \u00bb Busse Salzburg | Albus","og_description":"Eine Haltestelle wurde verlegt? Der Fahrplan deines Busses hat sich ge\u00e4ndert? \u27a4 Erfahre mehr \u00fcber aktuelle Streckensperren und Linien\u00e4nderungen.","og_url":"https:\/\/albus.at\/de\/linienbusse\/aktuell\/","og_site_name":"Albus","article_modified_time":"2023-08-07T11:00:21+00:00","twitter_card":"summary_large_image","twitter_misc":{"Gesch\u00e4tzte Lesezeit":"1\u00a0Minute"},"schema":{"@context":"https:\/\/schema.org","@graph":[{"@type":"WebPage","@id":"https:\/\/albus.at\/de\/linienbusse\/aktuell\/","url":"https:\/\/albus.at\/de\/linienbusse\/aktuell\/","name":"Aktuelle Fahrplaninfos und St\u00f6rungen \u00bb Busse Salzburg | Albus","isPartOf":{"@id":"https:\/\/albus.at\/en\/#website"},"datePublished":"2018-06-14T09:37:55+00:00","dateModified":"2023-08-07T11:00:21+00:00","description":"Eine Haltestelle wurde verlegt? Der Fahrplan deines Busses hat sich ge\u00e4ndert? \u27a4 Erfahre mehr \u00fcber aktuelle Streckensperren und Linien\u00e4nderungen.","breadcrumb":{"@id":"https:\/\/albus.at\/de\/linienbusse\/aktuell\/#breadcrumb"},"inLanguage":"de","potentialAction":[{"@type":"ReadAction","target":["https:\/\/albus.at\/de\/linienbusse\/aktuell\/"]}]},{"@type":"BreadcrumbList","@id":"https:\/\/albus.at\/de\/linienbusse\/aktuell\/#breadcrumb","itemListElement":[{"@type":"ListItem","position":1,"name":"Startseite","item":"https:\/\/albus.at\/de\/"},{"@type":"ListItem","position":2,"name":"Linienbusse","item":"https:\/\/albus.at\/de\/linienbusse\/"},{"@type":"ListItem","position":3,"name":"Aktuell"}]},{"@type":"WebSite","@id":"https:\/\/albus.at\/en\/#website","url":"https:\/\/albus.at\/en\/","name":"Albus","description":"","publisher":{"@id":"https:\/\/albus.at\/en\/#organization"},"potentialAction":[{"@type":"SearchAction","target":{"@type":"EntryPoint","urlTemplate":"https:\/\/albus.at\/en\/?s={search_term_string}"},"query-input":{"@type":"PropertyValueSpecification","valueRequired":true,"valueName":"search_term_string"}}],"inLanguage":"de"},{"@type":"Organization","@id":"https:\/\/albus.at\/en\/#organization","name":"Albus","url":"https:\/\/albus.at\/en\/","logo":{"@type":"ImageObject","inLanguage":"de","@id":"https:\/\/albus.at\/en\/#\/schema\/logo\/image\/","url":"https:\/\/albus.at\/wp-content\/uploads\/2021\/08\/cropped-lg4-1-e1630057573669.png","contentUrl":"https:\/\/albus.at\/wp-content\/uploads\/2021\/08\/cropped-lg4-1-e1630057573669.png","width":250,"height":58,"caption":"Albus"},"image":{"@id":"https:\/\/albus.at\/en\/#\/schema\/logo\/image\/"}}]}},"_links":{"self":[{"href":"https:\/\/albus.at\/de\/wp-json\/wp\/v2\/pages\/237","targetHints":{"allow":["GET"]}}],"collection":[{"href":"https:\/\/albus.at\/de\/wp-json\/wp\/v2\/pages"}],"about":[{"href":"https:\/\/albus.at\/de\/wp-json\/wp\/v2\/types\/page"}],"author":[{"embeddable":true,"href":"https:\/\/albus.at\/de\/wp-json\/wp\/v2\/users\/31"}],"replies":[{"embeddable":true,"href":"https:\/\/albus.at\/de\/wp-json\/wp\/v2\/comments?post=237"}],"version-history":[{"count":39,"href":"https:\/\/albus.at\/de\/wp-json\/wp\/v2\/pages\/237\/revisions"}],"predecessor-version":[{"id":6233,"href":"https:\/\/albus.at\/de\/wp-json\/wp\/v2\/pages\/237\/revisions\/6233"}],"up":[{"embeddable":true,"href":"https:\/\/albus.at\/de\/wp-json\/wp\/v2\/pages\/1135"}],"wp:attachment":[{"href":"https:\/\/albus.at\/de\/wp-json\/wp\/v2\/media?parent=237"}],"curies":[{"name":"wp","href":"https:\/\/api.w.org\/{rel}","templated":true}]}}