{"id":1309,"date":"2019-05-16T09:19:39","date_gmt":"2019-05-16T09:19:39","guid":{"rendered":"http:\/\/advertiser.sitecontrol.at\/albus\/?page_id=1309"},"modified":"2024-06-04T16:03:42","modified_gmt":"2024-06-04T14:03:42","slug":"impressum","status":"publish","type":"page","link":"https:\/\/albus.at\/de\/impressum\/","title":{"rendered":"Impressum"},"content":{"rendered":"<div id=\"pl-1309\"  class=\"panel-layout\" ><div id=\"pg-1309-0\"  class=\"panel-grid panel-no-style\" ><div id=\"pgc-1309-0-0\"  class=\"panel-grid-cell\" ><div id=\"panel-1309-0-0-0\" class=\"so-panel widget widget_dr-richard-page-header panel-first-child panel-last-child\" data-index=\"0\" ><div class=\"d-none d-md-block panel-widget-style panel-widget-style-for-1309-0-0-0\" ><div\n\t\t\t\n\t\t\tclass=\"so-widget-dr-richard-page-header so-widget-dr-richard-page-header-default-40cd750bba98-1309\"\n\t\t\t\n\t\t><div>\n    <div class=\"page-header-container\" style=\"background-image: linear-gradient(rgba(0, 0, 0, 0.3), rgba(0, 0, 0, 0.3)), url('https:\/\/albus.at\/wp-content\/uploads\/2021\/10\/DSC01017.jpg')\">\n        <div class=\"page-header-bottomleft\">\n            <h2><span>Impressum<\/span><\/h2>\n            <div class=\"page-header-description\"><\/div>\n        <\/div>\n    <\/div>\n<\/div><\/div><\/div><\/div><\/div><\/div><div id=\"pg-1309-1\"  class=\"panel-grid panel-has-style\" ><div class=\"panel-row-style panel-row-style-for-1309-1\" ><div id=\"pgc-1309-1-0\"  class=\"panel-grid-cell\" ><div id=\"panel-1309-1-0-0\" class=\"so-panel widget widget_sow-editor panel-first-child panel-last-child\" data-index=\"1\" ><div\n\t\t\t\n\t\t\tclass=\"so-widget-sow-editor so-widget-sow-editor-base\"\n\t\t\t\n\t\t>\n<div class=\"siteorigin-widget-tinymce textwidget\">\n\t<h1 style=\"text-align: center;\"><span style=\"color: #27c228;\">Impressum &amp; rechtliche Hinweise<\/span><\/h1>\n<p><strong>Medieninhaber, Herausgeber, Internetredaktion:<\/strong><br \/>\nAlbus Salzburg Verkehrsbetrieb GmbH<br \/>\nJulius-Welser-Strasse 8, 5020 Salzburg<br \/>\nTel. <a href=\"tel:+43662424000\">+43 662 424 000<\/a><br \/>\n<a href=\"mailto:linie@albus.at\">linie@albus.at<\/a><\/p>\n<p><strong>Firmensitz:<\/strong> Salzburg<br \/>\n<strong>Gesch\u00e4ftsf\u00fchrer:<\/strong> Hermann H\u00e4ckl<br \/>\n<strong>Gesellschafter:<\/strong> Salzburg AG &amp; Dr. Richard GmbH<br \/>\n<strong>Unternehmensgegenstand:<\/strong> Verkehrsunternehmen<br \/>\n<strong>Kammer:<\/strong> Mitglied der Wirtschaftskammer \u00d6sterreich<br \/>\n<strong>Berufs- und standesrechtliche Vorschriften:<\/strong> <a href=\"https:\/\/www.ris.bka.gv.at\/\" target=\"_blank\" rel=\"noopener\">https:\/\/www.ris.bka.gv.at\/<\/a><strong><br \/>\nFirmengericht:<\/strong> LG Salzburg<br \/>\n<strong>UID-Nummer:<\/strong> ATU56283239<br \/>\n<strong>Firmenbuchnummer:<\/strong>\u00a039883 b<\/p>\n<p><strong>Fahrgastrechte:<\/strong><br \/>\nSeit 01.03.2013 gelten aufgrund der Verordnung <a href=\"http:\/\/eur-lex.europa.eu\/legal-content\/DE\/TXT\/?uri=LEGISSUM:tr0050\">VO 181\/2011<\/a> des Europ\u00e4ischen Parlamentes und des europ\u00e4ischen Rates Fahrgastrechte im Kraftomnibusverkehr. Diese Verordnung legt Vorschriften f\u00fcr den Kraftomnibusverkehr bez\u00fcglich der Linienverkehrsdienste f\u00fcr Fahrg\u00e4ste fest, die innerhalb der EU eine Wegstrecke von 250 km oder mehr zur\u00fccklegen. Einige der Bestimmungen gelten f\u00fcr alle Verkehrsdienste, einschlie\u00dflich der Verkehrsdienste mit k\u00fcrzeren Wegstrecken. Die Verordnung enth\u00e4lt beispielsweise die Rechte der Fahrg\u00e4ste bei Unf\u00e4llen, im Besonderen Entsch\u00e4digungen und Hilfeleistungen nach solchen, besondere Rechte f\u00fcr Personen mit eingeschr\u00e4nkter Mobilit\u00e4t oder die Informationspflicht der Fahrg\u00e4ste bei Annullierungen oder Versp\u00e4tungen bzw. etwaige Erstattungen bei solchen.<br \/>\nWeitere Informationen: <a href=\"https:\/\/advertiser.sitecontrol.at\/fahrgastrechte\/\" target=\"_blank\" rel=\"noopener\">Fahrgastrechte<\/a><\/p>\n<p><strong>Streitschlichtung:<br \/>\n<\/strong>Die Europ\u00e4ische Kommission stellt eine Plattform zur Online-Streitbeilegung (OS) bereit, die unter <a href=\"https:\/\/ec.europa.eu\/consumers\/odr\/\" target=\"_blank\" rel=\"noopener\">https:\/\/ec.europa.eu\/consumers\/odr\/<\/a> zu finden ist. Die Schlichtungsstelle bei Streitigkeiten von Fahrg\u00e4sten von Kraftfahrlinien mit dem Bef\u00f6rderungsunternehmen (gem. Art 28 der EU-Verordnung Nr. 181\/2011) ist die<br \/>\nUnabh\u00e4ngige Agentur f\u00fcr Passagier- und Fahrgastrechte (apf)<br \/>\nPassagiere, die mit der Entscheidung des Unternehmens nicht einverstanden sind, k\u00f6nnen sich in \u00d6sterreich an die apf wenden.<br \/>\nIhre Unterlagen reichen Sie bitte mittels Beschwerdeformular unter <a href=\"http:\/\/www.passagier.at\/\" target=\"_blank\" rel=\"noopener\">www.passagier.at<\/a> ein.<br \/>\nSollte die elektronische \u00dcbermittlung f\u00fcr Sie nicht m\u00f6glich sein, senden Sie die Unterlagen per Post an:<br \/>\nAgentur f\u00fcr Passagier- und Fahrgastrechte, Fachbereich Bahn<br \/>\nLinke Wienzeile 4\/1\/6<br \/>\nA-1060 Wien<br \/>\n<a href=\"http:\/\/www.passagier.at\/\" target=\"_blank\" rel=\"noopener\">www.passagier.at<\/a><\/p>\n<p>Dieses Impressum gilt auch f\u00fcr die <strong>Facebookseite<\/strong>:<\/p>\n<p>https:\/\/www.facebook.com\/Albus.Salzburg<\/p>\n<p><strong>Gew\u00e4hrleistung:<br \/>\n<\/strong>Alle Angaben dieses Internetangebotes wurden sorgf\u00e4ltig gepr\u00fcft. Wir bem\u00fchen uns, dieses Informationsangebot stetig zu erweitern und zu aktualisieren. Eine Garantie f\u00fcr die Vollst\u00e4ndigkeit, Richtigkeit und letzte Aktualit\u00e4t kann jedoch nicht \u00fcbernommen werden. Albus stellt diese Informationen ohne jegliche Zusicherung oder Gew\u00e4hrleistung jedweder Art, sei sie ausdr\u00fccklich oder stillschweigend, zur Verf\u00fcgung. Albus schlie\u00dft jegliche Haftung f\u00fcr Sch\u00e4den, die direkt oder indirekt aus der Benutzung dieser Website entstehen, aus, soweit diese nicht auf Vorsatz oder grober Fahrl\u00e4ssigkeit von Albus beruhen.<\/p>\n<p><strong>Copyright:<\/strong><br \/>\nDie Seiten unseres Auftritts genie\u00dfen urheberrechtlichen Schutz. Insbesondere Vervielf\u00e4ltigungen, \u00dcbersetzungen und die Einspeicherung und Verarbeitung in anderen elektronischen Medien sind urheberrechtlich gesch\u00fctzt. Nachahmung und Verwertung auch auszugsweise sind nur mit Genehmigung von Albus statthaft. Inhalt und Struktur des Internetauftritts sind urheberrechtlich gesch\u00fctzt. Die Vervielf\u00e4ltigung von Informationen oder Daten, insbesondere die Verwendung von Texten, Textteilen oder Bildmaterial, bedarf der vorherigen schriftlichen Zustimmung. Die Abbildungen genie\u00dfen den Schutz des \u00a7 73 UrhG. F\u00fcr Anfragen bzgl. Nutzung des Bildmaterials wenden Sie sich bitte an <a href=\"mailto:office@salzkraft.at\" target=\"_blank\" rel=\"noopener\">office@salzkraft.at<\/a><\/p>\n<p><strong>Sicherheit:<\/strong><br \/>\nAlbus trifft Vorkehrungen, um Ihre personenbezogenen Daten vor Verlust, Zerst\u00f6rung, Verf\u00e4lschung, Manipulation und unberechtigten Zugriff zu sch\u00fctzen. Die gesetzlichen Datenschutzbestimmungen der Republik \u00d6sterreich werden dabei selbstverst\u00e4ndlich beachtet. Dennoch m\u00f6chten wir Sie darauf hinweisen, dass keine elektronische Kommunikation vollkommen sicher ist. Trotz unserer hohen Anforderungen kann nicht g\u00e4nzlich ausgeschlossen werden, das Informationen, die \u00fcbers Netz \u00fcbertragen werden von anderen unberechtigterweise genutzt werden. Deshalb kann Albus f\u00fcr die Offenlegung von Informationen aufgrund von Fehlern bei der Daten\u00fcbertragung und\/oder unautorisiertem Zugriff durch Dritte keine Verantwortung oder Haftung \u00fcbernehmen.<\/p>\n<p><strong>Links zu anderen Websites:<\/strong><br \/>\nDiese Erkl\u00e4rung zum Datenschutz gilt f\u00fcr den Auftritt www.albus.at. Die Webseiten in diesem Auftritt enthalten auch Links auf Unternehmen, auf die sich die Datenschutzerkl\u00e4rung nicht erstreckt. Wenn Sie die Albus Webseite verlassen, wird empfohlen, die Datenschutzerkl\u00e4rung jeder Website, die personenbezogene Daten sammelt, sorgf\u00e4ltig zu lesen.<\/p>\n<p><strong>Haftungsausschluss:<\/strong><br \/>\nDie Aufnahme eines Links bedeutet keinesfalls, dass sich die verantwortliche Redakteurin oder der verantwortliche Redakteur oder Albus mit dem Inhalt der Seiten, auf die der Link verweist, identifiziert. Es wird ausdr\u00fccklich keinerlei Haftung f\u00fcr die Inhalte fremder bzw. verlinkter Seiten \u00fcbernommen!<\/p>\n<\/div>\n<\/div><\/div><\/div><\/div><\/div><div id=\"pg-1309-2\"  class=\"panel-grid panel-has-style\" ><div class=\"panel-row-style panel-row-style-for-1309-2\" ><div id=\"pgc-1309-2-0\"  class=\"panel-grid-cell\" ><div class='schedule'><table class='timetable'><\/table><\/div><div id=\"panel-1309-2-0-0\" class=\"so-panel widget widget_sow-editor panel-first-child panel-last-child\" data-index=\"2\" ><div\n\t\t\t\n\t\t\tclass=\"so-widget-sow-editor so-widget-sow-editor-base\"\n\t\t\t\n\t\t>\n<div class=\"siteorigin-widget-tinymce textwidget\">\n\t<p><b><span style=\"color: #444444; font-family: Consolas; font-size: small;\"><\/span><\/b><\/p>\n<\/div>\n<\/div><\/div><\/div><\/div><\/div><\/div>","protected":false},"excerpt":{"rendered":"<p>Impressum &amp; rechtliche Hinweise Medieninhaber, Herausgeber, Internetredaktion: Albus Salzburg Verkehrsbetrieb GmbH Julius-Welser-Strasse 8, 5020 Salzburg Tel. +43 662 424 000 linie@albus.at Firmensitz: Salzburg Gesch\u00e4ftsf\u00fchrer: Hermann H\u00e4ckl Gesellschafter: Salzburg AG &amp; Dr. Richard GmbH Unternehmensgegenstand: Verkehrsunternehmen Kammer: Mitglied der Wirtschaftskammer \u00d6sterreich Berufs- und standesrechtliche Vorschriften: https:\/\/www.ris.bka.gv.at\/ Firmengericht: LG Salzburg UID-Nummer: ATU56283239 Firmenbuchnummer:\u00a039883 b Fahrgastrechte: Seit 01.03.2013 [&hellip;]<\/p>\n","protected":false},"author":31,"featured_media":0,"parent":0,"menu_order":0,"comment_status":"closed","ping_status":"closed","template":"","meta":{"footnotes":""},"class_list":["post-1309","page","type-page","status-publish","hentry"],"yoast_head":"<!-- This site is optimized with the Yoast SEO plugin v27.4 - https:\/\/yoast.com\/product\/yoast-seo-wordpress\/ -->\n<title>Impressum und rechtliche Hinweise | Albus<\/title>\n<meta name=\"robots\" content=\"index, follow, max-snippet:-1, max-image-preview:large, max-video-preview:-1\" \/>\n<link rel=\"canonical\" href=\"https:\/\/albus.at\/de\/impressum\/\" \/>\n<meta property=\"og:locale\" content=\"de_DE\" \/>\n<meta property=\"og:type\" content=\"article\" \/>\n<meta property=\"og:title\" content=\"Impressum und rechtliche Hinweise | Albus\" \/>\n<meta property=\"og:description\" content=\"Impressum &amp; rechtliche Hinweise Medieninhaber, Herausgeber, Internetredaktion: Albus Salzburg Verkehrsbetrieb GmbH Julius-Welser-Strasse 8, 5020 Salzburg Tel. +43 662 424 000 linie@albus.at Firmensitz: Salzburg Gesch\u00e4ftsf\u00fchrer: Hermann H\u00e4ckl Gesellschafter: Salzburg AG &amp; Dr. Richard GmbH Unternehmensgegenstand: Verkehrsunternehmen Kammer: Mitglied der Wirtschaftskammer \u00d6sterreich Berufs- und standesrechtliche Vorschriften: https:\/\/www.ris.bka.gv.at\/ Firmengericht: LG Salzburg UID-Nummer: ATU56283239 Firmenbuchnummer:\u00a039883 b Fahrgastrechte: Seit 01.03.2013 [&hellip;]\" \/>\n<meta property=\"og:url\" content=\"https:\/\/albus.at\/de\/impressum\/\" \/>\n<meta property=\"og:site_name\" content=\"Albus\" \/>\n<meta property=\"article:modified_time\" content=\"2024-06-04T14:03:42+00:00\" \/>\n<meta name=\"twitter:card\" content=\"summary_large_image\" \/>\n<meta name=\"twitter:label1\" content=\"Gesch\u00e4tzte Lesezeit\" \/>\n\t<meta name=\"twitter:data1\" content=\"4\u00a0Minuten\" \/>\n<script type=\"application\/ld+json\" class=\"yoast-schema-graph\">{\"@context\":\"https:\\\/\\\/schema.org\",\"@graph\":[{\"@type\":\"WebPage\",\"@id\":\"https:\\\/\\\/albus.at\\\/de\\\/impressum\\\/\",\"url\":\"https:\\\/\\\/albus.at\\\/de\\\/impressum\\\/\",\"name\":\"Impressum und rechtliche Hinweise | Albus\",\"isPartOf\":{\"@id\":\"https:\\\/\\\/albus.at\\\/en\\\/#website\"},\"datePublished\":\"2019-05-16T09:19:39+00:00\",\"dateModified\":\"2024-06-04T14:03:42+00:00\",\"breadcrumb\":{\"@id\":\"https:\\\/\\\/albus.at\\\/de\\\/impressum\\\/#breadcrumb\"},\"inLanguage\":\"de\",\"potentialAction\":[{\"@type\":\"ReadAction\",\"target\":[\"https:\\\/\\\/albus.at\\\/de\\\/impressum\\\/\"]}]},{\"@type\":\"BreadcrumbList\",\"@id\":\"https:\\\/\\\/albus.at\\\/de\\\/impressum\\\/#breadcrumb\",\"itemListElement\":[{\"@type\":\"ListItem\",\"position\":1,\"name\":\"Startseite\",\"item\":\"https:\\\/\\\/albus.at\\\/de\\\/\"},{\"@type\":\"ListItem\",\"position\":2,\"name\":\"Impressum\"}]},{\"@type\":\"WebSite\",\"@id\":\"https:\\\/\\\/albus.at\\\/en\\\/#website\",\"url\":\"https:\\\/\\\/albus.at\\\/en\\\/\",\"name\":\"Albus\",\"description\":\"\",\"publisher\":{\"@id\":\"https:\\\/\\\/albus.at\\\/en\\\/#organization\"},\"potentialAction\":[{\"@type\":\"SearchAction\",\"target\":{\"@type\":\"EntryPoint\",\"urlTemplate\":\"https:\\\/\\\/albus.at\\\/en\\\/?s={search_term_string}\"},\"query-input\":{\"@type\":\"PropertyValueSpecification\",\"valueRequired\":true,\"valueName\":\"search_term_string\"}}],\"inLanguage\":\"de\"},{\"@type\":\"Organization\",\"@id\":\"https:\\\/\\\/albus.at\\\/en\\\/#organization\",\"name\":\"Albus\",\"url\":\"https:\\\/\\\/albus.at\\\/en\\\/\",\"logo\":{\"@type\":\"ImageObject\",\"inLanguage\":\"de\",\"@id\":\"https:\\\/\\\/albus.at\\\/en\\\/#\\\/schema\\\/logo\\\/image\\\/\",\"url\":\"https:\\\/\\\/albus.at\\\/wp-content\\\/uploads\\\/2021\\\/08\\\/cropped-lg4-1-e1630057573669.png\",\"contentUrl\":\"https:\\\/\\\/albus.at\\\/wp-content\\\/uploads\\\/2021\\\/08\\\/cropped-lg4-1-e1630057573669.png\",\"width\":250,\"height\":58,\"caption\":\"Albus\"},\"image\":{\"@id\":\"https:\\\/\\\/albus.at\\\/en\\\/#\\\/schema\\\/logo\\\/image\\\/\"}}]}<\/script>\n<!-- \/ Yoast SEO plugin. -->","yoast_head_json":{"title":"Impressum und rechtliche Hinweise | Albus","robots":{"index":"index","follow":"follow","max-snippet":"max-snippet:-1","max-image-preview":"max-image-preview:large","max-video-preview":"max-video-preview:-1"},"canonical":"https:\/\/albus.at\/de\/impressum\/","og_locale":"de_DE","og_type":"article","og_title":"Impressum und rechtliche Hinweise | Albus","og_description":"Impressum &amp; rechtliche Hinweise Medieninhaber, Herausgeber, Internetredaktion: Albus Salzburg Verkehrsbetrieb GmbH Julius-Welser-Strasse 8, 5020 Salzburg Tel. +43 662 424 000 linie@albus.at Firmensitz: Salzburg Gesch\u00e4ftsf\u00fchrer: Hermann H\u00e4ckl Gesellschafter: Salzburg AG &amp; Dr. Richard GmbH Unternehmensgegenstand: Verkehrsunternehmen Kammer: Mitglied der Wirtschaftskammer \u00d6sterreich Berufs- und standesrechtliche Vorschriften: https:\/\/www.ris.bka.gv.at\/ Firmengericht: LG Salzburg UID-Nummer: ATU56283239 Firmenbuchnummer:\u00a039883 b Fahrgastrechte: Seit 01.03.2013 [&hellip;]","og_url":"https:\/\/albus.at\/de\/impressum\/","og_site_name":"Albus","article_modified_time":"2024-06-04T14:03:42+00:00","twitter_card":"summary_large_image","twitter_misc":{"Gesch\u00e4tzte Lesezeit":"4\u00a0Minuten"},"schema":{"@context":"https:\/\/schema.org","@graph":[{"@type":"WebPage","@id":"https:\/\/albus.at\/de\/impressum\/","url":"https:\/\/albus.at\/de\/impressum\/","name":"Impressum und rechtliche Hinweise | Albus","isPartOf":{"@id":"https:\/\/albus.at\/en\/#website"},"datePublished":"2019-05-16T09:19:39+00:00","dateModified":"2024-06-04T14:03:42+00:00","breadcrumb":{"@id":"https:\/\/albus.at\/de\/impressum\/#breadcrumb"},"inLanguage":"de","potentialAction":[{"@type":"ReadAction","target":["https:\/\/albus.at\/de\/impressum\/"]}]},{"@type":"BreadcrumbList","@id":"https:\/\/albus.at\/de\/impressum\/#breadcrumb","itemListElement":[{"@type":"ListItem","position":1,"name":"Startseite","item":"https:\/\/albus.at\/de\/"},{"@type":"ListItem","position":2,"name":"Impressum"}]},{"@type":"WebSite","@id":"https:\/\/albus.at\/en\/#website","url":"https:\/\/albus.at\/en\/","name":"Albus","description":"","publisher":{"@id":"https:\/\/albus.at\/en\/#organization"},"potentialAction":[{"@type":"SearchAction","target":{"@type":"EntryPoint","urlTemplate":"https:\/\/albus.at\/en\/?s={search_term_string}"},"query-input":{"@type":"PropertyValueSpecification","valueRequired":true,"valueName":"search_term_string"}}],"inLanguage":"de"},{"@type":"Organization","@id":"https:\/\/albus.at\/en\/#organization","name":"Albus","url":"https:\/\/albus.at\/en\/","logo":{"@type":"ImageObject","inLanguage":"de","@id":"https:\/\/albus.at\/en\/#\/schema\/logo\/image\/","url":"https:\/\/albus.at\/wp-content\/uploads\/2021\/08\/cropped-lg4-1-e1630057573669.png","contentUrl":"https:\/\/albus.at\/wp-content\/uploads\/2021\/08\/cropped-lg4-1-e1630057573669.png","width":250,"height":58,"caption":"Albus"},"image":{"@id":"https:\/\/albus.at\/en\/#\/schema\/logo\/image\/"}}]}},"_links":{"self":[{"href":"https:\/\/albus.at\/de\/wp-json\/wp\/v2\/pages\/1309","targetHints":{"allow":["GET"]}}],"collection":[{"href":"https:\/\/albus.at\/de\/wp-json\/wp\/v2\/pages"}],"about":[{"href":"https:\/\/albus.at\/de\/wp-json\/wp\/v2\/types\/page"}],"author":[{"embeddable":true,"href":"https:\/\/albus.at\/de\/wp-json\/wp\/v2\/users\/31"}],"replies":[{"embeddable":true,"href":"https:\/\/albus.at\/de\/wp-json\/wp\/v2\/comments?post=1309"}],"version-history":[{"count":31,"href":"https:\/\/albus.at\/de\/wp-json\/wp\/v2\/pages\/1309\/revisions"}],"predecessor-version":[{"id":6618,"href":"https:\/\/albus.at\/de\/wp-json\/wp\/v2\/pages\/1309\/revisions\/6618"}],"wp:attachment":[{"href":"https:\/\/albus.at\/de\/wp-json\/wp\/v2\/media?parent=1309"}],"curies":[{"name":"wp","href":"https:\/\/api.w.org\/{rel}","templated":true}]}}