{"id":1306,"date":"2019-05-16T09:18:56","date_gmt":"2019-05-16T09:18:56","guid":{"rendered":"http:\/\/advertiser.sitecontrol.at\/albus\/?page_id=1306"},"modified":"2022-04-07T12:18:13","modified_gmt":"2022-04-07T12:18:13","slug":"datenschutz","status":"publish","type":"page","link":"https:\/\/albus.at\/de\/datenschutz\/","title":{"rendered":"Datenschutz"},"content":{"rendered":"<div id=\"pl-1306\"  class=\"panel-layout\" ><div id=\"pg-1306-0\"  class=\"panel-grid panel-no-style\" ><div id=\"pgc-1306-0-0\"  class=\"panel-grid-cell\" ><div id=\"panel-1306-0-0-0\" class=\"so-panel widget widget_dr-richard-page-header panel-first-child panel-last-child\" data-index=\"0\" ><div class=\"d-none d-md-block panel-widget-style panel-widget-style-for-1306-0-0-0\" ><div\n\t\t\t\n\t\t\tclass=\"so-widget-dr-richard-page-header so-widget-dr-richard-page-header-default-40cd750bba98-1306\"\n\t\t\t\n\t\t><div>\n    <div class=\"page-header-container\" style=\"background-image: linear-gradient(rgba(0, 0, 0, 0.3), rgba(0, 0, 0, 0.3)), url('https:\/\/albus.at\/wp-content\/uploads\/2019\/06\/Mehrere-Busse_c-Albus_G-2_150dpi.jpg')\">\n        <div class=\"page-header-bottomleft\">\n            <h2><span>Datenschutz <\/span><\/h2>\n            <div class=\"page-header-description\"><p>Hier finden Sie alle Informationen zum Thema Datenschutz.<\/p>\n<\/div>\n        <\/div>\n    <\/div>\n<\/div><\/div><\/div><\/div><\/div><\/div><div id=\"pg-1306-1\"  class=\"panel-grid panel-has-style\" ><div class=\"panel-row-style panel-row-style-for-1306-1\" ><div id=\"pgc-1306-1-0\"  class=\"panel-grid-cell\" ><div id=\"panel-1306-1-0-0\" class=\"so-panel widget widget_sow-editor panel-first-child panel-last-child\" data-index=\"1\" ><div\n\t\t\t\n\t\t\tclass=\"so-widget-sow-editor so-widget-sow-editor-base\"\n\t\t\t\n\t\t>\n<div class=\"siteorigin-widget-tinymce textwidget\">\n\t<h1 style=\"text-align: center;\"><span style=\"color: #27c228;\">Datenschutz Information<\/span><\/h1>\n<h3 style=\"text-align: left;\">Datenschutzerkl\u00e4rung bzw. Informationen gem\u00e4\u00df Art 13 und 14 DSGVO<\/h3>\n<p><strong>Datenschutzrechtlich verantwortlich:<br \/>\n<\/strong>Albus Salzburg Verkehrsbetrieb GmbH<br \/>\nJulius-Welser-Strasse 8<br \/>\n5020 Salzburg<br \/>\n<a href=\"mailto:datenschutz@richard.at\" target=\"_blank\" rel=\"noopener\">datenschutz@richard.at<\/a><\/p>\n<p><strong>Ansprechpartner zum Thema Datenschutz:<\/strong><br \/>\nDatenschutzkoordinator der Firmengruppe Dr. Richard: Harald Stroh<br \/>\nDr. Richard Linien GmbH &amp; Co KG<br \/>\nStromstra\u00dfe 11<br \/>\n1200 Wien<br \/>\n<a href=\"tel:+43133100151\">+43 1 33100 151<\/a><br \/>\n<a href=\"mailto:datenschutz@richard.at\" target=\"_blank\" rel=\"noopener\">datenschutz@richard.at<\/a><\/p>\n<h3>Datenverarbeitungszwecke:<\/h3>\n<p><em><strong>Kontaktformular<\/strong><\/em><br \/>\nWenn Sie per Formular auf der Website oder per E-Mail Kontakt mit uns aufnehmen,\u00a0werden Ihre angegebenen Daten zwecks Bearbeitung der Anfrage und f\u00fcr den Fall von\u00a0Anschlussfragen sechs Monate bei uns gespeichert. Diese Daten geben wir nicht ohne\u00a0Ihre Einwilligung weiter. Sofern Sie das Kontaktformular ausf\u00fcllen, verarbeitet Albus Salzburg Verkehrsbetrieb GmbH als Auftragsverarbeiter die Daten auf Grundlage der\u00a0Allgemeinen Gesch\u00e4ftsbedingungen (insbesondere der darin enthaltenen Regelungen\u00a0zur Auftragsdatenverarbeitung).<\/p>\n<p><em><strong>Analysezwecke<\/strong><\/em><br \/>\nDar\u00fcber hinaus werden Daten zu Analysezwecken erhoben und verwendet. Diese\u00a0Datenverarbeitung erfolgt nicht personenbezogen (siehe hierzu nachstehend\u00a0Informationen zu Cookies).<\/p>\n<p><em><strong>IT-Sicherheit<\/strong><\/em><br \/>\nBeim Besuch dieser Website werden dar\u00fcber hinaus Logfiles gespeichert, welche die\u00a0IP-Adresse und sonstige Daten zum Zugriff auf die Website enthalten (z. B. Datum,\u00a0Uhrzeit, UserAgent, Referer). Die Datenverarbeitung erfolgt zeitlich befristet (maximal\u00a0sieben Tage) und nur zur Absicherung vor DDOS Attacken oder sonstigen Eingriffen in\u00a0die Funktionalit\u00e4t der Website sowie der allenfalls dahinterliegenden\u00a0Datenbanksysteme.<\/p>\n<p><em><strong>Informationen zu Cookies<\/strong><\/em><br \/>\nDiese Website verwendet so genannte Cookies. Dabei handelt es sich um kleine\u00a0Textdateien, die mit Hilfe des Browsers auf Ihrem Endger\u00e4t abgelegt werden. Sie richten keinen Schaden an.\u00a0Auf dieser Seite werden sogenannte Session Cookies verwendet. Diese werden beim\u00a0Aufruf der Website generiert und automatisch wieder gel\u00f6scht. Sie dienen der\u00a0Wiedererkennung, wenn Sie innerhalb kurzer Zeit dieselbe Website erneut aufrufen,\u00a0um bereits get\u00e4tigte Voreinstellungen erneut zu ber\u00fccksichtigen. Es werden dabei\u00a0keinerlei personenbezogene Daten gespeichert oder verarbeitet.<br \/>\nCookies haben den Zweck, das Website-Angebot nutzerfreundlich zu gestalten. Einige\u00a0Cookies bleiben auf Ihrem Endger\u00e4t gespeichert, bis Sie diese l\u00f6schen. Sie\u00a0erm\u00f6glichen es sohin dem Websitebetreiber, Ihren Browser beim n\u00e4chsten Besuch\u00a0wiederzuerkennen. Wenn Sie dies nicht w\u00fcnschen, so k\u00f6nnen Sie Ihren Browser so\u00a0einrichten, dass er Sie \u00fcber das Setzen von Cookies informiert und Sie dies nur im\u00a0Einzelfall erlauben. Bei der Deaktivierung von Cookies kann die Funktionalit\u00e4t der\u00a0Website jedoch eingeschr\u00e4nkt sein.<\/p>\n<p><strong><em>Webanalysedienst Google (Google Analytics)<\/em><\/strong><br \/>\nDiese Website nutzt Funktionen des Webanalysedienstes Google Analytics. Anbieter\u00a0ist Google Inc., 1600 Amphitheatre Parkway Mountain View, CA 94043, USA. Wir\u00a0nutzen die Funktion \"Aktivierung der IP-Anonymisierung\" auf dieser Website. Dadurch\u00a0wird Ihre IP-Adresse von Google innerhalb von Mitgliedstaaten der Europ\u00e4ischen\u00a0Union oder in anderen Vertragsstaaten des Abkommens \u00fcber den Europ\u00e4ischen\u00a0Wirtschaftsraum vor der Verarbeitung\/Speicherung gek\u00fcrzt. Im Auftrag des Betreibers\u00a0dieser Website wird Google diese Informationen benutzen, um Ihre Nutzung der\u00a0Website auszuwerten, um Reports \u00fcber die Websiteaktivit\u00e4ten zusammenzustellen,\u00a0um die Kampagnenleistung von Onlinewerbung f\u00fcr Analyse- und Optimierungszwecke zu messen.\u00a0Zu den verarbeiteten Daten z\u00e4hlen insbesondere Online-Kennzeichnungen\u00a0(einschlie\u00dflich Cookie-Kennungen), Internet-Protokoll-Adressen, Ger\u00e4tekennungen,\u00a0Standortdaten, vom Kunden vergebene Kennzeichnungen sowie Nutzerdaten\u00a0(insbesondere Zeitpunkt und Dauer des Zugriffs, Auswahl bestimmter Angebote, etc.).\u00a0Mehr Informationen zum Umgang mit Nutzerdaten bei Google Analytics finden Sie in\u00a0der Datenschutzerkl\u00e4rung von Google, abrufbar unter\u00a0<a href=\"https:\/\/policies.google.com\/privacy?hl=de\">https:\/\/policies.google.com\/privacy?hl=de<\/a> .\u00a0Sie k\u00f6nnen die Erfassung der durch das Cookie erzeugten und auf Ihre Nutzung der Website bezogenen Daten an Google sowie die Verarbeitung dieser Daten durch\u00a0Google verhindern, indem Sie das unter dem folgenden Link verf\u00fcgbare\u00a0Browser-Plugin herunterladen und installieren:\u00a0<a href=\"https:\/\/tools.google.com\/dlpage\/gaoptout?hl=de\">https:\/\/tools.google.com\/dlpage\/gaoptout?hl=de\u00a0<\/a>Eine ie Beziehung zum Webanalyseanbieter basiert beim Einsatz von Google Analytics auf\u00a0einer Auftragsdatenverarbeitung. Die \u00dcbermittlung von Daten an den\u00a0Auftragsverarbeiter basiert auf einem Angemessenheitsbeschluss der Europ\u00e4ischen\u00a0Kommission (Selbstzertifizierung Privacy Shield). Die Daten werden regelm\u00e4\u00dfig\u00a0(derzeit alle 14 Monate) gel\u00f6scht.\u00a0Verwendung von Google Adwords Conversion-Tracking\u00a0Diese Website nutzt das Online-Werbeprogramm \u201eGoogle AdWords\u201c und im Rahmen\u00a0von Google AdWords das Conversion-Tracking. Das Google Conversion Tracking ist\u00a0ein Analysedienst der Google Inc. (1600 Amphitheatre Parkway, Mountain View, CA\u00a094043, USA; \u201eGoogle\u201c). Wenn Sie auf eine von Google geschaltete Anzeige klicken,\u00a0wird ein Cookie f\u00fcr das Conversion-Tracking auf Ihrem Rechner abgelegt. Diese\u00a0Cookies verlieren nach maximal 90 Tagen ihre G\u00fcltigkeit. Wenn Sie bestimmte\u00a0Internetseiten unserer Website besuchen und das Cookie noch nicht abgelaufen ist,\u00a0kann Google und der Websitebetreiber erkennen, dass Sie auf die Anzeige geklickt\u00a0haben und zu dieser Seite weitergeleitet wurden. Die Informationen, die mithilfe des\u00a0Conversion-Cookies eingeholten werden, dienen dazu, Conversion-Statistiken zu\u00a0erstellen. Hierbei erf\u00e4hrt der Websitebetreiber die Gesamtanzahl der Nutzer, die auf\u00a0eine Anzeige geklickt haben und zu einer mit einem Conversion-Tracking-Tag\u00a0versehenen Seite weitergeleitet wurden und\/oder verschiedene Handlungen auf der\u00a0Seite ausgef\u00fchrt haben. Der Website-Betreiber erh\u00e4lt jedoch keine Informationen, mit\u00a0denen sich Nutzer pers\u00f6nlich identifizieren lassen. Wenn Sie nicht am Tracking\u00a0teilnehmen m\u00f6chten, k\u00f6nnen Sie dieser Nutzung widersprechen, indem Sie die\u00a0Installation der Cookies durch eine entsprechende Einstellung Ihrer Browser Software\u00a0verhindern (Deaktivierungsm\u00f6glichkeit). Sie werden sodann nicht in die\u00a0Conversion-Tracking Statistiken aufgenommen. Weiterf\u00fchrende Informationen sowie\u00a0die Datenschutzerkl\u00e4rung von Google finden Sie unter:\u00a0<a href=\"http:\/\/www.google.com\/policies\/technologies\/ads\/\">http:\/\/www.google.com\/policies\/technologies\/ads\/<\/a> ,\u00a0<a href=\"http:\/\/www.google.de\/policies\/privacy\/\">http:\/\/www.google.de\/policies\/privacy\/\u00a0<\/a>Die Beziehung zum Webanalyseanbieter basiert beim Einsatz des Google Adwords\u00a0Conversion-Tracking auf einer Auftragsdatenverarbeitung. Die \u00dcbermittlung von Daten\u00a0an den Auftragsverarbeiter basiert auf einem Angemessenheitsbeschluss der\u00a0Europ\u00e4ischen Kommission (Selbstzertifizierung Privacy Shield). Google ist zudem\u00a0verpflichtet, die Daten regelm\u00e4\u00dfig (derzeit alle 39 Monate) zu l\u00f6schen.<\/p>\n<p><strong><em>Anbieter\/Links<\/em><\/strong><br \/>\nDiese Internetseite enth\u00e4lt auch Links oder Verweise auf Internetauftritte Dritter. Diese\u00a0Links zu den Internetauftritten Dritter stellen keine Zustimmung zu deren Inhalten durch\u00a0den Herausgeber dar. Es wird keine Verantwortung f\u00fcr die Verf\u00fcgbarkeit oder den\u00a0Inhalt solcher Internetauftritte \u00fcbernommen und keine Haftung f\u00fcr Sch\u00e4den oder\u00a0Verletzungen, die aus der Nutzung - gleich welcher Art - solcher Inhalte entstehen. Mit\u00a0den Links zu anderen Internetauftritten wird den Nutzern lediglich der Zugang zur\u00a0Nutzung der Inhalte vermittelt. F\u00fcr illegale, fehlerhafte oder unvollst\u00e4ndige Inhalte und\u00a0f\u00fcr Sch\u00e4den, die aus der Nutzung entstehen, haftet allein der Anbieter der Seite, auf\u00a0welche verwiesen wurde.<\/p>\n<p><em><strong>Haftungsausschluss<\/strong><\/em><br \/>\nDie Informationen, die Sie auf unserem Internetauftritt vorfinden, wurden nach bestem\u00a0Wissen und Gewissen sorgf\u00e4ltig zusammengestellt und gepr\u00fcft. Es wird jedoch keine\u00a0Gew\u00e4hr - weder ausdr\u00fccklich noch stillschweigend - f\u00fcr die Vollst\u00e4ndigkeit, Richtigkeit,\u00a0Aktualit\u00e4t oder Qualit\u00e4t und jederzeitige Verf\u00fcgbarkeit der bereit gestellten\u00a0Informationen \u00fcbernommen. In keinem Fall wird f\u00fcr Sch\u00e4den, die sich aus der\u00a0Verwendung der abgerufenen Informationen ergeben, eine Haftung \u00fcbernommen.<\/p>\n<p><strong><em>Rechtsgrundlage f\u00fcr die Datenverarbeitung<\/em><\/strong><br \/>\nAuf der Website werden Daten ausschlie\u00dflich auf Grundlage der gesetzlichen\u00a0Bestimmungen (DSGVO, TKG 2003) verarbeitet.\u00a0Im Falle des Einsatzes von Analysetools erfolgt die Datenverwendung auf Grundlage\u00a0des Art 6 Abs. 1 lit f) (berechtigtes Interesse) DSGVO. Das berechtigte Interesse an\u00a0der Datenverwendung ist die Verbesserung des Webauftritts sowie die Erfolgsmessung<br \/>\nvon Online-Werbung.\u00a0Der Einsatz von IT-Datensicherheitsma\u00dfnahmen erfolgt ebenfalls auf Grundlage des\u00a0Art 6 Abs. 1 lit f) (berechtigtes Interesse) DSGVO. Das berechtigte Interesse an der\u00a0Datenverwendung ist die Absicherung der eigenen IT-Systeme.\u00a0Der Einsatz von Social-Media-Plugins erfolgt nur nach Einwilligung. Rechtsgrundlage\u00a0ist daher Art. 6 Abs. 1 lit a) DSGVO. Die Einwilligung ist bei jedem Website-Aufruf\u00a0erneut zu erteilen.<\/p>\n<p><strong><em>Ihre Rechte<\/em><\/strong><br \/>\nIhnen stehen grunds\u00e4tzlich die Rechte auf Auskunft, Berichtigung, L\u00f6schung,\u00a0Einschr\u00e4nkung der Verarbeitung, Daten\u00fcbertragbarkeit, Widerruf und Widerspruch zu.\u00a0Wenn Sie glauben, dass die Verarbeitung Ihrer Daten gegen das Datenschutzrecht\u00a0verst\u00f6\u00dft oder Ihre datenschutzrechtlichen Anspr\u00fcche sonst in einer Weise verletzt\u00a0worden sind, k\u00f6nnen Sie sich bei der Aufsichtsbeh\u00f6rde beschweren. In \u00d6sterreich ist\u00a0dies die Datenschutzbeh\u00f6rde.<\/p>\n<p><span style=\"color: #000000; font-family: Calibri;\">\u00a0<\/span><\/p>\n<\/div>\n<\/div><\/div><\/div><\/div><\/div><\/div>","protected":false},"excerpt":{"rendered":"<p>Datenschutz Information Datenschutzerkl\u00e4rung bzw. Informationen gem\u00e4\u00df Art 13 und 14 DSGVO Datenschutzrechtlich verantwortlich: Albus Salzburg Verkehrsbetrieb GmbH Julius-Welser-Strasse 8 5020 Salzburg datenschutz@richard.at Ansprechpartner zum Thema Datenschutz: Datenschutzkoordinator der Firmengruppe Dr. Richard: Harald Stroh Dr. Richard Linien GmbH &amp; Co KG Stromstra\u00dfe 11 1200 Wien +43 1 33100 151 datenschutz@richard.at Datenverarbeitungszwecke: Kontaktformular Wenn Sie per Formular [&hellip;]<\/p>\n","protected":false},"author":31,"featured_media":0,"parent":0,"menu_order":0,"comment_status":"closed","ping_status":"closed","template":"","meta":{"footnotes":""},"class_list":["post-1306","page","type-page","status-publish","hentry"],"yoast_head":"<!-- This site is optimized with the Yoast SEO plugin v27.4 - https:\/\/yoast.com\/product\/yoast-seo-wordpress\/ -->\n<title>Datenschutz | Albus<\/title>\n<meta name=\"robots\" content=\"index, follow, max-snippet:-1, max-image-preview:large, max-video-preview:-1\" \/>\n<link rel=\"canonical\" href=\"https:\/\/albus.at\/de\/datenschutz\/\" \/>\n<meta property=\"og:locale\" content=\"de_DE\" \/>\n<meta property=\"og:type\" content=\"article\" \/>\n<meta property=\"og:title\" content=\"Datenschutz | Albus\" \/>\n<meta property=\"og:description\" content=\"Datenschutz Information Datenschutzerkl\u00e4rung bzw. Informationen gem\u00e4\u00df Art 13 und 14 DSGVO Datenschutzrechtlich verantwortlich: Albus Salzburg Verkehrsbetrieb GmbH Julius-Welser-Strasse 8 5020 Salzburg datenschutz@richard.at Ansprechpartner zum Thema Datenschutz: Datenschutzkoordinator der Firmengruppe Dr. Richard: Harald Stroh Dr. Richard Linien GmbH &amp; Co KG Stromstra\u00dfe 11 1200 Wien +43 1 33100 151 datenschutz@richard.at Datenverarbeitungszwecke: Kontaktformular Wenn Sie per Formular [&hellip;]\" \/>\n<meta property=\"og:url\" content=\"https:\/\/albus.at\/de\/datenschutz\/\" \/>\n<meta property=\"og:site_name\" content=\"Albus\" \/>\n<meta property=\"article:modified_time\" content=\"2022-04-07T12:18:13+00:00\" \/>\n<meta name=\"twitter:card\" content=\"summary_large_image\" \/>\n<meta name=\"twitter:label1\" content=\"Gesch\u00e4tzte Lesezeit\" \/>\n\t<meta name=\"twitter:data1\" content=\"6\u00a0Minuten\" \/>\n<script type=\"application\/ld+json\" class=\"yoast-schema-graph\">{\"@context\":\"https:\\\/\\\/schema.org\",\"@graph\":[{\"@type\":\"WebPage\",\"@id\":\"https:\\\/\\\/albus.at\\\/de\\\/datenschutz\\\/\",\"url\":\"https:\\\/\\\/albus.at\\\/de\\\/datenschutz\\\/\",\"name\":\"Datenschutz | Albus\",\"isPartOf\":{\"@id\":\"https:\\\/\\\/albus.at\\\/en\\\/#website\"},\"datePublished\":\"2019-05-16T09:18:56+00:00\",\"dateModified\":\"2022-04-07T12:18:13+00:00\",\"breadcrumb\":{\"@id\":\"https:\\\/\\\/albus.at\\\/de\\\/datenschutz\\\/#breadcrumb\"},\"inLanguage\":\"de\",\"potentialAction\":[{\"@type\":\"ReadAction\",\"target\":[\"https:\\\/\\\/albus.at\\\/de\\\/datenschutz\\\/\"]}]},{\"@type\":\"BreadcrumbList\",\"@id\":\"https:\\\/\\\/albus.at\\\/de\\\/datenschutz\\\/#breadcrumb\",\"itemListElement\":[{\"@type\":\"ListItem\",\"position\":1,\"name\":\"Startseite\",\"item\":\"https:\\\/\\\/albus.at\\\/de\\\/\"},{\"@type\":\"ListItem\",\"position\":2,\"name\":\"Datenschutz\"}]},{\"@type\":\"WebSite\",\"@id\":\"https:\\\/\\\/albus.at\\\/en\\\/#website\",\"url\":\"https:\\\/\\\/albus.at\\\/en\\\/\",\"name\":\"Albus\",\"description\":\"\",\"publisher\":{\"@id\":\"https:\\\/\\\/albus.at\\\/en\\\/#organization\"},\"potentialAction\":[{\"@type\":\"SearchAction\",\"target\":{\"@type\":\"EntryPoint\",\"urlTemplate\":\"https:\\\/\\\/albus.at\\\/en\\\/?s={search_term_string}\"},\"query-input\":{\"@type\":\"PropertyValueSpecification\",\"valueRequired\":true,\"valueName\":\"search_term_string\"}}],\"inLanguage\":\"de\"},{\"@type\":\"Organization\",\"@id\":\"https:\\\/\\\/albus.at\\\/en\\\/#organization\",\"name\":\"Albus\",\"url\":\"https:\\\/\\\/albus.at\\\/en\\\/\",\"logo\":{\"@type\":\"ImageObject\",\"inLanguage\":\"de\",\"@id\":\"https:\\\/\\\/albus.at\\\/en\\\/#\\\/schema\\\/logo\\\/image\\\/\",\"url\":\"https:\\\/\\\/albus.at\\\/wp-content\\\/uploads\\\/2021\\\/08\\\/cropped-lg4-1-e1630057573669.png\",\"contentUrl\":\"https:\\\/\\\/albus.at\\\/wp-content\\\/uploads\\\/2021\\\/08\\\/cropped-lg4-1-e1630057573669.png\",\"width\":250,\"height\":58,\"caption\":\"Albus\"},\"image\":{\"@id\":\"https:\\\/\\\/albus.at\\\/en\\\/#\\\/schema\\\/logo\\\/image\\\/\"}}]}<\/script>\n<!-- \/ Yoast SEO plugin. -->","yoast_head_json":{"title":"Datenschutz | Albus","robots":{"index":"index","follow":"follow","max-snippet":"max-snippet:-1","max-image-preview":"max-image-preview:large","max-video-preview":"max-video-preview:-1"},"canonical":"https:\/\/albus.at\/de\/datenschutz\/","og_locale":"de_DE","og_type":"article","og_title":"Datenschutz | Albus","og_description":"Datenschutz Information Datenschutzerkl\u00e4rung bzw. Informationen gem\u00e4\u00df Art 13 und 14 DSGVO Datenschutzrechtlich verantwortlich: Albus Salzburg Verkehrsbetrieb GmbH Julius-Welser-Strasse 8 5020 Salzburg datenschutz@richard.at Ansprechpartner zum Thema Datenschutz: Datenschutzkoordinator der Firmengruppe Dr. Richard: Harald Stroh Dr. Richard Linien GmbH &amp; Co KG Stromstra\u00dfe 11 1200 Wien +43 1 33100 151 datenschutz@richard.at Datenverarbeitungszwecke: Kontaktformular Wenn Sie per Formular [&hellip;]","og_url":"https:\/\/albus.at\/de\/datenschutz\/","og_site_name":"Albus","article_modified_time":"2022-04-07T12:18:13+00:00","twitter_card":"summary_large_image","twitter_misc":{"Gesch\u00e4tzte Lesezeit":"6\u00a0Minuten"},"schema":{"@context":"https:\/\/schema.org","@graph":[{"@type":"WebPage","@id":"https:\/\/albus.at\/de\/datenschutz\/","url":"https:\/\/albus.at\/de\/datenschutz\/","name":"Datenschutz | Albus","isPartOf":{"@id":"https:\/\/albus.at\/en\/#website"},"datePublished":"2019-05-16T09:18:56+00:00","dateModified":"2022-04-07T12:18:13+00:00","breadcrumb":{"@id":"https:\/\/albus.at\/de\/datenschutz\/#breadcrumb"},"inLanguage":"de","potentialAction":[{"@type":"ReadAction","target":["https:\/\/albus.at\/de\/datenschutz\/"]}]},{"@type":"BreadcrumbList","@id":"https:\/\/albus.at\/de\/datenschutz\/#breadcrumb","itemListElement":[{"@type":"ListItem","position":1,"name":"Startseite","item":"https:\/\/albus.at\/de\/"},{"@type":"ListItem","position":2,"name":"Datenschutz"}]},{"@type":"WebSite","@id":"https:\/\/albus.at\/en\/#website","url":"https:\/\/albus.at\/en\/","name":"Albus","description":"","publisher":{"@id":"https:\/\/albus.at\/en\/#organization"},"potentialAction":[{"@type":"SearchAction","target":{"@type":"EntryPoint","urlTemplate":"https:\/\/albus.at\/en\/?s={search_term_string}"},"query-input":{"@type":"PropertyValueSpecification","valueRequired":true,"valueName":"search_term_string"}}],"inLanguage":"de"},{"@type":"Organization","@id":"https:\/\/albus.at\/en\/#organization","name":"Albus","url":"https:\/\/albus.at\/en\/","logo":{"@type":"ImageObject","inLanguage":"de","@id":"https:\/\/albus.at\/en\/#\/schema\/logo\/image\/","url":"https:\/\/albus.at\/wp-content\/uploads\/2021\/08\/cropped-lg4-1-e1630057573669.png","contentUrl":"https:\/\/albus.at\/wp-content\/uploads\/2021\/08\/cropped-lg4-1-e1630057573669.png","width":250,"height":58,"caption":"Albus"},"image":{"@id":"https:\/\/albus.at\/en\/#\/schema\/logo\/image\/"}}]}},"_links":{"self":[{"href":"https:\/\/albus.at\/de\/wp-json\/wp\/v2\/pages\/1306","targetHints":{"allow":["GET"]}}],"collection":[{"href":"https:\/\/albus.at\/de\/wp-json\/wp\/v2\/pages"}],"about":[{"href":"https:\/\/albus.at\/de\/wp-json\/wp\/v2\/types\/page"}],"author":[{"embeddable":true,"href":"https:\/\/albus.at\/de\/wp-json\/wp\/v2\/users\/31"}],"replies":[{"embeddable":true,"href":"https:\/\/albus.at\/de\/wp-json\/wp\/v2\/comments?post=1306"}],"version-history":[{"count":25,"href":"https:\/\/albus.at\/de\/wp-json\/wp\/v2\/pages\/1306\/revisions"}],"predecessor-version":[{"id":5250,"href":"https:\/\/albus.at\/de\/wp-json\/wp\/v2\/pages\/1306\/revisions\/5250"}],"wp:attachment":[{"href":"https:\/\/albus.at\/de\/wp-json\/wp\/v2\/media?parent=1306"}],"curies":[{"name":"wp","href":"https:\/\/api.w.org\/{rel}","templated":true}]}}