{"id":1287,"date":"2021-11-26T10:00:53","date_gmt":"2021-11-26T10:00:53","guid":{"rendered":"http:\/\/advertiser.sitecontrol.at\/albus\/?page_id=1287"},"modified":"2022-08-23T13:19:13","modified_gmt":"2022-08-23T13:19:13","slug":"tarife","status":"publish","type":"page","link":"https:\/\/albus.at\/de\/linienbusse\/tarife\/","title":{"rendered":"Tarife &#038; Erm\u00e4\u00dfigungen"},"content":{"rendered":"<div id=\"pl-1287\"  class=\"panel-layout\" ><div id=\"pg-1287-0\"  class=\"panel-grid panel-no-style\" ><div id=\"pgc-1287-0-0\"  class=\"panel-grid-cell\" ><div id=\"panel-1287-0-0-0\" class=\"so-panel widget widget_dr-richard-page-header panel-first-child panel-last-child\" data-index=\"0\" ><div class=\"d-none d-md-block panel-widget-style panel-widget-style-for-1287-0-0-0\" ><div\n\t\t\t\n\t\t\tclass=\"so-widget-dr-richard-page-header so-widget-dr-richard-page-header-default-40cd750bba98-1287\"\n\t\t\t\n\t\t><div>\n    <div class=\"page-header-container\" style=\"background-image: linear-gradient(rgba(0, 0, 0, 0.3), rgba(0, 0, 0, 0.3)), url('https:\/\/albus.at\/wp-content\/uploads\/2022\/08\/Linienbus-Neutor_c-Albus-Salzburg_M.-Scheer-e1660740649119.jpg')\">\n        <div class=\"page-header-bottomleft\">\n            <h2><span>Albus Bustarife<\/span><\/h2>\n            <div class=\"page-header-description\"><p>Alle Preise und Erm\u00e4\u00dfigungen auf einen Blick.<\/p>\n<\/div>\n        <\/div>\n    <\/div>\n<\/div><\/div><\/div><\/div><\/div><\/div><div id=\"pg-1287-1\"  class=\"panel-grid panel-has-style\" ><div class=\"panel-row-style panel-row-style-for-1287-1\" ><div id=\"pgc-1287-1-0\"  class=\"panel-grid-cell\" ><div id=\"panel-1287-1-0-0\" class=\"so-panel widget widget_sow-editor panel-first-child panel-last-child\" data-index=\"1\" ><div\n\t\t\t\n\t\t\tclass=\"so-widget-sow-editor so-widget-sow-editor-base\"\n\t\t\t\n\t\t>\n<div class=\"siteorigin-widget-tinymce textwidget\">\n\t<h1 style=\"text-align: center;\"><span style=\"color: #27c228;\">Tarife &amp; Erm\u00e4\u00dfigungen<\/span><\/h1>\n<p>Wir wenden die <strong>Tarife des Salzburger Verkehrsverbundes<\/strong> an, bei denen es sich um sogenannte Zonentarife handelt. Das bedeutet, dass du mit dem Bus unterschiedliche Tarifzonen durchf\u00e4hrst, anhand derer sich die Tarife bemessen. Lediglich in der Stadt Salzburg gibt es einen eigenen Tarif (Kernzone Salzburg). <span lang=\"DE-AT\">Wochen-, Monats- und Jahreskarten* sind nur mehr als myRegio-Fahrkarten (1 Region, 2 Regionen, alle Regionen\/Bundesland Salzburg) erh\u00e4ltlich, *Jahreskarte = Klimaticket Salzburg (Bundesland Salzburg).<\/span><\/p>\n<p>Die aktuellen SVV-Tarifbestimmungen sowie der SVV-Tariffolder stehen dir als PDF-Dokument zum Download zur Verf\u00fcgung. Weitere Tarifinformationen findest du unter <a href=\"http:\/\/www.salzburg-verkehr.at\/\">www.salzburg-verkehr.at<\/a>.<\/p>\n<p><strong>Erm\u00e4\u00dfigungen gibt es f\u00fcr folgende Fahrkarten:<\/strong><\/p>\n<p>Einzelfahrt, Stundenkarte, 24-Stundenkarte sowie Tageskarte<\/p>\n<p><strong>Minimum-Preis<br \/>\n<\/strong>- Kinder von 6 \u2013 14\u00a0Jahren (bis einen Tag vor dem 15. Geburtstag)<br \/>\n- Eltern, Pflegeeltern oder Gro\u00dfeltern und Kind mit einem amtlich ausgestellten \u00f6sterreichischen Familienpass (S, O\u00d6, N\u00d6, V, T, B, St, K). Eingetragene Kinder unter 15 Jahre fahren gratis mit.<br \/>\n- Schwerkriegsgesch\u00e4digte und Blinde<br \/>\n- Personen ab 70 % Behinderung (mit Behindertenausweis oder \u00d6BB-VORTEILSCARD \"Spezial\" bzw. \u00d6BB-\u00d6STERREICHCARD \u201eSpezial\u201c)<br \/>\n- Hunde (Bef\u00f6rderung nur mit Bei\u00dfkorb und Leine)<\/p>\n<p><strong>Jugend-Preis<\/strong><\/p>\n<p>F\u00fcr Jugendliche von 15 \u2013 18 Jahren (bis einen Tag vor dem 19. Geburtstag). Altersnachweis durch Vorlage eines Lichtbildausweises erforderlich.<\/p>\n<p><strong>Senioren-Preis<\/strong><\/p>\n<p>Gegen Vorweis einer g\u00fcltigen \u00d6BB-VORTEILSCARD \u201eSenior\u201c (in Verbindung mit g\u00fcltigem Lichtbildausweis) oder einer g\u00fcltigen \u00d6BB-\u00d6STERREICHCARD \u201eSenior\u201c.<\/p>\n<p>Erfahre mehr \u00fcber die <a href=\"https:\/\/salzburg-verkehr.at\/tickets-preise\/ermaessigungen\" target=\"_blank\" rel=\"noopener\">Fahrpreiserm\u00e4\u00dfigungen<\/a>.<\/p>\n<\/div>\n<\/div><\/div><\/div><\/div><\/div><div id=\"pg-1287-2\"  class=\"panel-grid panel-has-style\" ><div class=\"panel-row-style panel-row-style-for-1287-2\" ><div id=\"pgc-1287-2-0\"  class=\"panel-grid-cell\" ><div class='schedule'><table class='timetable'><\/table><\/div><div id=\"panel-1287-2-0-0\" class=\"so-panel widget widget_sow-editor panel-first-child panel-last-child\" data-index=\"2\" ><div\n\t\t\t\n\t\t\tclass=\"so-widget-sow-editor so-widget-sow-editor-base\"\n\t\t\t\n\t\t>\n<div class=\"siteorigin-widget-tinymce textwidget\">\n\t<p><b><span style=\"color: #444444; font-family: Consolas; font-size: small;\"><\/span><\/b><\/p>\n<\/div>\n<\/div><\/div><\/div><\/div><\/div><\/div>","protected":false},"excerpt":{"rendered":"<p>Tarife &amp; Erm\u00e4\u00dfigungen Wir wenden die Tarife des Salzburger Verkehrsverbundes an, bei denen es sich um sogenannte Zonentarife handelt. Das bedeutet, dass du mit dem Bus unterschiedliche Tarifzonen durchf\u00e4hrst, anhand derer sich die Tarife bemessen. Lediglich in der Stadt Salzburg gibt es einen eigenen Tarif (Kernzone Salzburg). Wochen-, Monats- und Jahreskarten* sind nur mehr als [&hellip;]<\/p>\n","protected":false},"author":31,"featured_media":0,"parent":1135,"menu_order":0,"comment_status":"closed","ping_status":"closed","template":"","meta":{"footnotes":""},"class_list":["post-1287","page","type-page","status-publish","hentry"],"yoast_head":"<!-- This site is optimized with the Yoast SEO plugin v27.4 - https:\/\/yoast.com\/product\/yoast-seo-wordpress\/ -->\n<title>Tarife und Erm\u00e4\u00dfigungen f\u00fcr Busse in Salzburg | Albus<\/title>\n<meta name=\"description\" content=\"Du suchst nach dem aktuellen Tarif f\u00fcr deine Buslinie in Salzburg? \u27a4 Finde schnell und \u00fcbersichtlich Ticketpreise und Fahrpreiserm\u00e4\u00dfigungen bei Albus.\" \/>\n<meta name=\"robots\" content=\"index, follow, max-snippet:-1, max-image-preview:large, max-video-preview:-1\" \/>\n<link rel=\"canonical\" href=\"https:\/\/albus.at\/de\/linienbusse\/tarife\/\" \/>\n<meta property=\"og:locale\" content=\"de_DE\" \/>\n<meta property=\"og:type\" content=\"article\" \/>\n<meta property=\"og:title\" content=\"Tarife und Erm\u00e4\u00dfigungen f\u00fcr Busse in Salzburg\" \/>\n<meta property=\"og:description\" content=\"Aktuelle Tarife f\u00fcr Buslinien in Salzburg sowie Ticketpreise und g\u00fcltige Erm\u00e4\u00dfigungen gibt es schnell und \u00fcbersichtlich bei Albus.\" \/>\n<meta property=\"og:url\" content=\"https:\/\/albus.at\/de\/linienbusse\/tarife\/\" \/>\n<meta property=\"og:site_name\" content=\"Albus\" \/>\n<meta property=\"article:modified_time\" content=\"2022-08-23T13:19:13+00:00\" \/>\n<meta name=\"twitter:card\" content=\"summary_large_image\" \/>\n<meta name=\"twitter:label1\" content=\"Gesch\u00e4tzte Lesezeit\" \/>\n\t<meta name=\"twitter:data1\" content=\"1\u00a0Minute\" \/>\n<script type=\"application\/ld+json\" class=\"yoast-schema-graph\">{\"@context\":\"https:\\\/\\\/schema.org\",\"@graph\":[{\"@type\":\"WebPage\",\"@id\":\"https:\\\/\\\/albus.at\\\/de\\\/linienbusse\\\/tarife\\\/\",\"url\":\"https:\\\/\\\/albus.at\\\/de\\\/linienbusse\\\/tarife\\\/\",\"name\":\"Tarife und Erm\u00e4\u00dfigungen f\u00fcr Busse in Salzburg | Albus\",\"isPartOf\":{\"@id\":\"https:\\\/\\\/albus.at\\\/en\\\/#website\"},\"datePublished\":\"2021-11-26T10:00:53+00:00\",\"dateModified\":\"2022-08-23T13:19:13+00:00\",\"description\":\"Du suchst nach dem aktuellen Tarif f\u00fcr deine Buslinie in Salzburg? \u27a4 Finde schnell und \u00fcbersichtlich Ticketpreise und Fahrpreiserm\u00e4\u00dfigungen bei Albus.\",\"breadcrumb\":{\"@id\":\"https:\\\/\\\/albus.at\\\/de\\\/linienbusse\\\/tarife\\\/#breadcrumb\"},\"inLanguage\":\"de\",\"potentialAction\":[{\"@type\":\"ReadAction\",\"target\":[\"https:\\\/\\\/albus.at\\\/de\\\/linienbusse\\\/tarife\\\/\"]}]},{\"@type\":\"BreadcrumbList\",\"@id\":\"https:\\\/\\\/albus.at\\\/de\\\/linienbusse\\\/tarife\\\/#breadcrumb\",\"itemListElement\":[{\"@type\":\"ListItem\",\"position\":1,\"name\":\"Startseite\",\"item\":\"https:\\\/\\\/albus.at\\\/de\\\/\"},{\"@type\":\"ListItem\",\"position\":2,\"name\":\"Linienbusse\",\"item\":\"https:\\\/\\\/albus.at\\\/de\\\/linienbusse\\\/\"},{\"@type\":\"ListItem\",\"position\":3,\"name\":\"Tarife &#038; Erm\u00e4\u00dfigungen\"}]},{\"@type\":\"WebSite\",\"@id\":\"https:\\\/\\\/albus.at\\\/en\\\/#website\",\"url\":\"https:\\\/\\\/albus.at\\\/en\\\/\",\"name\":\"Albus\",\"description\":\"\",\"publisher\":{\"@id\":\"https:\\\/\\\/albus.at\\\/en\\\/#organization\"},\"potentialAction\":[{\"@type\":\"SearchAction\",\"target\":{\"@type\":\"EntryPoint\",\"urlTemplate\":\"https:\\\/\\\/albus.at\\\/en\\\/?s={search_term_string}\"},\"query-input\":{\"@type\":\"PropertyValueSpecification\",\"valueRequired\":true,\"valueName\":\"search_term_string\"}}],\"inLanguage\":\"de\"},{\"@type\":\"Organization\",\"@id\":\"https:\\\/\\\/albus.at\\\/en\\\/#organization\",\"name\":\"Albus\",\"url\":\"https:\\\/\\\/albus.at\\\/en\\\/\",\"logo\":{\"@type\":\"ImageObject\",\"inLanguage\":\"de\",\"@id\":\"https:\\\/\\\/albus.at\\\/en\\\/#\\\/schema\\\/logo\\\/image\\\/\",\"url\":\"https:\\\/\\\/albus.at\\\/wp-content\\\/uploads\\\/2021\\\/08\\\/cropped-lg4-1-e1630057573669.png\",\"contentUrl\":\"https:\\\/\\\/albus.at\\\/wp-content\\\/uploads\\\/2021\\\/08\\\/cropped-lg4-1-e1630057573669.png\",\"width\":250,\"height\":58,\"caption\":\"Albus\"},\"image\":{\"@id\":\"https:\\\/\\\/albus.at\\\/en\\\/#\\\/schema\\\/logo\\\/image\\\/\"}}]}<\/script>\n<!-- \/ Yoast SEO plugin. -->","yoast_head_json":{"title":"Tarife und Erm\u00e4\u00dfigungen f\u00fcr Busse in Salzburg | Albus","description":"Du suchst nach dem aktuellen Tarif f\u00fcr deine Buslinie in Salzburg? \u27a4 Finde schnell und \u00fcbersichtlich Ticketpreise und Fahrpreiserm\u00e4\u00dfigungen bei Albus.","robots":{"index":"index","follow":"follow","max-snippet":"max-snippet:-1","max-image-preview":"max-image-preview:large","max-video-preview":"max-video-preview:-1"},"canonical":"https:\/\/albus.at\/de\/linienbusse\/tarife\/","og_locale":"de_DE","og_type":"article","og_title":"Tarife und Erm\u00e4\u00dfigungen f\u00fcr Busse in Salzburg","og_description":"Aktuelle Tarife f\u00fcr Buslinien in Salzburg sowie Ticketpreise und g\u00fcltige Erm\u00e4\u00dfigungen gibt es schnell und \u00fcbersichtlich bei Albus.","og_url":"https:\/\/albus.at\/de\/linienbusse\/tarife\/","og_site_name":"Albus","article_modified_time":"2022-08-23T13:19:13+00:00","twitter_card":"summary_large_image","twitter_misc":{"Gesch\u00e4tzte Lesezeit":"1\u00a0Minute"},"schema":{"@context":"https:\/\/schema.org","@graph":[{"@type":"WebPage","@id":"https:\/\/albus.at\/de\/linienbusse\/tarife\/","url":"https:\/\/albus.at\/de\/linienbusse\/tarife\/","name":"Tarife und Erm\u00e4\u00dfigungen f\u00fcr Busse in Salzburg | Albus","isPartOf":{"@id":"https:\/\/albus.at\/en\/#website"},"datePublished":"2021-11-26T10:00:53+00:00","dateModified":"2022-08-23T13:19:13+00:00","description":"Du suchst nach dem aktuellen Tarif f\u00fcr deine Buslinie in Salzburg? \u27a4 Finde schnell und \u00fcbersichtlich Ticketpreise und Fahrpreiserm\u00e4\u00dfigungen bei Albus.","breadcrumb":{"@id":"https:\/\/albus.at\/de\/linienbusse\/tarife\/#breadcrumb"},"inLanguage":"de","potentialAction":[{"@type":"ReadAction","target":["https:\/\/albus.at\/de\/linienbusse\/tarife\/"]}]},{"@type":"BreadcrumbList","@id":"https:\/\/albus.at\/de\/linienbusse\/tarife\/#breadcrumb","itemListElement":[{"@type":"ListItem","position":1,"name":"Startseite","item":"https:\/\/albus.at\/de\/"},{"@type":"ListItem","position":2,"name":"Linienbusse","item":"https:\/\/albus.at\/de\/linienbusse\/"},{"@type":"ListItem","position":3,"name":"Tarife &#038; Erm\u00e4\u00dfigungen"}]},{"@type":"WebSite","@id":"https:\/\/albus.at\/en\/#website","url":"https:\/\/albus.at\/en\/","name":"Albus","description":"","publisher":{"@id":"https:\/\/albus.at\/en\/#organization"},"potentialAction":[{"@type":"SearchAction","target":{"@type":"EntryPoint","urlTemplate":"https:\/\/albus.at\/en\/?s={search_term_string}"},"query-input":{"@type":"PropertyValueSpecification","valueRequired":true,"valueName":"search_term_string"}}],"inLanguage":"de"},{"@type":"Organization","@id":"https:\/\/albus.at\/en\/#organization","name":"Albus","url":"https:\/\/albus.at\/en\/","logo":{"@type":"ImageObject","inLanguage":"de","@id":"https:\/\/albus.at\/en\/#\/schema\/logo\/image\/","url":"https:\/\/albus.at\/wp-content\/uploads\/2021\/08\/cropped-lg4-1-e1630057573669.png","contentUrl":"https:\/\/albus.at\/wp-content\/uploads\/2021\/08\/cropped-lg4-1-e1630057573669.png","width":250,"height":58,"caption":"Albus"},"image":{"@id":"https:\/\/albus.at\/en\/#\/schema\/logo\/image\/"}}]}},"_links":{"self":[{"href":"https:\/\/albus.at\/de\/wp-json\/wp\/v2\/pages\/1287","targetHints":{"allow":["GET"]}}],"collection":[{"href":"https:\/\/albus.at\/de\/wp-json\/wp\/v2\/pages"}],"about":[{"href":"https:\/\/albus.at\/de\/wp-json\/wp\/v2\/types\/page"}],"author":[{"embeddable":true,"href":"https:\/\/albus.at\/de\/wp-json\/wp\/v2\/users\/31"}],"replies":[{"embeddable":true,"href":"https:\/\/albus.at\/de\/wp-json\/wp\/v2\/comments?post=1287"}],"version-history":[{"count":36,"href":"https:\/\/albus.at\/de\/wp-json\/wp\/v2\/pages\/1287\/revisions"}],"predecessor-version":[{"id":5417,"href":"https:\/\/albus.at\/de\/wp-json\/wp\/v2\/pages\/1287\/revisions\/5417"}],"up":[{"embeddable":true,"href":"https:\/\/albus.at\/de\/wp-json\/wp\/v2\/pages\/1135"}],"wp:attachment":[{"href":"https:\/\/albus.at\/de\/wp-json\/wp\/v2\/media?parent=1287"}],"curies":[{"name":"wp","href":"https:\/\/api.w.org\/{rel}","templated":true}]}}