{"id":1283,"date":"2022-12-16T10:00:52","date_gmt":"2022-12-16T09:00:52","guid":{"rendered":"http:\/\/advertiser.sitecontrol.at\/albus\/?page_id=1283"},"modified":"2022-12-16T13:36:12","modified_gmt":"2022-12-16T12:36:12","slug":"download","status":"publish","type":"page","link":"https:\/\/albus.at\/de\/linienbusse\/download\/","title":{"rendered":"Download"},"content":{"rendered":"<div id=\"pl-1283\"  class=\"panel-layout\" ><div id=\"pg-1283-0\"  class=\"panel-grid panel-no-style\" ><div id=\"pgc-1283-0-0\"  class=\"panel-grid-cell\" ><div id=\"panel-1283-0-0-0\" class=\"so-panel widget widget_dr-richard-page-header panel-first-child panel-last-child\" data-index=\"0\" ><div class=\"d-none d-md-block panel-widget-style panel-widget-style-for-1283-0-0-0\" ><div\n\t\t\t\n\t\t\tclass=\"so-widget-dr-richard-page-header so-widget-dr-richard-page-header-default-40cd750bba98-1283\"\n\t\t\t\n\t\t><div>\n    <div class=\"page-header-container\" style=\"background-image: linear-gradient(rgba(0, 0, 0, 0.3), rgba(0, 0, 0, 0.3)), url('https:\/\/albus.at\/wp-content\/uploads\/2022\/08\/Linienbus-Nonntaler-Hauptbr\u00fccke_c-Albus-Salzburg_M.-Scheer-e1659690631123.jpg')\">\n        <div class=\"page-header-bottomleft\">\n            <h2><span>Albus Fahrpl\u00e4ne<\/span><\/h2>\n            <div class=\"page-header-description\"><p>Hier kannst du bequem alle Albus Fahrpl\u00e4ne herunterladen.<\/p>\n<\/div>\n        <\/div>\n    <\/div>\n<\/div><\/div><\/div><\/div><\/div><\/div><div id=\"pg-1283-1\"  class=\"panel-grid panel-has-style\" ><div class=\"panel-row-style panel-row-style-for-1283-1\" ><div id=\"pgc-1283-1-0\"  class=\"panel-grid-cell\" ><div id=\"panel-1283-1-0-0\" class=\"so-panel widget widget_sow-editor panel-first-child panel-last-child\" data-index=\"1\" ><div\n\t\t\t\n\t\t\tclass=\"so-widget-sow-editor so-widget-sow-editor-base\"\n\t\t\t\n\t\t>\n<div class=\"siteorigin-widget-tinymce textwidget\">\n\t<h1 style=\"text-align: center;\"><span style=\"color: #27c228;\">Fahrplan Download<\/span><\/h1>\n<p>Wir von Albus Salzburg sind ein <strong>Partner des Salzburger Verkehrsverbundes<\/strong> und decken mit verschiedenen Buslinien die unterschiedlichen Tarifzonen in und um Salzburg ab. Mit uns gelangst du sicher ans Ziel!<\/p>\n<p>Du kannst dir auf dieser Seite den <strong>gew\u00fcnschten Busfahrplan ganz einfach herunterladen<\/strong>, indem du den dazugeh\u00f6rigen Link anklickst. Die <strong>Tarife<\/strong> f\u00fcr deine Fahrt richten sich nach den jeweiligen Tarifzonen, die du durchf\u00e4hrst. Mehr Infos <a href=\"https:\/\/fahrplan.salzburg-verkehr.at\/\" target=\"_blank\" rel=\"noopener\">hier<\/a>.<\/p>\n<p>Bei uns gelten die <strong>allgemeinen Bef\u00f6rderungsbedingungen. <\/strong>Die aktuell g\u00fcltige Fassung findest du <a href=\"https:\/\/www.ris.bka.gv.at\/GeltendeFassung.wxe?Abfrage=Bundesnormen&amp;Gesetzesnummer=20001147\" target=\"_blank\" rel=\"noopener\">hier<\/a>.<\/p>\n<\/div>\n<\/div><\/div><\/div><\/div><\/div><div id=\"pg-1283-2\"  class=\"panel-grid panel-has-style\" ><div class=\"panel-row-style panel-row-style-for-1283-2\" ><div id=\"pgc-1283-2-0\"  class=\"panel-grid-cell\" >\t<script>\n\t\tjQuery(document).ready(function() {\n            jQuery.ajax({\n                    url : 'https:\/\/richard.at\/wp-json\/advertiser\/fahrplan\/albus\/',\n                    type : 'GET',\n                    data : {\n                            'key' \t: '9F329A7BC483D4867496CC1AE4C94',\n                            'slug' \t: 'salzburg',\n                            'lang' \t: 'de',\n\t\t\t\t\t},\n\t\t\t\t\tdataType:'json',\n\t\t\t\tsuccess : function(data) {\n\t\t\t\t\tjQuery(\"#albus_fahrplaene\").html(data);\n\t\t\t\t},\n\t\t\t\terror : function(request,error)\n\t\t\t\t{\n\t\t\t\t\t\tconsole.dir(\"Request: \"+JSON.stringify(request));\n\t\t\t\t}\n\t\t\t});\n\t\t});\n\t<\/script>\n\t<div id=\"panel-1283-2-0-0\" class=\"so-panel widget widget_sow-editor panel-first-child panel-last-child\" data-index=\"2\" ><div\n\t\t\t\n\t\t\tclass=\"so-widget-sow-editor so-widget-sow-editor-base\"\n\t\t\t\n\t\t>\n<div class=\"siteorigin-widget-tinymce textwidget\">\n\t<p><div id='albus_fahrplaene'><\/div> <!--[fahrplan_de]--><\/p>\n<\/div>\n<\/div><\/div><\/div><\/div><\/div><\/div>","protected":false},"excerpt":{"rendered":"<p>Fahrplan Download Wir von Albus Salzburg sind ein Partner des Salzburger Verkehrsverbundes und decken mit verschiedenen Buslinien die unterschiedlichen Tarifzonen in und um Salzburg ab. Mit uns gelangst du sicher ans Ziel! Du kannst dir auf dieser Seite den gew\u00fcnschten Busfahrplan ganz einfach herunterladen, indem du den dazugeh\u00f6rigen Link anklickst. Die Tarife f\u00fcr deine Fahrt [&hellip;]<\/p>\n","protected":false},"author":31,"featured_media":0,"parent":1135,"menu_order":0,"comment_status":"closed","ping_status":"closed","template":"","meta":{"footnotes":""},"class_list":["post-1283","page","type-page","status-publish","hentry"],"yoast_head":"<!-- This site is optimized with the Yoast SEO plugin v27.4 - https:\/\/yoast.com\/product\/yoast-seo-wordpress\/ -->\n<title>Download Busfahrplan Salzburg: Buslinien &amp; Tarife im \u00dcberblick | Albus<\/title>\n<meta name=\"description\" content=\"Du suchst einen Busfahrplan von Salzburg f\u00fcr unterwegs? Die Fahrplanauskunft von Albus gibt es als Download. \u25ba So findest du alle Buslinien auf einen Blick.\" \/>\n<meta name=\"robots\" content=\"index, follow, max-snippet:-1, max-image-preview:large, max-video-preview:-1\" \/>\n<link rel=\"canonical\" href=\"https:\/\/albus.at\/de\/linienbusse\/download\/\" \/>\n<meta property=\"og:locale\" content=\"de_DE\" \/>\n<meta property=\"og:type\" content=\"article\" \/>\n<meta property=\"og:title\" content=\"Busfahrplan von Salzburg jetzt auch als Download\" \/>\n<meta property=\"og:description\" content=\"Die Fahrplanauskunft von Salzburg mit allen Tickets und Tarifen gibt es auch f\u00fcr unterwegs. So findest du alle Buslinien auf einen Blick.\" \/>\n<meta property=\"og:url\" content=\"https:\/\/albus.at\/de\/linienbusse\/download\/\" \/>\n<meta property=\"og:site_name\" content=\"Albus\" \/>\n<meta property=\"article:modified_time\" content=\"2022-12-16T12:36:12+00:00\" \/>\n<meta name=\"twitter:card\" content=\"summary_large_image\" \/>\n<meta name=\"twitter:label1\" content=\"Gesch\u00e4tzte Lesezeit\" \/>\n\t<meta name=\"twitter:data1\" content=\"1\u00a0Minute\" \/>\n<script type=\"application\/ld+json\" class=\"yoast-schema-graph\">{\"@context\":\"https:\\\/\\\/schema.org\",\"@graph\":[{\"@type\":\"WebPage\",\"@id\":\"https:\\\/\\\/albus.at\\\/de\\\/linienbusse\\\/download\\\/\",\"url\":\"https:\\\/\\\/albus.at\\\/de\\\/linienbusse\\\/download\\\/\",\"name\":\"Download Busfahrplan Salzburg: Buslinien & Tarife im \u00dcberblick | Albus\",\"isPartOf\":{\"@id\":\"https:\\\/\\\/albus.at\\\/en\\\/#website\"},\"datePublished\":\"2022-12-16T09:00:52+00:00\",\"dateModified\":\"2022-12-16T12:36:12+00:00\",\"description\":\"Du suchst einen Busfahrplan von Salzburg f\u00fcr unterwegs? Die Fahrplanauskunft von Albus gibt es als Download. \u25ba So findest du alle Buslinien auf einen Blick.\",\"breadcrumb\":{\"@id\":\"https:\\\/\\\/albus.at\\\/de\\\/linienbusse\\\/download\\\/#breadcrumb\"},\"inLanguage\":\"de\",\"potentialAction\":[{\"@type\":\"ReadAction\",\"target\":[\"https:\\\/\\\/albus.at\\\/de\\\/linienbusse\\\/download\\\/\"]}]},{\"@type\":\"BreadcrumbList\",\"@id\":\"https:\\\/\\\/albus.at\\\/de\\\/linienbusse\\\/download\\\/#breadcrumb\",\"itemListElement\":[{\"@type\":\"ListItem\",\"position\":1,\"name\":\"Startseite\",\"item\":\"https:\\\/\\\/albus.at\\\/de\\\/\"},{\"@type\":\"ListItem\",\"position\":2,\"name\":\"Linienbusse\",\"item\":\"https:\\\/\\\/albus.at\\\/de\\\/linienbusse\\\/\"},{\"@type\":\"ListItem\",\"position\":3,\"name\":\"Download\"}]},{\"@type\":\"WebSite\",\"@id\":\"https:\\\/\\\/albus.at\\\/en\\\/#website\",\"url\":\"https:\\\/\\\/albus.at\\\/en\\\/\",\"name\":\"Albus\",\"description\":\"\",\"publisher\":{\"@id\":\"https:\\\/\\\/albus.at\\\/en\\\/#organization\"},\"potentialAction\":[{\"@type\":\"SearchAction\",\"target\":{\"@type\":\"EntryPoint\",\"urlTemplate\":\"https:\\\/\\\/albus.at\\\/en\\\/?s={search_term_string}\"},\"query-input\":{\"@type\":\"PropertyValueSpecification\",\"valueRequired\":true,\"valueName\":\"search_term_string\"}}],\"inLanguage\":\"de\"},{\"@type\":\"Organization\",\"@id\":\"https:\\\/\\\/albus.at\\\/en\\\/#organization\",\"name\":\"Albus\",\"url\":\"https:\\\/\\\/albus.at\\\/en\\\/\",\"logo\":{\"@type\":\"ImageObject\",\"inLanguage\":\"de\",\"@id\":\"https:\\\/\\\/albus.at\\\/en\\\/#\\\/schema\\\/logo\\\/image\\\/\",\"url\":\"https:\\\/\\\/albus.at\\\/wp-content\\\/uploads\\\/2021\\\/08\\\/cropped-lg4-1-e1630057573669.png\",\"contentUrl\":\"https:\\\/\\\/albus.at\\\/wp-content\\\/uploads\\\/2021\\\/08\\\/cropped-lg4-1-e1630057573669.png\",\"width\":250,\"height\":58,\"caption\":\"Albus\"},\"image\":{\"@id\":\"https:\\\/\\\/albus.at\\\/en\\\/#\\\/schema\\\/logo\\\/image\\\/\"}}]}<\/script>\n<!-- \/ Yoast SEO plugin. -->","yoast_head_json":{"title":"Download Busfahrplan Salzburg: Buslinien & Tarife im \u00dcberblick | Albus","description":"Du suchst einen Busfahrplan von Salzburg f\u00fcr unterwegs? Die Fahrplanauskunft von Albus gibt es als Download. \u25ba So findest du alle Buslinien auf einen Blick.","robots":{"index":"index","follow":"follow","max-snippet":"max-snippet:-1","max-image-preview":"max-image-preview:large","max-video-preview":"max-video-preview:-1"},"canonical":"https:\/\/albus.at\/de\/linienbusse\/download\/","og_locale":"de_DE","og_type":"article","og_title":"Busfahrplan von Salzburg jetzt auch als Download","og_description":"Die Fahrplanauskunft von Salzburg mit allen Tickets und Tarifen gibt es auch f\u00fcr unterwegs. So findest du alle Buslinien auf einen Blick.","og_url":"https:\/\/albus.at\/de\/linienbusse\/download\/","og_site_name":"Albus","article_modified_time":"2022-12-16T12:36:12+00:00","twitter_card":"summary_large_image","twitter_misc":{"Gesch\u00e4tzte Lesezeit":"1\u00a0Minute"},"schema":{"@context":"https:\/\/schema.org","@graph":[{"@type":"WebPage","@id":"https:\/\/albus.at\/de\/linienbusse\/download\/","url":"https:\/\/albus.at\/de\/linienbusse\/download\/","name":"Download Busfahrplan Salzburg: Buslinien & Tarife im \u00dcberblick | Albus","isPartOf":{"@id":"https:\/\/albus.at\/en\/#website"},"datePublished":"2022-12-16T09:00:52+00:00","dateModified":"2022-12-16T12:36:12+00:00","description":"Du suchst einen Busfahrplan von Salzburg f\u00fcr unterwegs? Die Fahrplanauskunft von Albus gibt es als Download. \u25ba So findest du alle Buslinien auf einen Blick.","breadcrumb":{"@id":"https:\/\/albus.at\/de\/linienbusse\/download\/#breadcrumb"},"inLanguage":"de","potentialAction":[{"@type":"ReadAction","target":["https:\/\/albus.at\/de\/linienbusse\/download\/"]}]},{"@type":"BreadcrumbList","@id":"https:\/\/albus.at\/de\/linienbusse\/download\/#breadcrumb","itemListElement":[{"@type":"ListItem","position":1,"name":"Startseite","item":"https:\/\/albus.at\/de\/"},{"@type":"ListItem","position":2,"name":"Linienbusse","item":"https:\/\/albus.at\/de\/linienbusse\/"},{"@type":"ListItem","position":3,"name":"Download"}]},{"@type":"WebSite","@id":"https:\/\/albus.at\/en\/#website","url":"https:\/\/albus.at\/en\/","name":"Albus","description":"","publisher":{"@id":"https:\/\/albus.at\/en\/#organization"},"potentialAction":[{"@type":"SearchAction","target":{"@type":"EntryPoint","urlTemplate":"https:\/\/albus.at\/en\/?s={search_term_string}"},"query-input":{"@type":"PropertyValueSpecification","valueRequired":true,"valueName":"search_term_string"}}],"inLanguage":"de"},{"@type":"Organization","@id":"https:\/\/albus.at\/en\/#organization","name":"Albus","url":"https:\/\/albus.at\/en\/","logo":{"@type":"ImageObject","inLanguage":"de","@id":"https:\/\/albus.at\/en\/#\/schema\/logo\/image\/","url":"https:\/\/albus.at\/wp-content\/uploads\/2021\/08\/cropped-lg4-1-e1630057573669.png","contentUrl":"https:\/\/albus.at\/wp-content\/uploads\/2021\/08\/cropped-lg4-1-e1630057573669.png","width":250,"height":58,"caption":"Albus"},"image":{"@id":"https:\/\/albus.at\/en\/#\/schema\/logo\/image\/"}}]}},"_links":{"self":[{"href":"https:\/\/albus.at\/de\/wp-json\/wp\/v2\/pages\/1283","targetHints":{"allow":["GET"]}}],"collection":[{"href":"https:\/\/albus.at\/de\/wp-json\/wp\/v2\/pages"}],"about":[{"href":"https:\/\/albus.at\/de\/wp-json\/wp\/v2\/types\/page"}],"author":[{"embeddable":true,"href":"https:\/\/albus.at\/de\/wp-json\/wp\/v2\/users\/31"}],"replies":[{"embeddable":true,"href":"https:\/\/albus.at\/de\/wp-json\/wp\/v2\/comments?post=1283"}],"version-history":[{"count":84,"href":"https:\/\/albus.at\/de\/wp-json\/wp\/v2\/pages\/1283\/revisions"}],"predecessor-version":[{"id":5490,"href":"https:\/\/albus.at\/de\/wp-json\/wp\/v2\/pages\/1283\/revisions\/5490"}],"up":[{"embeddable":true,"href":"https:\/\/albus.at\/de\/wp-json\/wp\/v2\/pages\/1135"}],"wp:attachment":[{"href":"https:\/\/albus.at\/de\/wp-json\/wp\/v2\/media?parent=1283"}],"curies":[{"name":"wp","href":"https:\/\/api.w.org\/{rel}","templated":true}]}}