{"id":1135,"date":"2021-11-26T10:35:33","date_gmt":"2021-11-26T10:35:33","guid":{"rendered":"http:\/\/advertiser.sitecontrol.at\/albus\/?page_id=1135"},"modified":"2024-07-16T14:17:23","modified_gmt":"2024-07-16T12:17:23","slug":"linienbusse","status":"publish","type":"page","link":"https:\/\/albus.at\/de\/linienbusse\/","title":{"rendered":"Linienbusse"},"content":{"rendered":"<div id=\"pl-1135\"  class=\"panel-layout\" ><div id=\"pg-1135-0\"  class=\"panel-grid panel-no-style\" ><div id=\"pgc-1135-0-0\"  class=\"panel-grid-cell\" ><div id=\"panel-1135-0-0-0\" class=\"so-panel widget widget_dr-richard-page-header panel-first-child panel-last-child\" data-index=\"0\" ><div class=\"d-none d-md-block panel-widget-style panel-widget-style-for-1135-0-0-0\" ><div\n\t\t\t\n\t\t\tclass=\"so-widget-dr-richard-page-header so-widget-dr-richard-page-header-default-40cd750bba98-1135\"\n\t\t\t\n\t\t><div>\n    <div class=\"page-header-container\" style=\"background-image: linear-gradient(rgba(0, 0, 0, 0.3), rgba(0, 0, 0, 0.3)), url('https:\/\/albus.at\/wp-content\/uploads\/2022\/08\/Linienbus-in-Motion_c-Albus-Salzburg_M.-Scheer.jpg')\">\n        <div class=\"page-header-bottomleft\">\n            <h2><span>Fahrplanauskunft<\/span><\/h2>\n            <div class=\"page-header-description\"><p>Nutze unseren bequemen Routenplaner.<\/p>\n<\/div>\n        <\/div>\n    <\/div>\n<\/div><\/div><\/div><\/div><\/div><\/div><div id=\"pg-1135-1\"  class=\"panel-grid panel-has-style\" ><div class=\"panel-row-style panel-row-style-for-1135-1\" ><div id=\"pgc-1135-1-0\"  class=\"panel-grid-cell\" ><div id=\"panel-1135-1-0-0\" class=\"so-panel widget widget_sow-editor panel-first-child panel-last-child\" data-index=\"1\" ><div\n\t\t\t\n\t\t\tclass=\"so-widget-sow-editor so-widget-sow-editor-base\"\n\t\t\t\n\t\t>\n<div class=\"siteorigin-widget-tinymce textwidget\">\n\t<h1 style=\"text-align: center;\"><span style=\"color: #27c228;\">Fahrplanauskunft Salzburg<\/span><\/h1>\n<\/div>\n<\/div><\/div><\/div><\/div><\/div><div id=\"pg-1135-2\"  class=\"panel-grid panel-has-style\" ><div class=\"panel-row-style panel-row-style-for-1135-2\" ><div id=\"pgc-1135-2-0\"  class=\"panel-grid-cell\" ><div id=\"panel-1135-2-0-0\" class=\"so-panel widget widget_sow-editor panel-first-child panel-last-child\" data-index=\"2\" ><div\n\t\t\t\n\t\t\tclass=\"so-widget-sow-editor so-widget-sow-editor-base\"\n\t\t\t\n\t\t>\n<div class=\"siteorigin-widget-tinymce textwidget\">\n\t<p><span lang=\"DE-AT\">Mit unserer <strong>Fahrplanauskunft<\/strong> findest du s\u00e4mtliche f\u00fcr dich relevanten <strong>Buslinien und Tarife f\u00fcr Salzburg im Handumdrehen<\/strong>.<\/span><\/p>\n<p><span lang=\"DE-AT\">Um herauszufinden wieviel deine gew\u00fcnschte Fahrt kostet, gib einfach in das <strong>Formular<\/strong> die Strecke ein. Indem du auf \u201eberechnen\u201c klickst, werden dir die Preise f\u00fcr s\u00e4mtliche Ticketarten angezeigt.<\/span><\/p>\n<p><span lang=\"DE-AT\">Albus Salzburg liegen die <strong>g\u00fcltigen Tarife des Salzburger Verkehrsverbundes<\/strong> zugrunde, denn wir sind ein wichtiger Partner des Salzburger Verkehrsverbundes. <\/span><span lang=\"DE-AT\">Der Fahrpreis ergibt sich daraus, wie viele Tarifzonen du mit der jeweiligen Buslinie durchf\u00e4hrst, es handelt sich um einen sogenannten Zonentarif. Lediglich in der Stadt Salzburg gibt es einen eigenen Tarif (Kernzone Salzburg). Wochen-, Monats- und Jahreskarten* sind nur mehr als myRegio-Fahrkarten (1 Region, 2 Regionen, alle Regionen\/Bundesland Salzburg) erh\u00e4ltlich, *Jahreskarte = Klimaticket Salzburg (Bundesland Salzburg).\u00a0<\/span><\/p>\n<\/div>\n<\/div><\/div><\/div><div id=\"pgc-1135-2-1\"  class=\"panel-grid-cell\" ><div id=\"panel-1135-2-1-0\" class=\"widget_text so-panel widget widget_custom_html panel-first-child panel-last-child\" data-index=\"3\" ><div class=\"textwidget custom-html-widget\"><script type=\"text\/javascript\" src=\"https:\/\/fahrplan.salzburg-verkehr.at\/webapp\/staticfiles\/hafas-widget-core.1.0.0.js?L=vs_svv&\"><\/script>\n<div data-hfs-widget=\"true\" data-hfs-widget-switches-activetab=\"tp\" data-hfs-widget-tp=\"true\" data-hfs-widget-tp-postform=\"newtab\" data-hfs-widget-map=\"true\" data-hfs-widget-map-mapcontent=\"product:3|true@4|true@16|true@32|true@64|true@128|true@256|true@512|true@1024|true@2048|true\"><\/div><\/div><\/div><\/div><\/div><\/div><\/div>","protected":false},"excerpt":{"rendered":"<p>Fahrplanauskunft Salzburg<\/p>\n","protected":false},"author":31,"featured_media":0,"parent":0,"menu_order":0,"comment_status":"closed","ping_status":"closed","template":"","meta":{"footnotes":""},"class_list":["post-1135","page","type-page","status-publish","hentry"],"yoast_head":"<!-- This site is optimized with the Yoast SEO plugin v27.4 - https:\/\/yoast.com\/product\/yoast-seo-wordpress\/ -->\n<title>Busfahrplan Salzburg \u00bb Alle Buslinien auf einen Blick | Albus<\/title>\n<meta name=\"description\" content=\"Du suchst einen Bus in Salzburg? \u27a4 Mit der Fahrplanauskunft von Albus findest du alle relevanten Buslinien und Fahrpl\u00e4ne im Handumdrehen.\" \/>\n<meta name=\"robots\" content=\"index, follow, max-snippet:-1, max-image-preview:large, max-video-preview:-1\" \/>\n<link rel=\"canonical\" href=\"https:\/\/albus.at\/de\/linienbusse\/\" \/>\n<meta property=\"og:locale\" content=\"de_DE\" \/>\n<meta property=\"og:type\" content=\"article\" \/>\n<meta property=\"og:title\" content=\"Buslinien und Tarife in Salzburg auf einen Blick\" \/>\n<meta property=\"og:description\" content=\"Alle relevanten Buslinien in Salzburg sowie aktuelle Tarife und Tickets gibt es im Handumdrehen mit dem Busfahrplan von Albus.\" \/>\n<meta property=\"og:url\" content=\"https:\/\/albus.at\/de\/linienbusse\/\" \/>\n<meta property=\"og:site_name\" content=\"Albus\" \/>\n<meta property=\"article:modified_time\" content=\"2024-07-16T12:17:23+00:00\" \/>\n<meta name=\"twitter:card\" content=\"summary_large_image\" \/>\n<meta name=\"twitter:label1\" content=\"Gesch\u00e4tzte Lesezeit\" \/>\n\t<meta name=\"twitter:data1\" content=\"1\u00a0Minute\" \/>\n<script type=\"application\/ld+json\" class=\"yoast-schema-graph\">{\"@context\":\"https:\\\/\\\/schema.org\",\"@graph\":[{\"@type\":\"WebPage\",\"@id\":\"https:\\\/\\\/albus.at\\\/de\\\/linienbusse\\\/\",\"url\":\"https:\\\/\\\/albus.at\\\/de\\\/linienbusse\\\/\",\"name\":\"Busfahrplan Salzburg \u00bb Alle Buslinien auf einen Blick | Albus\",\"isPartOf\":{\"@id\":\"https:\\\/\\\/albus.at\\\/en\\\/#website\"},\"datePublished\":\"2021-11-26T10:35:33+00:00\",\"dateModified\":\"2024-07-16T12:17:23+00:00\",\"description\":\"Du suchst einen Bus in Salzburg? \u27a4 Mit der Fahrplanauskunft von Albus findest du alle relevanten Buslinien und Fahrpl\u00e4ne im Handumdrehen.\",\"breadcrumb\":{\"@id\":\"https:\\\/\\\/albus.at\\\/de\\\/linienbusse\\\/#breadcrumb\"},\"inLanguage\":\"de\",\"potentialAction\":[{\"@type\":\"ReadAction\",\"target\":[\"https:\\\/\\\/albus.at\\\/de\\\/linienbusse\\\/\"]}]},{\"@type\":\"BreadcrumbList\",\"@id\":\"https:\\\/\\\/albus.at\\\/de\\\/linienbusse\\\/#breadcrumb\",\"itemListElement\":[{\"@type\":\"ListItem\",\"position\":1,\"name\":\"Startseite\",\"item\":\"https:\\\/\\\/albus.at\\\/de\\\/\"},{\"@type\":\"ListItem\",\"position\":2,\"name\":\"Linienbusse\"}]},{\"@type\":\"WebSite\",\"@id\":\"https:\\\/\\\/albus.at\\\/en\\\/#website\",\"url\":\"https:\\\/\\\/albus.at\\\/en\\\/\",\"name\":\"Albus\",\"description\":\"\",\"publisher\":{\"@id\":\"https:\\\/\\\/albus.at\\\/en\\\/#organization\"},\"potentialAction\":[{\"@type\":\"SearchAction\",\"target\":{\"@type\":\"EntryPoint\",\"urlTemplate\":\"https:\\\/\\\/albus.at\\\/en\\\/?s={search_term_string}\"},\"query-input\":{\"@type\":\"PropertyValueSpecification\",\"valueRequired\":true,\"valueName\":\"search_term_string\"}}],\"inLanguage\":\"de\"},{\"@type\":\"Organization\",\"@id\":\"https:\\\/\\\/albus.at\\\/en\\\/#organization\",\"name\":\"Albus\",\"url\":\"https:\\\/\\\/albus.at\\\/en\\\/\",\"logo\":{\"@type\":\"ImageObject\",\"inLanguage\":\"de\",\"@id\":\"https:\\\/\\\/albus.at\\\/en\\\/#\\\/schema\\\/logo\\\/image\\\/\",\"url\":\"https:\\\/\\\/albus.at\\\/wp-content\\\/uploads\\\/2021\\\/08\\\/cropped-lg4-1-e1630057573669.png\",\"contentUrl\":\"https:\\\/\\\/albus.at\\\/wp-content\\\/uploads\\\/2021\\\/08\\\/cropped-lg4-1-e1630057573669.png\",\"width\":250,\"height\":58,\"caption\":\"Albus\"},\"image\":{\"@id\":\"https:\\\/\\\/albus.at\\\/en\\\/#\\\/schema\\\/logo\\\/image\\\/\"}}]}<\/script>\n<!-- \/ Yoast SEO plugin. -->","yoast_head_json":{"title":"Busfahrplan Salzburg \u00bb Alle Buslinien auf einen Blick | Albus","description":"Du suchst einen Bus in Salzburg? \u27a4 Mit der Fahrplanauskunft von Albus findest du alle relevanten Buslinien und Fahrpl\u00e4ne im Handumdrehen.","robots":{"index":"index","follow":"follow","max-snippet":"max-snippet:-1","max-image-preview":"max-image-preview:large","max-video-preview":"max-video-preview:-1"},"canonical":"https:\/\/albus.at\/de\/linienbusse\/","og_locale":"de_DE","og_type":"article","og_title":"Buslinien und Tarife in Salzburg auf einen Blick","og_description":"Alle relevanten Buslinien in Salzburg sowie aktuelle Tarife und Tickets gibt es im Handumdrehen mit dem Busfahrplan von Albus.","og_url":"https:\/\/albus.at\/de\/linienbusse\/","og_site_name":"Albus","article_modified_time":"2024-07-16T12:17:23+00:00","twitter_card":"summary_large_image","twitter_misc":{"Gesch\u00e4tzte Lesezeit":"1\u00a0Minute"},"schema":{"@context":"https:\/\/schema.org","@graph":[{"@type":"WebPage","@id":"https:\/\/albus.at\/de\/linienbusse\/","url":"https:\/\/albus.at\/de\/linienbusse\/","name":"Busfahrplan Salzburg \u00bb Alle Buslinien auf einen Blick | Albus","isPartOf":{"@id":"https:\/\/albus.at\/en\/#website"},"datePublished":"2021-11-26T10:35:33+00:00","dateModified":"2024-07-16T12:17:23+00:00","description":"Du suchst einen Bus in Salzburg? \u27a4 Mit der Fahrplanauskunft von Albus findest du alle relevanten Buslinien und Fahrpl\u00e4ne im Handumdrehen.","breadcrumb":{"@id":"https:\/\/albus.at\/de\/linienbusse\/#breadcrumb"},"inLanguage":"de","potentialAction":[{"@type":"ReadAction","target":["https:\/\/albus.at\/de\/linienbusse\/"]}]},{"@type":"BreadcrumbList","@id":"https:\/\/albus.at\/de\/linienbusse\/#breadcrumb","itemListElement":[{"@type":"ListItem","position":1,"name":"Startseite","item":"https:\/\/albus.at\/de\/"},{"@type":"ListItem","position":2,"name":"Linienbusse"}]},{"@type":"WebSite","@id":"https:\/\/albus.at\/en\/#website","url":"https:\/\/albus.at\/en\/","name":"Albus","description":"","publisher":{"@id":"https:\/\/albus.at\/en\/#organization"},"potentialAction":[{"@type":"SearchAction","target":{"@type":"EntryPoint","urlTemplate":"https:\/\/albus.at\/en\/?s={search_term_string}"},"query-input":{"@type":"PropertyValueSpecification","valueRequired":true,"valueName":"search_term_string"}}],"inLanguage":"de"},{"@type":"Organization","@id":"https:\/\/albus.at\/en\/#organization","name":"Albus","url":"https:\/\/albus.at\/en\/","logo":{"@type":"ImageObject","inLanguage":"de","@id":"https:\/\/albus.at\/en\/#\/schema\/logo\/image\/","url":"https:\/\/albus.at\/wp-content\/uploads\/2021\/08\/cropped-lg4-1-e1630057573669.png","contentUrl":"https:\/\/albus.at\/wp-content\/uploads\/2021\/08\/cropped-lg4-1-e1630057573669.png","width":250,"height":58,"caption":"Albus"},"image":{"@id":"https:\/\/albus.at\/en\/#\/schema\/logo\/image\/"}}]}},"_links":{"self":[{"href":"https:\/\/albus.at\/de\/wp-json\/wp\/v2\/pages\/1135","targetHints":{"allow":["GET"]}}],"collection":[{"href":"https:\/\/albus.at\/de\/wp-json\/wp\/v2\/pages"}],"about":[{"href":"https:\/\/albus.at\/de\/wp-json\/wp\/v2\/types\/page"}],"author":[{"embeddable":true,"href":"https:\/\/albus.at\/de\/wp-json\/wp\/v2\/users\/31"}],"replies":[{"embeddable":true,"href":"https:\/\/albus.at\/de\/wp-json\/wp\/v2\/comments?post=1135"}],"version-history":[{"count":93,"href":"https:\/\/albus.at\/de\/wp-json\/wp\/v2\/pages\/1135\/revisions"}],"predecessor-version":[{"id":6624,"href":"https:\/\/albus.at\/de\/wp-json\/wp\/v2\/pages\/1135\/revisions\/6624"}],"wp:attachment":[{"href":"https:\/\/albus.at\/de\/wp-json\/wp\/v2\/media?parent=1135"}],"curies":[{"name":"wp","href":"https:\/\/api.w.org\/{rel}","templated":true}]}}